{"id":48062,"date":"2025-04-22T11:31:25","date_gmt":"2025-04-22T11:31:25","guid":{"rendered":"https:\/\/www.flytiersworld.it\/?post_type=product&#038;p=48062"},"modified":"2026-02-26T14:43:40","modified_gmt":"2026-02-26T14:43:40","slug":"tiemco_112y","status":"publish","type":"product","link":"https:\/\/www.flytiersworld.it\/en\/shop\/costruzione\/prodotti-per-la-costruzione\/ami\/tiemco_112y\/","title":{"rendered":"TIEMCO 112Y"},"content":{"rendered":"<p>Gli ami Tiemco in breve tempo sono diventati dei \u201cclassici\u201d per il \u201cFlytier\u201d. L\u2019acciaio con cui sono costruiti \u00e8 della massima qualit\u00e0, le rifiniture sono lisce e durevoli, ogni occhiello \u00e8 perfettamente chiuso e senza spigoli. L\u2019ardiglione \u00e8 piccolo per permettere rapide ferrate e poi facili slamature. Sono tutti affilati chimicamente. Ottimo per la costruzione di chironomi per la pesca del lavarello!<\/p>\n<p>Sono confezionati in scatole da 20 pezzi<\/p>\n<p><strong>TMC112 Y<\/strong>: Dry Fly, D\/E, 4XF, 2XW, 2.5XS, Forged, Black Nickel.<\/p>","protected":false},"excerpt":{"rendered":"<p>Gli ami Tiemco in breve tempo sono diventati dei \u201cclassici\u201d per il \u201cFlytier\u201d. L\u2019acciaio con cui sono costruiti \u00e8 della massima qualit\u00e0, le rifiniture sono lisce e durevoli, ogni occhiello \u00e8 perfettamente chiuso e senza spigoli. L\u2019ardiglione \u00e8 piccolo per permettere rapide ferrate e poi facili slamature. Sono tutti affilati chimicamente. Ottimo per la costruzione [&hellip;]<\/p>\n","protected":false},"featured_media":48064,"comment_status":"open","ping_status":"closed","template":"","meta":[],"product_brand":[],"product_cat":[3724,3864,3849,3741],"product_tag":[],"class_list":{"0":"post-48062","1":"product","2":"type-product","3":"status-publish","4":"has-post-thumbnail","6":"product_cat-ami","7":"product_cat-ami-coregone","8":"product_cat-coregone","9":"product_cat-ami-trota-temolo","10":"pa_brand-tiemco","11":"pa_misure-ami-5592","13":"first","14":"instock","15":"shipping-taxable","16":"purchasable","17":"product-type-variable"},"_links":{"self":[{"href":"https:\/\/www.flytiersworld.it\/en\/wp-json\/wp\/v2\/product\/48062","targetHints":{"allow":["GET"]}}],"collection":[{"href":"https:\/\/www.flytiersworld.it\/en\/wp-json\/wp\/v2\/product"}],"about":[{"href":"https:\/\/www.flytiersworld.it\/en\/wp-json\/wp\/v2\/types\/product"}],"replies":[{"embeddable":true,"href":"https:\/\/www.flytiersworld.it\/en\/wp-json\/wp\/v2\/comments?post=48062"}],"wp:featuredmedia":[{"embeddable":true,"href":"https:\/\/www.flytiersworld.it\/en\/wp-json\/wp\/v2\/media\/48064"}],"wp:attachment":[{"href":"https:\/\/www.flytiersworld.it\/en\/wp-json\/wp\/v2\/media?parent=48062"}],"wp:term":[{"taxonomy":"product_brand","embeddable":true,"href":"https:\/\/www.flytiersworld.it\/en\/wp-json\/wp\/v2\/product_brand?post=48062"},{"taxonomy":"product_cat","embeddable":true,"href":"https:\/\/www.flytiersworld.it\/en\/wp-json\/wp\/v2\/product_cat?post=48062"},{"taxonomy":"product_tag","embeddable":true,"href":"https:\/\/www.flytiersworld.it\/en\/wp-json\/wp\/v2\/product_tag?post=48062"}],"curies":[{"name":"wp","href":"https:\/\/api.w.org\/{rel}","templated":true}]}}