{"id":34757,"date":"2024-07-19T15:28:52","date_gmt":"2024-07-19T15:28:52","guid":{"rendered":"http:\/\/www.flytiersworld.it\/?product=loomis-franklin-adr"},"modified":"2025-12-07T22:30:10","modified_gmt":"2025-12-07T22:30:10","slug":"loomis-franklin-adr","status":"publish","type":"product","link":"https:\/\/www.flytiersworld.it\/en\/shop\/canne-mulinelli\/mulinelli\/loomisfranklin-mulinelli\/loomis-franklin-adr\/","title":{"rendered":"LOOMIS &amp; FRANKLIN ADR"},"content":{"rendered":"<p>Dedicato a chi desidera affrontare le prime esperienze nel mondo della mosca con attrezzi di qualit\u00e0, ma senza investire una fortuna, \u00e8 comunque in grado di assecondare lo stile di lancio di chi ha gi\u00e0 una certa esperienza. La struttura in alluminio offre un buon equilibrio fra resistenza e leggerezza, mentre la bobina \u00e8 caratterizzata dall&#8217;irrinunciabile gola a diametro maggiorato (large harbor).<\/p>\n<ul>\n<li>Realizzato in lega di alluminio pressofuso di alta qualit\u00e0 e leg-gerezza, forgiato a freddo e temperato per ottenere superiori<\/li>\n<li>livelli di rigidit\u00e0 e resistenza<\/li>\n<li>Telaio superleggero, con sistema di cambio rapido della bobina<\/li>\n<li>Facile convertibilit\u00e0 del recupero destro-sinistro<\/li>\n<li>Bobina sovradimensionata per un&#8217;elevata velocit\u00e0 di recupero<\/li>\n<li>Bobina profonda con superiore capacit\u00e0 di backing<\/li>\n<li>Pomello frizione sporgente per una presa immediata<\/li>\n<li>Avanzato sistema frenante a disco per una maggiore potenza di arresto<\/li>\n<li>Custodia protettiva in tessuto<\/li>\n<\/ul>","protected":false},"excerpt":{"rendered":"<p>Dedicato a chi desidera affrontare le prime esperienze nel mondo della mosca con attrezzi di qualit\u00e0, ma senza investire una fortuna, \u00e8 comunque in grado di assecondare lo stile di lancio di chi ha gi\u00e0 una certa esperienza. La struttura in alluminio offre un buon equilibrio fra resistenza e leggerezza, mentre la bobina \u00e8 caratterizzata [&hellip;]<\/p>\n","protected":false},"featured_media":34758,"comment_status":"open","ping_status":"closed","template":"","meta":[],"product_brand":[],"product_cat":[3829,3836,3831],"product_tag":[],"class_list":{"0":"post-34757","1":"product","2":"type-product","3":"status-publish","4":"has-post-thumbnail","6":"product_cat-canne-mulinelli","7":"product_cat-loomisfranklin-mulinelli","8":"product_cat-mulinelli","9":"product_shipping_class-voluminoso-solo-con-corriere","10":"pa_brand-loomis-franklin","11":"pa_versioni-mulinelli-6407","12":"pa_versioni-mulinelli-5124","13":"pa_versioni-mulinelli-5125","14":"pa_versioni-mulinelli-5123","16":"first","17":"instock","18":"featured","19":"shipping-taxable","20":"purchasable","21":"product-type-variable"},"_links":{"self":[{"href":"https:\/\/www.flytiersworld.it\/en\/wp-json\/wp\/v2\/product\/34757","targetHints":{"allow":["GET"]}}],"collection":[{"href":"https:\/\/www.flytiersworld.it\/en\/wp-json\/wp\/v2\/product"}],"about":[{"href":"https:\/\/www.flytiersworld.it\/en\/wp-json\/wp\/v2\/types\/product"}],"replies":[{"embeddable":true,"href":"https:\/\/www.flytiersworld.it\/en\/wp-json\/wp\/v2\/comments?post=34757"}],"wp:featuredmedia":[{"embeddable":true,"href":"https:\/\/www.flytiersworld.it\/en\/wp-json\/wp\/v2\/media\/34758"}],"wp:attachment":[{"href":"https:\/\/www.flytiersworld.it\/en\/wp-json\/wp\/v2\/media?parent=34757"}],"wp:term":[{"taxonomy":"product_brand","embeddable":true,"href":"https:\/\/www.flytiersworld.it\/en\/wp-json\/wp\/v2\/product_brand?post=34757"},{"taxonomy":"product_cat","embeddable":true,"href":"https:\/\/www.flytiersworld.it\/en\/wp-json\/wp\/v2\/product_cat?post=34757"},{"taxonomy":"product_tag","embeddable":true,"href":"https:\/\/www.flytiersworld.it\/en\/wp-json\/wp\/v2\/product_tag?post=34757"}],"curies":[{"name":"wp","href":"https:\/\/api.w.org\/{rel}","templated":true}]}}