{"id":34613,"date":"2024-05-09T14:03:30","date_gmt":"2024-05-09T14:03:30","guid":{"rendered":"http:\/\/www.flytiersworld.it\/?product=greys-titan-breathable"},"modified":"2026-04-07T14:04:06","modified_gmt":"2026-04-07T14:04:06","slug":"greys-titan-breathable","status":"publish","type":"product","link":"https:\/\/www.flytiersworld.it\/en\/shop\/waders-scarponi\/waders\/greys-titan-breathable\/","title":{"rendered":"GREYS TITAN BREATHABLE"},"content":{"rendered":"<p>I waders Greys Tital sono il modello top di gamma della serie. Sono dotati di un taglio articolato, che offre la migliore mobilit\u00e0 dell&#8217;intera collezione Greys. Ci\u00f2 ti consente di accovacciarti con facilit\u00e0, camminare molto comodamente e crea anche un waders con meno punti di stress, che alla fine ne aumenta la durata complessiva. Sotto la tasca sul petto c&#8217;\u00e8 una calda fodera in pile, perfetta come scaldamani durante le giornate pi\u00f9 fredde. L&#8217;ampia tasca frontale \u00e8 perfetta per riporre una scatola porta mosche, mentre la tasca estraibile pu\u00f2 ospitare il telefono in tutta sicurezza all&#8217;interno dei wader. Sono inoltre dotati di piccole tasche per riporre i materiali da terminali, costruzione delle mosche o i tagliafili. L&#8217;ampia gamma di taglie disponibili ti rende pi\u00f9 facile trovare il wader perfetto che si adatta al tuo tipo di corpo. Taglio articolato per massima mobilit\u00e0 Versione Stocking foot con calza in neoprene da 4,5 mm Ampia tasca frontale per riporre le scatole porta mosche Bretelle regolabili Tasca estraibile Membrana da 20.000 mm Include cintura in neoprene<\/p>\n<h4><span style=\"color: #ff0000;\"><strong>PRODUCT ON ORDER DELIVERY IN 10\/15 DAYS<\/strong><\/span><\/h4>\n<h4><span style=\"color: #ff0000;\"><strong>N.B. SOME SIZES MAY BE IN STOCK, YOU WILL FIND THE QUANTITY AVAILABLE WHEN YOU MAKE YOUR CHOICE.<\/strong><\/span><\/h4>\n<p><img decoding=\"async\" src=\"http:\/\/www.flytiersworld.it\/wp-content\/uploads\/images\/Purefishing\/Greys\/TITAL_chart.jpg\" alt=\"\" title=\"\"><\/p>","protected":false},"excerpt":{"rendered":"<h6><span style=\"color: #ff0000;\"><strong>PRODUCT ON ORDER DELIVERY IN 10\/15 DAYS<\/strong><\/span><\/h6>\n<h6><span style=\"color: #ff0000;\"><strong>N.B. SOME SIZES MAY BE IN STOCK, YOU WILL FIND THE QUANTITY AVAILABLE WHEN YOU MAKE YOUR CHOICE.<\/strong><\/span><\/h6>","protected":false},"featured_media":34614,"comment_status":"open","ping_status":"closed","template":"","meta":[],"product_brand":[],"product_cat":[3775,3774],"product_tag":[3924],"class_list":{"0":"post-34613","1":"product","2":"type-product","3":"status-publish","4":"has-post-thumbnail","6":"product_cat-waders","7":"product_cat-waders-scarponi","8":"product_tag-pesca-a-mosca","9":"pa_brand-greys","10":"pa_misure-waders-e-scarpe-l-4244","11":"pa_misure-waders-e-scarpe-l-4547","12":"pa_misure-waders-e-scarpe-ll-4547","13":"pa_misure-waders-e-scarpe-ls-4244","14":"pa_misure-waders-e-scarpe-m-4244","15":"pa_misure-waders-e-scarpe-ml-4244","16":"pa_misure-waders-e-scarpe-xl-4547","17":"pa_misure-waders-e-scarpe-xll-4547","18":"pa_misure-waders-e-scarpe-xls-4547","19":"pa_misure-waders-e-scarpe-xxl-4547","20":"pa_misure-waders-e-scarpe-xxls-4547","22":"first","23":"instock","24":"shipping-taxable","25":"purchasable","26":"product-type-variable"},"_links":{"self":[{"href":"https:\/\/www.flytiersworld.it\/en\/wp-json\/wp\/v2\/product\/34613","targetHints":{"allow":["GET"]}}],"collection":[{"href":"https:\/\/www.flytiersworld.it\/en\/wp-json\/wp\/v2\/product"}],"about":[{"href":"https:\/\/www.flytiersworld.it\/en\/wp-json\/wp\/v2\/types\/product"}],"replies":[{"embeddable":true,"href":"https:\/\/www.flytiersworld.it\/en\/wp-json\/wp\/v2\/comments?post=34613"}],"wp:featuredmedia":[{"embeddable":true,"href":"https:\/\/www.flytiersworld.it\/en\/wp-json\/wp\/v2\/media\/34614"}],"wp:attachment":[{"href":"https:\/\/www.flytiersworld.it\/en\/wp-json\/wp\/v2\/media?parent=34613"}],"wp:term":[{"taxonomy":"product_brand","embeddable":true,"href":"https:\/\/www.flytiersworld.it\/en\/wp-json\/wp\/v2\/product_brand?post=34613"},{"taxonomy":"product_cat","embeddable":true,"href":"https:\/\/www.flytiersworld.it\/en\/wp-json\/wp\/v2\/product_cat?post=34613"},{"taxonomy":"product_tag","embeddable":true,"href":"https:\/\/www.flytiersworld.it\/en\/wp-json\/wp\/v2\/product_tag?post=34613"}],"curies":[{"name":"wp","href":"https:\/\/api.w.org\/{rel}","templated":true}]}}