{"id":34541,"date":"2024-05-08T13:13:59","date_gmt":"2024-05-08T13:13:59","guid":{"rendered":"http:\/\/www.flytiersworld.it\/?product=hends-flexi-floss"},"modified":"2026-02-01T20:59:42","modified_gmt":"2026-02-01T20:59:42","slug":"hends-flexi-floss","status":"publish","type":"product","link":"https:\/\/www.flytiersworld.it\/en\/shop\/costruzione\/prodotti-per-la-costruzione\/filati-tinsel\/bobine\/hends-flexi-floss\/","title":{"rendered":"HENDS FLEXI FLOSS"},"content":{"rendered":"<p>Materiale molto elastico, adatto per la realizzazione di corpi di ninfe, chironomi e zampe di stimulator. Pu\u00f2 essere utilizzato per mosche molto piccole cos\u00ec come per mosche pi\u00f9 grandi tirando meno l&#8217;elastico.<\/p>","protected":false},"excerpt":{"rendered":"<p>Materiale molto elastico, adatto per la realizzazione di corpi di ninfe, chironomi e zampe di stimulator. Pu\u00f2 essere utilizzato per mosche molto piccole cos\u00ec come per mosche pi\u00f9 grandi tirando meno l&#8217;elastico.<\/p>","protected":false},"featured_media":34542,"comment_status":"open","ping_status":"closed","template":"","meta":[],"product_brand":[],"product_cat":[3894,3727,3849,3866,3715],"product_tag":[3924],"class_list":{"0":"post-34541","1":"product","2":"type-product","3":"status-publish","4":"has-post-thumbnail","6":"product_cat-bobine","7":"product_cat-filati-tinsel","8":"product_cat-coregone","9":"product_cat-costruzione-mosche-coregone","10":"product_cat-prodotti-per-la-costruzione","11":"product_tag-pesca-a-mosca","12":"pa_brand-hends","13":"pa_colore-tinsel-e-filamenti-ff-black","14":"pa_colore-tinsel-e-filamenti-ff-brown","15":"pa_colore-tinsel-e-filamenti-ff-dark-olive","16":"pa_colore-tinsel-e-filamenti-ff-grey-dark-brown","17":"pa_colore-tinsel-e-filamenti-ff-light-olive","18":"pa_colore-tinsel-e-filamenti-ff-ocra","19":"pa_colore-tinsel-e-filamenti-ff-olive-brown","20":"pa_colore-tinsel-e-filamenti-ff-rusty-brown","21":"pa_colore-tinsel-e-filamenti-ff-white","23":"first","24":"instock","25":"shipping-taxable","26":"purchasable","27":"product-type-variable"},"_links":{"self":[{"href":"https:\/\/www.flytiersworld.it\/en\/wp-json\/wp\/v2\/product\/34541","targetHints":{"allow":["GET"]}}],"collection":[{"href":"https:\/\/www.flytiersworld.it\/en\/wp-json\/wp\/v2\/product"}],"about":[{"href":"https:\/\/www.flytiersworld.it\/en\/wp-json\/wp\/v2\/types\/product"}],"replies":[{"embeddable":true,"href":"https:\/\/www.flytiersworld.it\/en\/wp-json\/wp\/v2\/comments?post=34541"}],"wp:featuredmedia":[{"embeddable":true,"href":"https:\/\/www.flytiersworld.it\/en\/wp-json\/wp\/v2\/media\/34542"}],"wp:attachment":[{"href":"https:\/\/www.flytiersworld.it\/en\/wp-json\/wp\/v2\/media?parent=34541"}],"wp:term":[{"taxonomy":"product_brand","embeddable":true,"href":"https:\/\/www.flytiersworld.it\/en\/wp-json\/wp\/v2\/product_brand?post=34541"},{"taxonomy":"product_cat","embeddable":true,"href":"https:\/\/www.flytiersworld.it\/en\/wp-json\/wp\/v2\/product_cat?post=34541"},{"taxonomy":"product_tag","embeddable":true,"href":"https:\/\/www.flytiersworld.it\/en\/wp-json\/wp\/v2\/product_tag?post=34541"}],"curies":[{"name":"wp","href":"https:\/\/api.w.org\/{rel}","templated":true}]}}