{"id":34481,"date":"2024-04-11T16:06:39","date_gmt":"2024-04-11T16:06:39","guid":{"rendered":"http:\/\/www.flytiersworld.it\/?product=euro-nymph-rollers-airflo"},"modified":"2025-02-14T08:45:37","modified_gmt":"2025-02-14T08:45:37","slug":"euro-nymph-rollers-airflo","status":"publish","type":"product","link":"https:\/\/www.flytiersworld.it\/en\/shop\/code-monofili-backing\/code-di-topo\/code-canna-una-mano\/code-fiume\/euro-nymph-rollers-airflo\/","title":{"rendered":"EURO NYMPH ROLLERS AIRFLO"},"content":{"rendered":"<p>These Euro Nymph Rollers are perfectly designed to add more movement to your flies as the fly on the arm is not 'fixed' in place as it would be if knotted directly to your leader. They also make changing droppers\/rigs extremely easy as they can be prepared at home. By using one of our Euro Nymph Rollers you will also reduce the number of breaks you have, the Roller is designed to move around your leader up\/down to a stop knot, so the droppers will be stronger in the ferrata and fish escapes. They can be used for both river and lake fishing.<\/p>","protected":false},"excerpt":{"rendered":"<p>Questi Euro Nymph Rollers sono perfettamente progettati per aggiungere pi\u00f9 movimento alle tue mosche poich\u00e9 la mosca sul bracciolo non \u00e8 &#8220;fissata&#8221; in posizione come lo sarebbe se annodato direttamente al tuo leader. Rendono inoltre estremamente semplice il cambio dei dropper\/rig in quanto possono essere preparati a casa. Utilizzando uno dei nostri Euro Nymph Roller [&hellip;]<\/p>\n","protected":false},"featured_media":34482,"comment_status":"open","ping_status":"closed","template":"","meta":[],"product_brand":[],"product_cat":[3870,3869,3848,3885,3877,3884,3875,3876],"product_tag":[7159],"class_list":{"0":"post-34481","1":"product","2":"type-product","3":"status-publish","4":"has-post-thumbnail","6":"product_cat-code-canna-una-mano","7":"product_cat-code-di-topo","8":"product_cat-code-monofili-backing","9":"product_cat-code-fiume","10":"product_cat-fluorocarbon","11":"product_cat-code-lago","12":"product_cat-monofili","13":"product_cat-nylon","14":"product_tag-pesca-a-ninfa","15":"pa_brand-air-flo","17":"first","18":"instock","19":"shipping-taxable","20":"purchasable","21":"product-type-simple"},"_links":{"self":[{"href":"https:\/\/www.flytiersworld.it\/en\/wp-json\/wp\/v2\/product\/34481","targetHints":{"allow":["GET"]}}],"collection":[{"href":"https:\/\/www.flytiersworld.it\/en\/wp-json\/wp\/v2\/product"}],"about":[{"href":"https:\/\/www.flytiersworld.it\/en\/wp-json\/wp\/v2\/types\/product"}],"replies":[{"embeddable":true,"href":"https:\/\/www.flytiersworld.it\/en\/wp-json\/wp\/v2\/comments?post=34481"}],"wp:featuredmedia":[{"embeddable":true,"href":"https:\/\/www.flytiersworld.it\/en\/wp-json\/wp\/v2\/media\/34482"}],"wp:attachment":[{"href":"https:\/\/www.flytiersworld.it\/en\/wp-json\/wp\/v2\/media?parent=34481"}],"wp:term":[{"taxonomy":"product_brand","embeddable":true,"href":"https:\/\/www.flytiersworld.it\/en\/wp-json\/wp\/v2\/product_brand?post=34481"},{"taxonomy":"product_cat","embeddable":true,"href":"https:\/\/www.flytiersworld.it\/en\/wp-json\/wp\/v2\/product_cat?post=34481"},{"taxonomy":"product_tag","embeddable":true,"href":"https:\/\/www.flytiersworld.it\/en\/wp-json\/wp\/v2\/product_tag?post=34481"}],"curies":[{"name":"wp","href":"https:\/\/api.w.org\/{rel}","templated":true}]}}