{"id":34270,"date":"2024-01-16T12:30:59","date_gmt":"2024-01-16T12:30:59","guid":{"rendered":"http:\/\/www.flytiersworld.it\/?product=greys-titan-wading-jacket"},"modified":"2026-04-07T14:05:22","modified_gmt":"2026-04-07T14:05:22","slug":"greys-titan-wading-jacket","status":"publish","type":"product","link":"https:\/\/www.flytiersworld.it\/en\/shop\/abbigliamento-tecnico\/giacche-e-gilet\/greys-titan-wading-jacket\/","title":{"rendered":"GREYS TITAN WADING JACKET"},"content":{"rendered":"<p>La giacca da wading Greys Tital \u00e8 il modello top di gamma che offre il massimo in termini di protezione dagli agenti atmosferici e caratteristiche. La membrana da 15.000 mm \u00e8 la migliore membrana dell&#8217;intera gamma Greys e offre una grande impermeabilit\u00e0 e un&#8217;altissima traspirabilit\u00e0 di 5.000 MVP. Il nylon Oxford 160D a tre strati offre la perfetta combinazione di durata e comfort. La giacca ospita due grandi tasche sul petto con patta e due tasche verticali per i materiali o gli strumenti del leader. Il punto di attacco per gli attrezzi della tasca sul petto \u00e8 perfetto per attaccare la pinza di slamatura quando non in uso. La manica del polsino \u00e8 una soluzione perfetta per impedire al vento di salire sul braccio. Sul retro troverai una grande tasca sul petto con fori di drenaggio per quando stai guadando in profondit\u00e0. Giubbino Oxford in nylon a tre strati Membrana da 15.000 mm per la massima impermeabilit\u00e0 5.000 MVP di traspirabilit\u00e0. Rivestimento in teflon per un&#8217;eccellente idrorepellenza Due ampie tasche sul petto Due tasche verticali sul petto con cerniera Tasche scaldamani con fodera in pile Anello a D sul retro per il fissaggio della rete Punto di attacco dell&#8217;attrezzo sul petto Ampio taschino con fori di drenaggio Polsino per una migliore protezione dagli agenti atmosferici Cappuccio regolabile Fodera in pile al collo <img decoding=\"async\" src=\"http:\/\/www.flytiersworld.it\/wp-content\/uploads\/shop\/image\/catalog\/greys-giacca-titan-8.png\" alt=\"\" title=\"\"> \u00a0<\/p>","protected":false},"excerpt":{"rendered":"<p><!--StartFragment --><\/p>\n<p><span class=\"cf0\">\ud83d\udce6 <\/span><\/p>\n<p><!--EndFragment --><\/p>\n<p><span style=\"color: #ff0000;\"><strong>AVAILABLE IN 5-10 DAYS<\/strong><\/span><\/p>","protected":false},"featured_media":34271,"comment_status":"open","ping_status":"closed","template":"","meta":[],"product_brand":[],"product_cat":[3723,3893],"product_tag":[3924],"class_list":{"0":"post-34270","1":"product","2":"type-product","3":"status-publish","4":"has-post-thumbnail","6":"product_cat-abbigliamento-tecnico","7":"product_cat-giacche-e-gilet","8":"product_tag-pesca-a-mosca","9":"pa_brand-greys","10":"pa_misure-abbigliamento-l","11":"pa_misure-abbigliamento-m","12":"pa_misure-abbigliamento-s","13":"pa_misure-abbigliamento-xl","14":"pa_misure-abbigliamento-xxl","15":"pa_misure-abbigliamento-xxxl","17":"first","18":"instock","19":"shipping-taxable","20":"purchasable","21":"product-type-variable"},"_links":{"self":[{"href":"https:\/\/www.flytiersworld.it\/en\/wp-json\/wp\/v2\/product\/34270","targetHints":{"allow":["GET"]}}],"collection":[{"href":"https:\/\/www.flytiersworld.it\/en\/wp-json\/wp\/v2\/product"}],"about":[{"href":"https:\/\/www.flytiersworld.it\/en\/wp-json\/wp\/v2\/types\/product"}],"replies":[{"embeddable":true,"href":"https:\/\/www.flytiersworld.it\/en\/wp-json\/wp\/v2\/comments?post=34270"}],"wp:featuredmedia":[{"embeddable":true,"href":"https:\/\/www.flytiersworld.it\/en\/wp-json\/wp\/v2\/media\/34271"}],"wp:attachment":[{"href":"https:\/\/www.flytiersworld.it\/en\/wp-json\/wp\/v2\/media?parent=34270"}],"wp:term":[{"taxonomy":"product_brand","embeddable":true,"href":"https:\/\/www.flytiersworld.it\/en\/wp-json\/wp\/v2\/product_brand?post=34270"},{"taxonomy":"product_cat","embeddable":true,"href":"https:\/\/www.flytiersworld.it\/en\/wp-json\/wp\/v2\/product_cat?post=34270"},{"taxonomy":"product_tag","embeddable":true,"href":"https:\/\/www.flytiersworld.it\/en\/wp-json\/wp\/v2\/product_tag?post=34270"}],"curies":[{"name":"wp","href":"https:\/\/api.w.org\/{rel}","templated":true}]}}