{"id":34232,"date":"2024-01-16T09:38:38","date_gmt":"2024-01-16T09:38:38","guid":{"rendered":"http:\/\/www.flytiersworld.it\/?product=greys-fin-waders"},"modified":"2025-03-03T13:35:54","modified_gmt":"2025-03-03T13:35:54","slug":"greys-fin-waders","status":"publish","type":"product","link":"https:\/\/www.flytiersworld.it\/en\/shop\/waders-scarponi\/waders\/greys-fin-waders\/","title":{"rendered":"GREYS FIN WADERS"},"content":{"rendered":"<p>Greys Fin Breathable Bootfoot Waders. I wader traspiranti Greys sono perfetti dove \u00e8 necessario entrare e uscire rapidamente dall&#8217;acqua. I wader sono stati progettati per garantire una grande mobilit\u00e0 e sono dotati di una bretella regolabile che consente di ottenere una vestibilit\u00e0 comoda per la propria altezza e corporatura. L&#8217;ampia tasca anteriore \u00e8 ideale per riporre le vostre scatole, mentre la tasca a ribalta pu\u00f2 ospitare il telefono in tutta sicurezza all&#8217;interno dei waders. Sono inoltre dotati di piccole tasche per riporre i vostri finali, pinze e altro ancora.<\/p>\n<p>TAGLIA\u00a0 \u00a0 \u00a0 \u00a0 \u00a0 \u00a0 TAGLIA PIEDE\u00a0 \u00a0 \u00a0 \u00a0 \u00a0 \u00a0 PETTO\u00a0 \u00a0 \u00a0 \u00a0 \u00a0 \u00a0 \u00a0 \u00a0GAMBA INTERNA\u00a0 \u00a0 \u00a0 \u00a0 \u00a0 \u00a0 \u00a0 \u00a0 \u00a0GAMBA ESTERNA<\/p>\n<p>M\u00a0 \u00a0 \u00a0 \u00a0 \u00a0 \u00a0 \u00a0 \u00a0 \u00a0 \u00a0 \u00a0 \u00a0 \u00a0 \u00a0 \u00a0 \u00a0 \u00a0 \u00a040\/41\u00a0 \u00a0 \u00a0 \u00a0 \u00a0 \u00a0 \u00a0 \u00a0 \u00a0 \u00a059 CM\u00a0 \u00a0 \u00a0 \u00a0 \u00a0 \u00a0 \u00a0 \u00a0 \u00a0 \u00a0 \u00a0 \u00a0 \u00a094 CM\u00a0 \u00a0 \u00a0 \u00a0 \u00a0 \u00a0 \u00a0 \u00a0 \u00a0 \u00a0 \u00a0 \u00a0 \u00a0 \u00a0 \u00a0 \u00a0 \u00a0 \u00a0 \u00a0 \u00a0 \u00a0 \u00a0 \u00a0147<\/p>\n<p>L\u00a0 \u00a0 \u00a0 \u00a0 \u00a0 \u00a0 \u00a0 \u00a0 \u00a0 \u00a0 \u00a0 \u00a0 \u00a0 \u00a0 \u00a0 \u00a0 \u00a0 \u00a0 42\/43\u00a0 \u00a0 \u00a0 \u00a0 \u00a0 \u00a0 \u00a0 \u00a0 \u00a0 \u00a062 CM\u00a0 \u00a0 \u00a0 \u00a0 \u00a0 \u00a0 \u00a0 \u00a0 \u00a0 \u00a0 \u00a0 \u00a0 \u00a097 CM\u00a0 \u00a0 \u00a0 \u00a0 \u00a0 \u00a0 \u00a0 \u00a0 \u00a0 \u00a0 \u00a0 \u00a0 \u00a0 \u00a0 \u00a0 \u00a0 \u00a0 \u00a0 \u00a0 \u00a0 \u00a0 \u00a0 \u00a0 151<\/p>\n<p>L\u00a0 \u00a0 \u00a0 \u00a0 \u00a0 \u00a0 \u00a0 \u00a0 \u00a0 \u00a0 \u00a0 \u00a0 \u00a0 \u00a0 \u00a0 \u00a0 \u00a0 \u00a0 44\/45\u00a0 \u00a0 \u00a0 \u00a0 \u00a0 \u00a0 \u00a0 \u00a0 \u00a0 \u00a062 CM\u00a0 \u00a0 \u00a0 \u00a0 \u00a0 \u00a0 \u00a0 \u00a0 \u00a0 \u00a0 \u00a0 \u00a0 \u00a097 CM\u00a0 \u00a0 \u00a0 \u00a0 \u00a0 \u00a0 \u00a0 \u00a0 \u00a0 \u00a0 \u00a0 \u00a0 \u00a0 \u00a0 \u00a0 \u00a0 \u00a0 \u00a0 \u00a0 \u00a0 \u00a0 \u00a0 \u00a0 151<\/p>\n<p>XL\u00a0 \u00a0 \u00a0 \u00a0 \u00a0 \u00a0 \u00a0 \u00a0 \u00a0 \u00a0 \u00a0 \u00a0 \u00a0 \u00a0 \u00a0 \u00a0 \u00a044\/45\u00a0 \u00a0 \u00a0 \u00a0 \u00a0 \u00a0 \u00a0 \u00a0 \u00a0 \u00a066 CM\u00a0 \u00a0 \u00a0 \u00a0 \u00a0 \u00a0 \u00a0 \u00a0 \u00a0 \u00a0 \u00a0 \u00a0 \u00a099 CM\u00a0 \u00a0 \u00a0 \u00a0 \u00a0 \u00a0 \u00a0 \u00a0 \u00a0 \u00a0 \u00a0 \u00a0 \u00a0 \u00a0 \u00a0 \u00a0 \u00a0 \u00a0 \u00a0 \u00a0 \u00a0 \u00a0 \u00a0 156<\/p>\n<p>XXL\u00a0 \u00a0 \u00a0 \u00a0 \u00a0 \u00a0 \u00a0 \u00a0 \u00a0 \u00a0 \u00a0 \u00a0 \u00a0 \u00a0 \u00a0 46\/47\u00a0 \u00a0 \u00a0 \u00a0 \u00a0 \u00a0 \u00a0 \u00a0 \u00a0 \u00a070 CM\u00a0 \u00a0 \u00a0 \u00a0 \u00a0 \u00a0 \u00a0 \u00a0 \u00a0 \u00a0 \u00a0 \u00a0 100 CM\u00a0 \u00a0 \u00a0 \u00a0 \u00a0 \u00a0 \u00a0 \u00a0 \u00a0 \u00a0 \u00a0 \u00a0 \u00a0 \u00a0 \u00a0 \u00a0 \u00a0 \u00a0 \u00a0 \u00a0 \u00a0 \u00a0 \u00a0160<\/p>\n<p style=\"margin-bottom: 1rem; font-family: Verdana, sans-serif; font-size: 20px;\">Features:<\/p>\n<ul>\n<li>Medium cut boot<\/li>\n<li>Large front pocket for storing boxes<\/li>\n<li>Adjustable shoulder straps<\/li>\n<li>Removable pocket<\/li>\n<li>12,000 mm membrane<\/li>\n<li>Includes sturdy nylon belt<br \/>\n<h5><span style=\"color: #ff0000;\"><strong>PRODUCT ON ORDER DELIVERY IN 10\/15 DAYS<\/strong><\/span><\/h5>\n<h5><span style=\"color: #ff0000;\"><strong>N.B. SOME SIZES MAY BE IN STOCK, YOU WILL FIND THE QUANTITY AVAILABLE WHEN YOU MAKE YOUR CHOICE.<\/strong><\/span><\/h5>\n<\/li>\n<\/ul>","protected":false},"excerpt":{"rendered":"<h6><span style=\"color: #ff0000;\"><strong>PRODUCT ON ORDER DELIVERY IN 10\/15 DAYS<\/strong><\/span><\/h6>\n<h6><span style=\"color: #ff0000;\"><strong>N.B. SOME SIZES MAY BE IN STOCK, YOU WILL FIND THE QUANTITY AVAILABLE WHEN YOU MAKE YOUR CHOICE.<\/strong><\/span><\/h6>","protected":false},"featured_media":34233,"comment_status":"open","ping_status":"closed","template":"","meta":[],"product_brand":[],"product_cat":[3775,3774],"product_tag":[3924],"class_list":{"0":"post-34232","1":"product","2":"type-product","3":"status-publish","4":"has-post-thumbnail","6":"product_cat-waders","7":"product_cat-waders-scarponi","8":"product_tag-pesca-a-mosca","9":"pa_brand-greys","10":"pa_misure-waders-e-scarpe-l-42-43","11":"pa_misure-waders-e-scarpe-l-44-45","12":"pa_misure-waders-e-scarpe-m-40-41","13":"pa_misure-waders-e-scarpe-xl-44-45","14":"pa_misure-waders-e-scarpe-xxl-46-47","16":"first","17":"instock","18":"shipping-taxable","19":"purchasable","20":"product-type-variable"},"_links":{"self":[{"href":"https:\/\/www.flytiersworld.it\/en\/wp-json\/wp\/v2\/product\/34232","targetHints":{"allow":["GET"]}}],"collection":[{"href":"https:\/\/www.flytiersworld.it\/en\/wp-json\/wp\/v2\/product"}],"about":[{"href":"https:\/\/www.flytiersworld.it\/en\/wp-json\/wp\/v2\/types\/product"}],"replies":[{"embeddable":true,"href":"https:\/\/www.flytiersworld.it\/en\/wp-json\/wp\/v2\/comments?post=34232"}],"wp:featuredmedia":[{"embeddable":true,"href":"https:\/\/www.flytiersworld.it\/en\/wp-json\/wp\/v2\/media\/34233"}],"wp:attachment":[{"href":"https:\/\/www.flytiersworld.it\/en\/wp-json\/wp\/v2\/media?parent=34232"}],"wp:term":[{"taxonomy":"product_brand","embeddable":true,"href":"https:\/\/www.flytiersworld.it\/en\/wp-json\/wp\/v2\/product_brand?post=34232"},{"taxonomy":"product_cat","embeddable":true,"href":"https:\/\/www.flytiersworld.it\/en\/wp-json\/wp\/v2\/product_cat?post=34232"},{"taxonomy":"product_tag","embeddable":true,"href":"https:\/\/www.flytiersworld.it\/en\/wp-json\/wp\/v2\/product_tag?post=34232"}],"curies":[{"name":"wp","href":"https:\/\/api.w.org\/{rel}","templated":true}]}}