{"id":34217,"date":"2023-09-22T10:13:00","date_gmt":"2023-09-22T10:13:00","guid":{"rendered":"http:\/\/www.flytiersworld.it\/?product=lmf-xp-sense-f-roller-hover"},"modified":"2026-02-19T20:06:06","modified_gmt":"2026-02-19T20:06:06","slug":"lmf-xp-sense-f-roller-hover","status":"publish","type":"product","link":"https:\/\/www.flytiersworld.it\/en\/shop\/code-monofili-backing\/code-di-topo\/code-canna-una-mano\/code-lago\/lmf-xp-sense-f-roller-hover\/","title":{"rendered":"LMF XP SENSE F-ROLLER HOVER"},"content":{"rendered":"<p>La coda di topo F-ROLLER HOVER della serie XP SENSE di loomis &amp; franklin \u00e8 stata studiata per la pesca appena sotto la superficie con la tecnica &#8220;washing line&#8221; con ninfe, piccoli boobies e streamers ed ha una conicit\u00e0 speciale che rende possibile il lancio froller anche a lunghe distanze. Questa coda \u00e8 anche molto adatta ai tradizionali lanci over head. Il rivestimento estremamente liscio di questa coda di topo riduce al minimo l&#8217;attrito tra la coda e gli anelli della canna, il che fornisce una distanza di lancio supplementare. La F-ROLLER XP SENSE ha il belly trasparente per la massima discrezione in pesca, lunga 33,5 m, \u00e8 disponibile in versione hover nelle classi di coda #7 e #8. Grazie alla sua struttura compatta ha un\u2019elasticit\u00e0 minima, inoltre, la F-ROLLER XP SENSE HOVER \u00e8 dotata di asole saldate alle due estremit\u00e0 della coda per un rapido collegamento del terminale e del backing. Tip 3&#8242; Front taper 37&#8242; Rear taper 18&#8242; Running line 52&#8242;<\/p>","protected":false},"excerpt":{"rendered":"<p>La coda di topo F-ROLLER HOVER della serie XP SENSE di loomis &amp; franklin \u00e8 stata studiata per la pesca appena sotto la superficie con la tecnica &#8220;washing line&#8221; con ninfe, piccoli boobies e streamers ed ha una conicit\u00e0 speciale che rende possibile il lancio froller anche a lunghe distanze. Questa coda \u00e8 anche molto [&hellip;]<\/p>\n","protected":false},"featured_media":34218,"comment_status":"open","ping_status":"closed","template":"","meta":[],"product_brand":[],"product_cat":[3870,3869,3848,3884],"product_tag":[7185],"class_list":{"0":"post-34217","1":"product","2":"type-product","3":"status-publish","4":"has-post-thumbnail","6":"product_cat-code-canna-una-mano","7":"product_cat-code-di-topo","8":"product_cat-code-monofili-backing","9":"product_cat-code-lago","10":"product_tag-lmf-xp-sense-f-roller-hover","11":"pa_brand-trabucco","12":"pa_versioni-code-wf7-hover","13":"pa_versioni-code-wf8-hover","15":"first","16":"instock","17":"shipping-taxable","18":"purchasable","19":"product-type-variable"},"_links":{"self":[{"href":"https:\/\/www.flytiersworld.it\/en\/wp-json\/wp\/v2\/product\/34217","targetHints":{"allow":["GET"]}}],"collection":[{"href":"https:\/\/www.flytiersworld.it\/en\/wp-json\/wp\/v2\/product"}],"about":[{"href":"https:\/\/www.flytiersworld.it\/en\/wp-json\/wp\/v2\/types\/product"}],"replies":[{"embeddable":true,"href":"https:\/\/www.flytiersworld.it\/en\/wp-json\/wp\/v2\/comments?post=34217"}],"wp:featuredmedia":[{"embeddable":true,"href":"https:\/\/www.flytiersworld.it\/en\/wp-json\/wp\/v2\/media\/34218"}],"wp:attachment":[{"href":"https:\/\/www.flytiersworld.it\/en\/wp-json\/wp\/v2\/media?parent=34217"}],"wp:term":[{"taxonomy":"product_brand","embeddable":true,"href":"https:\/\/www.flytiersworld.it\/en\/wp-json\/wp\/v2\/product_brand?post=34217"},{"taxonomy":"product_cat","embeddable":true,"href":"https:\/\/www.flytiersworld.it\/en\/wp-json\/wp\/v2\/product_cat?post=34217"},{"taxonomy":"product_tag","embeddable":true,"href":"https:\/\/www.flytiersworld.it\/en\/wp-json\/wp\/v2\/product_tag?post=34217"}],"curies":[{"name":"wp","href":"https:\/\/api.w.org\/{rel}","templated":true}]}}