{"id":34197,"date":"2023-08-07T11:18:45","date_gmt":"2023-08-07T11:18:45","guid":{"rendered":"http:\/\/www.flytiersworld.it\/?product=vision-atom-wader"},"modified":"2024-10-17T12:55:54","modified_gmt":"2024-10-17T12:55:54","slug":"vision-atom-wader","status":"publish","type":"product","link":"https:\/\/www.flytiersworld.it\/en\/shop\/waders-scarponi\/waders\/vision-atom-wader\/","title":{"rendered":"VISION ATOM WADER"},"content":{"rendered":"<p>Atom \u00e8 un wader leggero realizzato interamente in robusto tessuto a 3 strati. Le calze in neoprene hanno parti inferiori pi\u00f9 spesse per la massima resistenza all&#8217;usura e durabilit\u00e0, e il taglio complessivo del wader riduce al minimo le cuciture nelle aree critiche.<\/p>\n<p>La grande tasca sul petto pu\u00f2 contenere molti oggetti e la tasca interna a scomparsa \u00e8 il posto ideale per gli accessori che vuoi conservare in un posto pi\u00f9 sicuro. La tasca interna ha anche un velcro per attaccare una custodia per telefono impermeabile separata. Bretelle regolabili e cintura sono realizzate in materiale elastico che consente di regolare la vestibilit\u00e0 in un massimo comfort. Tutto sommato &#8211; Wader di qualit\u00e0 e dettagli di alto livello.<\/p>\n<ul>\n<li>-Lightweight 3-layer construction<\/li>\n<li>-Tessuto impermeabile e traspirante F3 \u2122<\/li>\n<li>-Taglio curvo NoSeam \u2122 per una vestibilit\u00e0 perfetta<\/li>\n<li>-Una grande tasca frontale con una cerniera resistente all&#8217;acqua nella parte anteriore<\/li>\n<li>-Belt and braces in matching colour<\/li>\n<li>-D-rings and accessory loops<\/li>\n<li>-Traditional zipped pocket<\/li>\n<li>-Integrated gaiters<\/li>\n<li>-Neoprene feet with left and right side design<\/li>\n<li><strong style=\"color: #ff0000; font-family: Khand; letter-spacing: 0.05em; text-transform: uppercase;\">PRODUCT ON ORDER DELIVERY IN 10\/15 DAYS<\/strong><br \/>\n<h6><span style=\"color: #ff0000;\"><strong>N.B. SOME SIZES MAY BE IN STOCK, YOU WILL FIND THE QUANTITY AVAILABLE WHEN YOU MAKE YOUR CHOICE.<\/strong><\/span><\/h6>\n<\/li>\n<\/ul>","protected":false},"excerpt":{"rendered":"<h6><span style=\"color: #ff0000;\"><strong>PRODUCT ON ORDER DELIVERY IN 10\/15 DAYS<\/strong><\/span><\/h6>\n<h6><span style=\"color: #ff0000;\"><strong>N.B. SOME SIZES MAY BE IN STOCK, YOU WILL FIND THE QUANTITY AVAILABLE WHEN YOU MAKE YOUR CHOICE.<\/strong><\/span><\/h6>","protected":false},"featured_media":34198,"comment_status":"open","ping_status":"closed","template":"","meta":[],"product_brand":[],"product_cat":[3775,3774],"product_tag":[7178],"class_list":{"0":"post-34197","1":"product","2":"type-product","3":"status-publish","4":"has-post-thumbnail","6":"product_cat-waders","7":"product_cat-waders-scarponi","8":"product_tag-vision-atom-wader","9":"pa_brand-vision","10":"pa_misure-waders-e-scarpe-l","11":"pa_misure-waders-e-scarpe-m","12":"pa_misure-waders-e-scarpe-s","13":"pa_misure-waders-e-scarpe-xl","14":"pa_misure-waders-e-scarpe-xs-xsmall","15":"pa_misure-waders-e-scarpe-xxl","16":"pa_misure-waders-e-scarpe-xxs-xxsmall","18":"first","19":"outofstock","20":"shipping-taxable","21":"purchasable","22":"product-type-variable"},"_links":{"self":[{"href":"https:\/\/www.flytiersworld.it\/en\/wp-json\/wp\/v2\/product\/34197","targetHints":{"allow":["GET"]}}],"collection":[{"href":"https:\/\/www.flytiersworld.it\/en\/wp-json\/wp\/v2\/product"}],"about":[{"href":"https:\/\/www.flytiersworld.it\/en\/wp-json\/wp\/v2\/types\/product"}],"replies":[{"embeddable":true,"href":"https:\/\/www.flytiersworld.it\/en\/wp-json\/wp\/v2\/comments?post=34197"}],"wp:featuredmedia":[{"embeddable":true,"href":"https:\/\/www.flytiersworld.it\/en\/wp-json\/wp\/v2\/media\/34198"}],"wp:attachment":[{"href":"https:\/\/www.flytiersworld.it\/en\/wp-json\/wp\/v2\/media?parent=34197"}],"wp:term":[{"taxonomy":"product_brand","embeddable":true,"href":"https:\/\/www.flytiersworld.it\/en\/wp-json\/wp\/v2\/product_brand?post=34197"},{"taxonomy":"product_cat","embeddable":true,"href":"https:\/\/www.flytiersworld.it\/en\/wp-json\/wp\/v2\/product_cat?post=34197"},{"taxonomy":"product_tag","embeddable":true,"href":"https:\/\/www.flytiersworld.it\/en\/wp-json\/wp\/v2\/product_tag?post=34197"}],"curies":[{"name":"wp","href":"https:\/\/api.w.org\/{rel}","templated":true}]}}