{"id":34115,"date":"2023-03-08T14:08:21","date_gmt":"2023-03-08T14:08:21","guid":{"rendered":"http:\/\/www.flytiersworld.it\/?product=xtr-surf-storage-box"},"modified":"2025-10-14T04:29:32","modified_gmt":"2025-10-14T04:29:32","slug":"xtr-surf-storage-box","status":"publish","type":"product","link":"https:\/\/www.flytiersworld.it\/en\/shop\/code-monofili-backing\/accessori-code-di-topo-monofili-backing\/porta-finali-bobine\/xtr-surf-storage-box\/","title":{"rendered":"XTR SURF STORAGE BOX"},"content":{"rendered":"<p>Practical and compact box for transporting ready-made rigs on neoprene reels<\/p>\n<p>- Excellent for fishing from the boat for storing multi-strand lines with streamers, nymphs and chironomes<br \/>\n- Dimensions: 10\u00d715\u00d78cm<br \/>\n- Number of coils: 10<br \/>\n- Reel material: Neoprene<br \/>\n- Change your rig in no time for maximum efficiency<br \/>\n- Compact design for optimal ease of transport<br \/>\n- For the angler who wants to be sure that his perfect Rigs are always at hand, safe and tidy!<\/p>","protected":false},"excerpt":{"rendered":"<p>Scatola pratica e compatta per il trasporto di rig gi\u00e0 pronti su bobine in neoprene &#8211; Ottimo per la pesca dalla barca per riporre lenze a pi\u00f9 braccioli con streamers, ninfe e chironomi &#8211; Dimensioni: 10\u00d715\u00d78cm &#8211; Numero di bobine: 10 &#8211; Materiale delle bobine: Neoprene &#8211; Cambia il tuo rig in pochissimo tempo per [&hellip;]<\/p>\n","protected":false},"featured_media":34116,"comment_status":"open","ping_status":"closed","template":"","meta":[],"product_brand":[],"product_cat":[3881,3860,3718,3857,3896,3883,3720,3740],"product_tag":[7148],"class_list":{"0":"post-34115","1":"product","2":"type-product","3":"status-publish","4":"has-post-thumbnail","6":"product_cat-accessori-code-di-topo-monofili-backing","7":"product_cat-accessori-tenkara","8":"product_cat-attrezzatura","9":"product_cat-finali-e-level-line-tenkara","10":"product_cat-porta-bobine-avvolgi-lenza","11":"product_cat-porta-finali-bobine","12":"product_cat-scatole-porta-mosche","13":"product_cat-tenkara","14":"product_tag-xtr-surf-storage-box","15":"pa_brand-trabucco","17":"first","18":"instock","19":"shipping-taxable","20":"purchasable","21":"product-type-simple"},"_links":{"self":[{"href":"https:\/\/www.flytiersworld.it\/en\/wp-json\/wp\/v2\/product\/34115","targetHints":{"allow":["GET"]}}],"collection":[{"href":"https:\/\/www.flytiersworld.it\/en\/wp-json\/wp\/v2\/product"}],"about":[{"href":"https:\/\/www.flytiersworld.it\/en\/wp-json\/wp\/v2\/types\/product"}],"replies":[{"embeddable":true,"href":"https:\/\/www.flytiersworld.it\/en\/wp-json\/wp\/v2\/comments?post=34115"}],"wp:featuredmedia":[{"embeddable":true,"href":"https:\/\/www.flytiersworld.it\/en\/wp-json\/wp\/v2\/media\/34116"}],"wp:attachment":[{"href":"https:\/\/www.flytiersworld.it\/en\/wp-json\/wp\/v2\/media?parent=34115"}],"wp:term":[{"taxonomy":"product_brand","embeddable":true,"href":"https:\/\/www.flytiersworld.it\/en\/wp-json\/wp\/v2\/product_brand?post=34115"},{"taxonomy":"product_cat","embeddable":true,"href":"https:\/\/www.flytiersworld.it\/en\/wp-json\/wp\/v2\/product_cat?post=34115"},{"taxonomy":"product_tag","embeddable":true,"href":"https:\/\/www.flytiersworld.it\/en\/wp-json\/wp\/v2\/product_tag?post=34115"}],"curies":[{"name":"wp","href":"https:\/\/api.w.org\/{rel}","templated":true}]}}