{"id":34106,"date":"2023-03-07T13:27:32","date_gmt":"2023-03-07T13:27:32","guid":{"rendered":"http:\/\/www.flytiersworld.it\/?product=cf-universal-system-chest-storage"},"modified":"2025-07-28T21:02:30","modified_gmt":"2025-07-28T21:02:30","slug":"universal-system-chest-storage-cf","status":"publish","type":"product","link":"https:\/\/www.flytiersworld.it\/en\/shop\/scatole-porta-mosche\/universal-system-chest-storage-cf\/","title":{"rendered":"C&amp;F UNIVERSAL SYSTEM CHEST STORAGE"},"content":{"rendered":"<p>Il conosciuto Chest Storage di C&amp;F \u00e8 stato aggiornato con il nuovo Universal System per renderlo ancora pi\u00f9 versatile di prima. Ha in dotazione 2 system foam L di tipo standard ma pu\u00f2 essere dotato di qualsiasi tipo di foam misura L : Magnetic Oval Fly Patch e 2 threaders (infila mosche) sono in dotazione. Nella parte inferiore ha 3 contenitori per ami, shots ed indicators e pu\u00f2 ospitare anche 3 bobine di filo tippet. La collana \u00e8 regolabile.<\/p>\n<p>Weight 273g<\/p>","protected":false},"excerpt":{"rendered":"<p>Il conosciuto Chest Storage di C&amp;F \u00e8 stato aggiornato con il nuovo Universal System per renderlo ancora pi\u00f9 versatile di prima. Ha in dotazione 2 system foam L di tipo standard ma pu\u00f2 essere dotato di qualsiasi tipo di foam misura L : Magnetic Oval Fly Patch e 2 threaders (infila mosche) sono in dotazione. [&hellip;]<\/p>\n","protected":false},"featured_media":34107,"comment_status":"open","ping_status":"closed","template":"","meta":[],"product_brand":[],"product_cat":[3720],"product_tag":[7146],"class_list":{"0":"post-34106","1":"product","2":"type-product","3":"status-publish","4":"has-post-thumbnail","6":"product_cat-scatole-porta-mosche","7":"product_tag-universal-system-chest-storage-campf","8":"pa_brand-cf-design","10":"first","11":"outofstock","12":"shipping-taxable","13":"purchasable","14":"product-type-simple"},"_links":{"self":[{"href":"https:\/\/www.flytiersworld.it\/en\/wp-json\/wp\/v2\/product\/34106","targetHints":{"allow":["GET"]}}],"collection":[{"href":"https:\/\/www.flytiersworld.it\/en\/wp-json\/wp\/v2\/product"}],"about":[{"href":"https:\/\/www.flytiersworld.it\/en\/wp-json\/wp\/v2\/types\/product"}],"replies":[{"embeddable":true,"href":"https:\/\/www.flytiersworld.it\/en\/wp-json\/wp\/v2\/comments?post=34106"}],"wp:featuredmedia":[{"embeddable":true,"href":"https:\/\/www.flytiersworld.it\/en\/wp-json\/wp\/v2\/media\/34107"}],"wp:attachment":[{"href":"https:\/\/www.flytiersworld.it\/en\/wp-json\/wp\/v2\/media?parent=34106"}],"wp:term":[{"taxonomy":"product_brand","embeddable":true,"href":"https:\/\/www.flytiersworld.it\/en\/wp-json\/wp\/v2\/product_brand?post=34106"},{"taxonomy":"product_cat","embeddable":true,"href":"https:\/\/www.flytiersworld.it\/en\/wp-json\/wp\/v2\/product_cat?post=34106"},{"taxonomy":"product_tag","embeddable":true,"href":"https:\/\/www.flytiersworld.it\/en\/wp-json\/wp\/v2\/product_tag?post=34106"}],"curies":[{"name":"wp","href":"https:\/\/api.w.org\/{rel}","templated":true}]}}