{"id":34081,"date":"2023-02-27T14:54:30","date_gmt":"2023-02-27T14:54:30","guid":{"rendered":"http:\/\/www.flytiersworld.it\/?product=loomis-franklin-sx"},"modified":"2025-12-11T14:16:19","modified_gmt":"2025-12-11T14:16:19","slug":"loomis-franklin-sx","status":"publish","type":"product","link":"https:\/\/www.flytiersworld.it\/en\/shop\/canne-mulinelli\/canne\/loomis-franklin-canne\/loomis-franklin-sx\/","title":{"rendered":"LOOMIS &amp; FRANKLIN SX"},"content":{"rendered":"<p>Le novit\u00e0 in casa Trabucco non finiscono mai e questa volta \u00e8 una canna, la nuova\u00a0Loomis &amp; Franklin\u00a0SX Fly Rod.<\/p>\n<p>Queste nuove\u00a0Loomis &amp; Franklin\u00a0sono la naturale evoluzione delle precedenti IM7, canne di grande successo anche fra i pescatori pi\u00f9 esperti. Costruite in carbonio a Modulo Intermedio IM8, dotate di tubo rigido per un agevole trasporto, le\u00a0SX\u00a0sono canne da provare, da soppesare e da valutare, perch\u00e9 sono realmente in grado di andare molto pi\u00f9 in l\u00e0 di quanto ci si possa aspettare.<\/p>\n<p>Con un background tecnico di tale spessore, il numero dei modelli che compongono la serie \u00e8 salito, per comprendere le canne da torrente e da fiume, da lago e per il mare, da mosca secca, da ninfa e da streamer.<\/p>\n<h4><span style=\"color: #ff0000;\"><strong>PRODOTTO SU PRENOTAZIONE CONSEGNA IN 7\/10<\/strong><\/span><\/h4>\n<h4><span style=\"color: #ff0000;\"><strong>N.B. SOME SIZES MAY BE IN STOCK, YOU WILL FIND THE QUANTITY AVAILABLE WHEN YOU MAKE YOUR CHOICE.<\/strong><\/span><\/h4>","protected":false},"excerpt":{"rendered":"<h6><span style=\"color: #ff0000;\"><strong>PRODOTTO SU PRENOTAZIONE CONSEGNA IN 7\/10<\/strong><\/span><\/h6>\n<h6><span style=\"color: #ff0000;\"><strong>N.B. SOME SIZES MAY BE IN STOCK, YOU WILL FIND THE QUANTITY AVAILABLE WHEN YOU MAKE YOUR CHOICE.<\/strong><\/span><\/h6>","protected":false},"featured_media":49592,"comment_status":"open","ping_status":"closed","template":"","meta":[],"product_brand":[],"product_cat":[3830,3829,3840],"product_tag":[7144],"class_list":{"0":"post-34081","1":"product","2":"type-product","3":"status-publish","4":"has-post-thumbnail","6":"product_cat-canne","7":"product_cat-canne-mulinelli","8":"product_cat-loomis-franklin-canne","9":"product_tag-loomis-amp-franklin-sx","10":"product_shipping_class-voluminoso-solo-con-corriere","11":"pa_brand-trabucco","12":"pa_versioni-canne-10-23","13":"pa_versioni-canne-10-34","14":"pa_versioni-canne-10-78-4pcs","15":"pa_versioni-canne-11-23-4pcs","16":"pa_versioni-canne-11-34-4pcs","17":"pa_versioni-canne-76-4-3pcs","18":"pa_versioni-canne-76-3-4pcs","19":"pa_versioni-canne-8-4-4pcs","20":"pa_versioni-canne-86-45-4pcs","21":"pa_versioni-canne-9-45-4pcs","22":"pa_versioni-canne-9-56-4pcs","23":"pa_versioni-canne-96-23-4pcs","24":"pa_versioni-canne-96-45-4pcs","25":"pa_versioni-canne-switch-10-78","26":"pa_versioni-canne-switch-11-78","27":"pa_versioni-canne-switch-116-89","29":"first","30":"instock","31":"shipping-taxable","32":"purchasable","33":"product-type-variable"},"_links":{"self":[{"href":"https:\/\/www.flytiersworld.it\/en\/wp-json\/wp\/v2\/product\/34081","targetHints":{"allow":["GET"]}}],"collection":[{"href":"https:\/\/www.flytiersworld.it\/en\/wp-json\/wp\/v2\/product"}],"about":[{"href":"https:\/\/www.flytiersworld.it\/en\/wp-json\/wp\/v2\/types\/product"}],"replies":[{"embeddable":true,"href":"https:\/\/www.flytiersworld.it\/en\/wp-json\/wp\/v2\/comments?post=34081"}],"wp:featuredmedia":[{"embeddable":true,"href":"https:\/\/www.flytiersworld.it\/en\/wp-json\/wp\/v2\/media\/49592"}],"wp:attachment":[{"href":"https:\/\/www.flytiersworld.it\/en\/wp-json\/wp\/v2\/media?parent=34081"}],"wp:term":[{"taxonomy":"product_brand","embeddable":true,"href":"https:\/\/www.flytiersworld.it\/en\/wp-json\/wp\/v2\/product_brand?post=34081"},{"taxonomy":"product_cat","embeddable":true,"href":"https:\/\/www.flytiersworld.it\/en\/wp-json\/wp\/v2\/product_cat?post=34081"},{"taxonomy":"product_tag","embeddable":true,"href":"https:\/\/www.flytiersworld.it\/en\/wp-json\/wp\/v2\/product_tag?post=34081"}],"curies":[{"name":"wp","href":"https:\/\/api.w.org\/{rel}","templated":true}]}}