{"id":34007,"date":"2023-01-30T13:49:20","date_gmt":"2023-01-30T13:49:20","guid":{"rendered":"http:\/\/www.flytiersworld.it\/?product=rio-fathom-clean-sweep"},"modified":"2024-10-17T12:36:31","modified_gmt":"2024-10-17T12:36:31","slug":"rio-fathom-clean-sweep","status":"publish","type":"product","link":"https:\/\/www.flytiersworld.it\/en\/shop\/code-monofili-backing\/code-di-topo\/code-canna-una-mano\/code-lago\/rio-fathom-clean-sweep\/","title":{"rendered":"RIO FATHOM CLEAN SWEEP"},"content":{"rendered":"<p>RIO'S CLEANSWEEP LINES are a series of sinking sweep tails constructed with a transparent intermediate front tip seamlessly connected to a faster-sinking body section and then a slower-sinking line. This mixture of sink rates results in a deadly path of flight through the water, with the line 'sweeping' the depths during a retrieve - from the surface, to the depth and back to the surface - covering a multitude of depths with each cast. Each tail has a quick-loading short head to minimise the number of false casts and a Hang Marker that shows anglers when to stop retrieving.<\/p>\n<p>DUALTONE Marks the point where the sinking of a rat tail changes, providing a noticeable colour change in the line.<\/p>\n<p>EASYID RIO's printed line marking system allows anglers to quickly and easily identify each tail.<\/p>\n<p>WELDED FRONT RING A bullet-proof aerodynamic ring welded to the front of the rat tail for quick and easy rigging.<\/p>\n<p>BACK WELDED LOOP A clean, bullet-proof loop welded to the end of the rat tail for quick rigging to the support.<\/p>\n<p>HANG MARKER A visible 1\" section embedded in the rat tail that shows anglers when the end of the sinking line is approaching.<\/p>","protected":false},"excerpt":{"rendered":"<p>I RIO&#8217;S CLEANSWEEP LINES sono una serie di code affondanti sweep costruite con la punta anteriore intermedia trasparente, collegata senza soluzione di continuit\u00e0 a una sezione del corpo che affonda pi\u00f9 velocemente e quindi a una cima di scorrimento pi\u00f9 lenta. Questa miscela di velocit\u00e0 di caduta si traduce in un percorso mortale di volo [&hellip;]<\/p>\n","protected":false},"featured_media":34008,"comment_status":"open","ping_status":"closed","template":"","meta":[],"product_brand":[],"product_cat":[3870,3869,3848,3884],"product_tag":[7117],"class_list":{"0":"post-34007","1":"product","2":"type-product","3":"status-publish","4":"has-post-thumbnail","6":"product_cat-code-canna-una-mano","7":"product_cat-code-di-topo","8":"product_cat-code-monofili-backing","9":"product_cat-code-lago","10":"product_tag-rio-fathom-clean-sweep","11":"pa_brand-rio","12":"pa_versioni-code-sweep-wf-7-s2s4interm","13":"pa_versioni-code-sweep-wf-7-s4s6interm","15":"first","16":"instock","17":"shipping-taxable","18":"purchasable","19":"product-type-variable"},"_links":{"self":[{"href":"https:\/\/www.flytiersworld.it\/en\/wp-json\/wp\/v2\/product\/34007","targetHints":{"allow":["GET"]}}],"collection":[{"href":"https:\/\/www.flytiersworld.it\/en\/wp-json\/wp\/v2\/product"}],"about":[{"href":"https:\/\/www.flytiersworld.it\/en\/wp-json\/wp\/v2\/types\/product"}],"replies":[{"embeddable":true,"href":"https:\/\/www.flytiersworld.it\/en\/wp-json\/wp\/v2\/comments?post=34007"}],"wp:featuredmedia":[{"embeddable":true,"href":"https:\/\/www.flytiersworld.it\/en\/wp-json\/wp\/v2\/media\/34008"}],"wp:attachment":[{"href":"https:\/\/www.flytiersworld.it\/en\/wp-json\/wp\/v2\/media?parent=34007"}],"wp:term":[{"taxonomy":"product_brand","embeddable":true,"href":"https:\/\/www.flytiersworld.it\/en\/wp-json\/wp\/v2\/product_brand?post=34007"},{"taxonomy":"product_cat","embeddable":true,"href":"https:\/\/www.flytiersworld.it\/en\/wp-json\/wp\/v2\/product_cat?post=34007"},{"taxonomy":"product_tag","embeddable":true,"href":"https:\/\/www.flytiersworld.it\/en\/wp-json\/wp\/v2\/product_tag?post=34007"}],"curies":[{"name":"wp","href":"https:\/\/api.w.org\/{rel}","templated":true}]}}