{"id":33899,"date":"2022-12-30T11:43:02","date_gmt":"2022-12-30T11:43:02","guid":{"rendered":"http:\/\/www.flytiersworld.it\/?product=hardy-aydon-dh"},"modified":"2026-01-14T15:30:38","modified_gmt":"2026-01-14T15:30:38","slug":"hardy-aydon-dh","status":"publish","type":"product","link":"https:\/\/www.flytiersworld.it\/en\/shop\/canne-mulinelli\/canne\/hardy-canne\/hardy-aydon-dh\/","title":{"rendered":"HARDY AYDON DH"},"content":{"rendered":"<p>Il vecchio detto &#8220;due mani sono meglio di una&#8221; avrebbe potuto essere inventato per il pescatore di salmoni e steelhead, ma non ci sono mai stati pi\u00f9 modi di catturare il pesce con una configurazione a due mani come oggi. Tutti i pescatori, comprese le trote e l&#8217;acqua salata, stanno scoprendo i vantaggi intrinseci della &#8220;canna lunga&#8221;. La capacit\u00e0 di lanciare facilmente mosche resistenti al vento pesante per grandi distanze e, cosa pi\u00f9 importante, di controllarle quando raggiungono il bersaglio, ha aperto nuove possibilit\u00e0. La nuova gamma completa di canne Ultralite a due mani offre maggiori livelli di sensibilit\u00e0, equilibrio in mano e potenza di combattimento del pesce importantissima quando ne hai pi\u00f9 bisogno.<\/p>\n<p>Sintrix NSX construction<\/p>\n<p>Progettazione di azioni specifiche per l&#8217;applicazione<\/p>\n<p>Ceramic-coated titanium rings<\/p>\n<p>Customised reel holder in aluminium and carbon<\/p>\n<p>Supplied in a rigid travel tube<\/p>\n<p>Peso 11&#8217;9&#8243;# 7\/8 190 gr<\/p>\n<p>Peso 12&#8217;9&#8243; # 8\/9 213 gr<\/p>\n<p>Peso 13&#8217;9&#8243; # 9\/10 241 gr<\/p>\n<p>Peso 14&#8217;9&#8243; # 10\/11 255 gr<\/p>\n<h4><span style=\"color: #ff0000;\">MADE-TO-ORDER PRODUCT<\/span><\/h4>","protected":false},"excerpt":{"rendered":"<h5><span style=\"color: #ff0000;\">MADE-TO-ORDER PRODUCT<\/span><\/h5>","protected":false},"featured_media":33900,"comment_status":"open","ping_status":"closed","template":"","meta":[],"product_brand":[],"product_cat":[3830,3829,3843],"product_tag":[],"class_list":{"0":"post-33899","1":"product","2":"type-product","3":"status-publish","4":"has-post-thumbnail","6":"product_cat-canne","7":"product_cat-canne-mulinelli","8":"product_cat-hardy-canne","9":"product_shipping_class-voluminoso-solo-con-corriere","10":"pa_brand-hardy","11":"pa_versioni-canne-119-78-4pcs","12":"pa_versioni-canne-129-89-4pcs","13":"pa_versioni-canne-139-910-4pcs","14":"pa_versioni-canne-149-1011-4pcs","16":"first","17":"outofstock","18":"shipping-taxable","19":"purchasable","20":"product-type-variable"},"_links":{"self":[{"href":"https:\/\/www.flytiersworld.it\/en\/wp-json\/wp\/v2\/product\/33899","targetHints":{"allow":["GET"]}}],"collection":[{"href":"https:\/\/www.flytiersworld.it\/en\/wp-json\/wp\/v2\/product"}],"about":[{"href":"https:\/\/www.flytiersworld.it\/en\/wp-json\/wp\/v2\/types\/product"}],"replies":[{"embeddable":true,"href":"https:\/\/www.flytiersworld.it\/en\/wp-json\/wp\/v2\/comments?post=33899"}],"wp:featuredmedia":[{"embeddable":true,"href":"https:\/\/www.flytiersworld.it\/en\/wp-json\/wp\/v2\/media\/33900"}],"wp:attachment":[{"href":"https:\/\/www.flytiersworld.it\/en\/wp-json\/wp\/v2\/media?parent=33899"}],"wp:term":[{"taxonomy":"product_brand","embeddable":true,"href":"https:\/\/www.flytiersworld.it\/en\/wp-json\/wp\/v2\/product_brand?post=33899"},{"taxonomy":"product_cat","embeddable":true,"href":"https:\/\/www.flytiersworld.it\/en\/wp-json\/wp\/v2\/product_cat?post=33899"},{"taxonomy":"product_tag","embeddable":true,"href":"https:\/\/www.flytiersworld.it\/en\/wp-json\/wp\/v2\/product_tag?post=33899"}],"curies":[{"name":"wp","href":"https:\/\/api.w.org\/{rel}","templated":true}]}}