{"id":33713,"date":"2022-04-26T13:04:08","date_gmt":"2022-04-26T13:04:08","guid":{"rendered":"http:\/\/www.flytiersworld.it\/?product=lmf-xp-sense-lmf-f-roller"},"modified":"2026-04-16T11:00:33","modified_gmt":"2026-04-16T11:00:33","slug":"lmf-xp-sense-lmf-f-roller","status":"publish","type":"product","link":"https:\/\/www.flytiersworld.it\/en\/shop\/code-monofili-backing\/code-di-topo\/code-canna-una-mano\/code-lago\/lmf-xp-sense-lmf-f-roller\/","title":{"rendered":"LMF XP SENSE LMF F-ROLLER"},"content":{"rendered":"<p>La coda di topo spey F-ROLLER della serie XP SENSE di loomis &amp; franklin ha una conicit\u00e0 speciale che rende possibile il lancio froller anche a lunghe distanze. Questa coda \u00e8 anche molto adatta ai tradizionali lanci over head. Il rivestimento estremamente liscio di questa coda di topo riduce al minimo l&#8217;attrito tra la coda e gli anelli della canna, il che fornisce una distanza di lancio supplementare. La F-ROLLER XP SENSE, lunga 33,5 m, \u00e8 disponibile in versione galleggiante (testa arancione, running line gialla) e intermedia (testa oliva e running line gialla) nelle classi di coda #7 e #8. Grazie alla sua struttura compatta ha un\u2019elasticit\u00e0 minima, inoltre, la F-ROLLER XP SENSE \u00e8 dotata di asole saldate alle due estremit\u00e0 della coda per un rapido collegamento del terminale e del backing.<\/p>\n<p>Tip 3\u2032<\/p>\n<p>Front taper 37\u2032<\/p>\n<p>Rear taper 18\u2032<\/p>\n<p>Running line 52\u2032<span style=\"color: #595959; font-family: Lato, 'Helvetica Neue', Helvetica, Arial, sans-serif; font-size: 16px;\"><br \/>\n<\/span><\/p>","protected":false},"excerpt":{"rendered":"<p>La coda di topo spey F-ROLLER della serie XP SENSE di loomis &amp; franklin ha una conicit\u00e0 speciale che rende possibile il lancio froller anche a lunghe distanze. Questa coda \u00e8 anche molto adatta ai tradizionali lanci over head. Il rivestimento estremamente liscio di questa coda di topo riduce al minimo l&#8217;attrito tra la coda [&hellip;]<\/p>\n","protected":false},"featured_media":33714,"comment_status":"open","ping_status":"closed","template":"","meta":[],"product_brand":[],"product_cat":[3870,3869,3848,3884],"product_tag":[],"class_list":{"0":"post-33713","1":"product","2":"type-product","3":"status-publish","4":"has-post-thumbnail","6":"product_cat-code-canna-una-mano","7":"product_cat-code-di-topo","8":"product_cat-code-monofili-backing","9":"product_cat-code-lago","10":"pa_brand-loomis-franklin","11":"pa_versioni-code-wf-7-spey-floating","12":"pa_versioni-code-wf-7-spey-intermediate","13":"pa_versioni-code-wf-8-spey-floating","14":"pa_versioni-code-wf-8-spey-intermediate","16":"first","17":"instock","18":"shipping-taxable","19":"purchasable","20":"product-type-variable"},"_links":{"self":[{"href":"https:\/\/www.flytiersworld.it\/en\/wp-json\/wp\/v2\/product\/33713","targetHints":{"allow":["GET"]}}],"collection":[{"href":"https:\/\/www.flytiersworld.it\/en\/wp-json\/wp\/v2\/product"}],"about":[{"href":"https:\/\/www.flytiersworld.it\/en\/wp-json\/wp\/v2\/types\/product"}],"replies":[{"embeddable":true,"href":"https:\/\/www.flytiersworld.it\/en\/wp-json\/wp\/v2\/comments?post=33713"}],"wp:featuredmedia":[{"embeddable":true,"href":"https:\/\/www.flytiersworld.it\/en\/wp-json\/wp\/v2\/media\/33714"}],"wp:attachment":[{"href":"https:\/\/www.flytiersworld.it\/en\/wp-json\/wp\/v2\/media?parent=33713"}],"wp:term":[{"taxonomy":"product_brand","embeddable":true,"href":"https:\/\/www.flytiersworld.it\/en\/wp-json\/wp\/v2\/product_brand?post=33713"},{"taxonomy":"product_cat","embeddable":true,"href":"https:\/\/www.flytiersworld.it\/en\/wp-json\/wp\/v2\/product_cat?post=33713"},{"taxonomy":"product_tag","embeddable":true,"href":"https:\/\/www.flytiersworld.it\/en\/wp-json\/wp\/v2\/product_tag?post=33713"}],"curies":[{"name":"wp","href":"https:\/\/api.w.org\/{rel}","templated":true}]}}