{"id":33583,"date":"2021-11-12T10:12:44","date_gmt":"2021-11-12T10:12:44","guid":{"rendered":"http:\/\/www.flytiersworld.it\/?product=greys-fin-cassette"},"modified":"2025-11-24T14:11:39","modified_gmt":"2025-11-24T14:11:39","slug":"greys-fin-cassette","status":"publish","type":"product","link":"https:\/\/www.flytiersworld.it\/en\/shop\/canne-mulinelli\/mulinelli\/greys-mulinelli\/greys-fin-cassette\/","title":{"rendered":"GREYS FIN CASSETTE"},"content":{"rendered":"<div class=\"FFpbKc\" style=\"-webkit-tap-highlight-color: transparent; align-items: center; display: flex; padding-bottom: 8px; padding-left: 11px; padding-right: 4px; margin-top: auto;\">\n<div class=\"ZTPlmc\" style=\"-webkit-tap-highlight-color: transparent; align-items: center; direction: ltr; display: flex; margin-top: 4px; margin-left: auto;\">Grays ha guidato la rivoluzione nei mulinelli a cassetta. I FIN Cassette sono l&#8217;ultima novit\u00e0 in questo campo. Il design large arbour dal profilo marcato e perfettamente bilanciato \u00e8 una novit\u00e0 introdotta da Greys. Il mulinello \u00e8 dotato di sistema frenante a disco in una gamma di dimensioni per coprire tutte le specie. Forniti con due bobine di ricambio e una custodia per il trasporto, i mulinelli FIN Cassette fly sono la soluzione perfetta per il pescatore che cerca di coprire pi\u00f9 opzioni con un solo mulinello. \u2022 Costruzione pressofusa di alta qualit\u00e0, rifinita a macchina \u2022 Sistema di trascinamento del disco completo \u2022 Bobina durevole della cassetta \u2022 Design industriale moderno con albero di grandi dimensioni \u2022 Fornito con custodia per mulinello e 2 cassette di ricambio.<\/div>\n<\/div>\n<div><\/div>\n<div><\/div>\n<div class=\"FFpbKc\" style=\"-webkit-tap-highlight-color: transparent; align-items: center; display: flex; padding-bottom: 8px; padding-left: 11px; padding-right: 4px; margin-top: auto;\">\n<div><\/div>\n<div><\/div>\n<\/div>\n<h2 id=\"c17\" class=\"oBOnKe\" style=\"-webkit-tap-highlight-color: transparent; border: 0px; margin-right: 0px; margin-bottom: 0px; margin-left: 0px; padding: 0px; font-style: inherit; font-variant: inherit; font-weight: inherit; font-stretch: inherit; font-size: inherit; line-height: inherit; clip: rect(1px, 1px, 1px, 1px); height: 1px; overflow: hidden; position: absolute; white-space: nowrap; width: 1px; z-index: -1000;\">Translation results<span style=\"-webkit-tap-highlight-color: transparent;\">Grays led the revolution in cassette reels.<\/span> <span class=\"JLqJ4b ChMk0b\" style=\"font-size: 18px; -webkit-tap-highlight-color: transparent; cursor: pointer;\" data-language-for-alternatives=\"it\" data-language-to-translate-into=\"en\" data-phrase-index=\"1\" data-number-of-phrases=\"5\"><span style=\"-webkit-tap-highlight-color: transparent;\">La cassetta FIN \u00e8 l&#8217;ultima aggiunta e non fa eccezione.<\/span><\/span> <span class=\"JLqJ4b ChMk0b\" style=\"font-size: 18px; -webkit-tap-highlight-color: transparent; cursor: pointer;\" data-language-for-alternatives=\"it\" data-language-to-translate-into=\"en\" data-phrase-index=\"2\" data-number-of-phrases=\"5\"><span style=\"-webkit-tap-highlight-color: transparent;\">Parte del nuovissimo concetto di design Grays con il suo design all&#8217;avanguardia a grande pergolato, \u00e8 perfettamente bilanciato con un collaudato sistema di trascinamento del disco in una gamma di dimensioni per coprire tutte le specie.<\/span><\/span> <span class=\"JLqJ4b ChMk0b\" style=\"font-size: 18px; -webkit-tap-highlight-color: transparent; cursor: pointer;\" data-language-for-alternatives=\"it\" data-language-to-translate-into=\"en\" data-phrase-index=\"3\" data-number-of-phrases=\"5\"><span style=\"-webkit-tap-highlight-color: transparent;\">Forniti con due bobine di ricambio e una custodia per il trasporto, i mulinelli FIN Cassette fly sono la soluzione perfetta per il pescatore che cerca di coprire pi\u00f9 opzioni con un solo mulinello.<\/span><\/span> <span class=\"JLqJ4b ChMk0b\" style=\"font-size: 18px; -webkit-tap-highlight-color: transparent; cursor: pointer;\" data-language-for-alternatives=\"it\" data-language-to-translate-into=\"en\" data-phrase-index=\"4\" data-number-of-phrases=\"5\"><span style=\"-webkit-tap-highlight-color: transparent;\">\u2022 Costruzione pressofusa di alta qualit\u00e0, rifinita a macchina \u2022 Sistema di trascinamento del disco completo \u2022 Bobina durevole della cassetta \u2022 Design industriale moderno con albero di grandi dimensioni \u2022 Fornito con custodia per mulinello e 2 cassette di ricambio<\/span><\/span><\/h2>","protected":false},"excerpt":{"rendered":"<h6><span style=\"color: #ff0000;\"><strong>PRODUCT ON ORDER DELIVERY IN 10\/15 DAYS<\/strong><\/span><\/h6>\n<h6><span style=\"color: #ff0000;\"><strong>N.B. SOME SIZES MAY BE IN STOCK, YOU WILL FIND THE QUANTITY AVAILABLE WHEN YOU MAKE YOUR CHOICE.<\/strong><\/span><\/h6>","protected":false},"featured_media":33572,"comment_status":"open","ping_status":"closed","template":"","meta":[],"product_brand":[],"product_cat":[3829,3834,3831],"product_tag":[6995],"class_list":{"0":"post-33583","1":"product","2":"type-product","3":"status-publish","4":"has-post-thumbnail","6":"product_cat-canne-mulinelli","7":"product_cat-greys-mulinelli","8":"product_cat-mulinelli","9":"product_tag-greys-fin-cassette","10":"product_shipping_class-voluminoso-solo-con-corriere","11":"pa_brand-greys","12":"pa_versioni-mulinelli-5125","13":"pa_versioni-mulinelli-5123","14":"pa_versioni-mulinelli-5119","16":"first","17":"instock","18":"shipping-taxable","19":"purchasable","20":"product-type-variable"},"_links":{"self":[{"href":"https:\/\/www.flytiersworld.it\/en\/wp-json\/wp\/v2\/product\/33583","targetHints":{"allow":["GET"]}}],"collection":[{"href":"https:\/\/www.flytiersworld.it\/en\/wp-json\/wp\/v2\/product"}],"about":[{"href":"https:\/\/www.flytiersworld.it\/en\/wp-json\/wp\/v2\/types\/product"}],"replies":[{"embeddable":true,"href":"https:\/\/www.flytiersworld.it\/en\/wp-json\/wp\/v2\/comments?post=33583"}],"wp:featuredmedia":[{"embeddable":true,"href":"https:\/\/www.flytiersworld.it\/en\/wp-json\/wp\/v2\/media\/33572"}],"wp:attachment":[{"href":"https:\/\/www.flytiersworld.it\/en\/wp-json\/wp\/v2\/media?parent=33583"}],"wp:term":[{"taxonomy":"product_brand","embeddable":true,"href":"https:\/\/www.flytiersworld.it\/en\/wp-json\/wp\/v2\/product_brand?post=33583"},{"taxonomy":"product_cat","embeddable":true,"href":"https:\/\/www.flytiersworld.it\/en\/wp-json\/wp\/v2\/product_cat?post=33583"},{"taxonomy":"product_tag","embeddable":true,"href":"https:\/\/www.flytiersworld.it\/en\/wp-json\/wp\/v2\/product_tag?post=33583"}],"curies":[{"name":"wp","href":"https:\/\/api.w.org\/{rel}","templated":true}]}}