{"id":33483,"date":"2021-09-03T13:46:44","date_gmt":"2021-09-03T13:46:44","guid":{"rendered":"http:\/\/www.flytiersworld.it\/?product=moose-body-hair"},"modified":"2025-09-03T12:33:17","modified_gmt":"2025-09-03T12:33:17","slug":"moose-body-hair","status":"publish","type":"product","link":"https:\/\/www.flytiersworld.it\/en\/shop\/costruzione\/prodotti-per-la-costruzione\/peli\/moose-body-hair\/","title":{"rendered":"MOOSE BODY HAIR"},"content":{"rendered":"<p>Pelo del corpo d&#8217;alce Canadese, ottima per costruire corpi di secche e ninfe. Ha la particolarit\u00e0 di essere un pelo cavo risultando un materiale idoneo per le secche pi\u00f9 leggere. E&#8217; possibile utilizzarlo avvolgendo una fibre chiara ed una scura contemporaneamente ottenendo cos\u00ec un corpo perfettamente somigliante all&#8217;insetto vero, lo consiglio anche per imitare ali di effimere.<\/p>","protected":false},"excerpt":{"rendered":"<p>Pelo del corpo d&#8217;alce Canadese, ottima per costruire corpi di secche e ninfe. Ha la particolarit\u00e0 di essere un pelo cavo risultando un materiale idoneo per le secche pi\u00f9 leggere. E&#8217; possibile utilizzarlo avvolgendo una fibre chiara ed una scura contemporaneamente ottenendo cos\u00ec un corpo perfettamente somigliante all&#8217;insetto vero, lo consiglio anche per imitare ali [&hellip;]<\/p>\n","protected":false},"featured_media":33484,"comment_status":"open","ping_status":"closed","template":"","meta":[],"product_brand":[],"product_cat":[3715,3726],"product_tag":[6959],"class_list":{"0":"post-33483","1":"product","2":"type-product","3":"status-publish","4":"has-post-thumbnail","6":"product_cat-prodotti-per-la-costruzione","7":"product_cat-peli","8":"product_tag-moose-body-hair","9":"pa_brand-flytiersworld","10":"pa_colori-peli-e-dubbing-nat-dark-brown","11":"pa_colori-peli-e-dubbing-natural-cream","13":"first","14":"instock","15":"shipping-taxable","16":"purchasable","17":"product-type-variable"},"_links":{"self":[{"href":"https:\/\/www.flytiersworld.it\/en\/wp-json\/wp\/v2\/product\/33483","targetHints":{"allow":["GET"]}}],"collection":[{"href":"https:\/\/www.flytiersworld.it\/en\/wp-json\/wp\/v2\/product"}],"about":[{"href":"https:\/\/www.flytiersworld.it\/en\/wp-json\/wp\/v2\/types\/product"}],"replies":[{"embeddable":true,"href":"https:\/\/www.flytiersworld.it\/en\/wp-json\/wp\/v2\/comments?post=33483"}],"wp:featuredmedia":[{"embeddable":true,"href":"https:\/\/www.flytiersworld.it\/en\/wp-json\/wp\/v2\/media\/33484"}],"wp:attachment":[{"href":"https:\/\/www.flytiersworld.it\/en\/wp-json\/wp\/v2\/media?parent=33483"}],"wp:term":[{"taxonomy":"product_brand","embeddable":true,"href":"https:\/\/www.flytiersworld.it\/en\/wp-json\/wp\/v2\/product_brand?post=33483"},{"taxonomy":"product_cat","embeddable":true,"href":"https:\/\/www.flytiersworld.it\/en\/wp-json\/wp\/v2\/product_cat?post=33483"},{"taxonomy":"product_tag","embeddable":true,"href":"https:\/\/www.flytiersworld.it\/en\/wp-json\/wp\/v2\/product_tag?post=33483"}],"curies":[{"name":"wp","href":"https:\/\/api.w.org\/{rel}","templated":true}]}}