{"id":33438,"date":"2021-06-29T14:23:01","date_gmt":"2021-06-29T14:23:01","guid":{"rendered":"http:\/\/www.flytiersworld.it\/?product=lift-vision-wader"},"modified":"2024-10-17T12:55:55","modified_gmt":"2024-10-17T12:55:55","slug":"lift-vision-wader","status":"publish","type":"product","link":"https:\/\/www.flytiersworld.it\/en\/shop\/waders-scarponi\/waders\/lift-vision-wader\/","title":{"rendered":"LIFT VISION WADER"},"content":{"rendered":"<p>Il sistema Lift consente di regolare l&#8217;altezza dei waders ovunque, dalla vita all&#8217;altezza del torace. Questo li rende un ottimo wader a tutto tondo poich\u00e9 nella calura estiva puoi farli cadere per rinfrescarti ma in pochi secondi puoi tirarli su, ad esempio se devi attraversare il fiume o comunque guadare in profondit\u00e0.<\/p>\n<p>Il materiale \u00e8 lo stesso tessuto confortevole e altamente traspirante del Gillie e il wader \u00e8 realizzato con una parte inferiore pi\u00f9 spessa per una migliore resistenza all&#8217;usura. La grande tasca frontale \u00e8 realizzata in un materiale elastico che pu\u00f2 contenere molte cose utili.<\/p>\n<h4><span style=\"color: #ff0000;\"><strong>PRODUCT ON ORDER DELIVERY IN 10\/15 DAYS<\/strong><\/span><\/h4>\n<h4><span style=\"color: #ff0000;\"><strong>N.B. SOME SIZES MAY BE IN STOCK, YOU WILL FIND THE QUANTITY AVAILABLE WHEN YOU MAKE YOUR CHOICE.<\/strong><\/span><\/h4>\n<p>&#8211; Leggero, imballa in un piccolo spazio<\/p>\n<p>&#8211; Costruzione a 3 strati in tessuto F3.5TM impermeabile e traspirante<\/p>\n<p>&#8211; Cintura da wading estensibile con due passanti per cintura<\/p>\n<p>&#8211; Bretelle regolabili in colore abbinato<\/p>\n<p>&#8211; Para sassi integrato con ganci per lacci<\/p>\n<p>&#8211; Cicli di asciugatura integrati<\/p>\n<p>&#8211; Piedi in neoprene con design laterale sinistro e destro<\/p>\n<p>&#8211; Taglio curvo NoSeamTM per una vestibilit\u00e0 perfetta<\/p>\n<p>&#8211; anelli a D D<\/p>","protected":false},"excerpt":{"rendered":"<h6><span style=\"color: #ff0000;\"><strong>PRODUCT ON ORDER DELIVERY IN 10\/15 DAYS<\/strong><\/span><\/h6>\n<h6><span style=\"color: #ff0000;\"><strong>N.B. SOME SIZES MAY BE IN STOCK, YOU WILL FIND THE QUANTITY AVAILABLE WHEN YOU MAKE YOUR CHOICE.<\/strong><\/span><\/h6>","protected":false},"featured_media":33439,"comment_status":"open","ping_status":"closed","template":"","meta":[],"product_brand":[],"product_cat":[3775,3774],"product_tag":[6948],"class_list":{"0":"post-33438","1":"product","2":"type-product","3":"status-publish","4":"has-post-thumbnail","6":"product_cat-waders","7":"product_cat-waders-scarponi","8":"product_tag-lift-vision-wader","9":"pa_brand-vision","10":"pa_misure-waders-e-scarpe-l","11":"pa_misure-waders-e-scarpe-lk","12":"pa_misure-waders-e-scarpe-ll","13":"pa_misure-waders-e-scarpe-m","14":"pa_misure-waders-e-scarpe-mk","15":"pa_misure-waders-e-scarpe-ml","16":"pa_misure-waders-e-scarpe-s","17":"pa_misure-waders-e-scarpe-wm-lady","18":"pa_misure-waders-e-scarpe-ws-lady","19":"pa_misure-waders-e-scarpe-xl","20":"pa_misure-waders-e-scarpe-xxl","22":"first","23":"outofstock","24":"shipping-taxable","25":"purchasable","26":"product-type-variable"},"_links":{"self":[{"href":"https:\/\/www.flytiersworld.it\/en\/wp-json\/wp\/v2\/product\/33438","targetHints":{"allow":["GET"]}}],"collection":[{"href":"https:\/\/www.flytiersworld.it\/en\/wp-json\/wp\/v2\/product"}],"about":[{"href":"https:\/\/www.flytiersworld.it\/en\/wp-json\/wp\/v2\/types\/product"}],"replies":[{"embeddable":true,"href":"https:\/\/www.flytiersworld.it\/en\/wp-json\/wp\/v2\/comments?post=33438"}],"wp:featuredmedia":[{"embeddable":true,"href":"https:\/\/www.flytiersworld.it\/en\/wp-json\/wp\/v2\/media\/33439"}],"wp:attachment":[{"href":"https:\/\/www.flytiersworld.it\/en\/wp-json\/wp\/v2\/media?parent=33438"}],"wp:term":[{"taxonomy":"product_brand","embeddable":true,"href":"https:\/\/www.flytiersworld.it\/en\/wp-json\/wp\/v2\/product_brand?post=33438"},{"taxonomy":"product_cat","embeddable":true,"href":"https:\/\/www.flytiersworld.it\/en\/wp-json\/wp\/v2\/product_cat?post=33438"},{"taxonomy":"product_tag","embeddable":true,"href":"https:\/\/www.flytiersworld.it\/en\/wp-json\/wp\/v2\/product_tag?post=33438"}],"curies":[{"name":"wp","href":"https:\/\/api.w.org\/{rel}","templated":true}]}}