{"id":33337,"date":"2021-04-19T13:57:01","date_gmt":"2021-04-19T13:57:01","guid":{"rendered":"http:\/\/www.flytiersworld.it\/?product=tiemco-akron-standard-9"},"modified":"2026-04-15T10:01:56","modified_gmt":"2026-04-15T10:01:56","slug":"tiemco-akron-standard-9","status":"publish","type":"product","link":"https:\/\/www.flytiersworld.it\/en\/shop\/finali-conici\/tiemco-akron-standard-9\/","title":{"rendered":"TIEMCO AKRON STANDARD 9\u2032"},"content":{"rendered":"<p>Finale conico in nylon\u00a0STANDARD\u00a0Tiemco, ideale\u00a0per la pesca a mosca, viene considerato uno dei finali pi\u00f9 classici, disponibile da\u00a07,5 ft , 9ft e da 12ft\u00a0ed\u00a0\u00e8 dotato di ottima elasticit\u00e0 e resistenza. Infine, questo finale conico in nylon STANDARD \u00e8\u00a0di colore grigio chiaro per essere meno visibile anche ai pesci pi\u00f9 diffidenti.<\/p>","protected":false},"excerpt":{"rendered":"<p>Finale conico in nylon\u00a0STANDARD\u00a0Tiemco, ideale\u00a0per la pesca a mosca, viene considerato uno dei finali pi\u00f9 classici, disponibile da\u00a07,5 ft , 9ft e da 12ft\u00a0ed\u00a0\u00e8 dotato di ottima elasticit\u00e0 e resistenza. Infine, questo finale conico in nylon STANDARD \u00e8\u00a0di colore grigio chiaro per essere meno visibile anche ai pesci pi\u00f9 diffidenti.<\/p>","protected":false},"featured_media":33338,"comment_status":"open","ping_status":"closed","template":"","meta":[],"product_brand":[],"product_cat":[3878],"product_tag":[6921],"class_list":{"0":"post-33337","1":"product","2":"type-product","3":"status-publish","4":"has-post-thumbnail","6":"product_cat-finali-conici","7":"product_tag-tiemco-akron-standard-9","8":"pa_brand-tiemco","9":"pa_versioni-finali-0x-mm-028","10":"pa_versioni-finali-1x-mm-026","11":"pa_versioni-finali-2x-mm-023","12":"pa_versioni-finali-3x-mm-020","13":"pa_versioni-finali-4x-mm-016","14":"pa_versioni-finali-5x-mm-014","15":"pa_versioni-finali-6x-mm-012","16":"pa_versioni-finali-7x-mm-010","18":"first","19":"instock","20":"shipping-taxable","21":"purchasable","22":"product-type-variable"},"_links":{"self":[{"href":"https:\/\/www.flytiersworld.it\/en\/wp-json\/wp\/v2\/product\/33337","targetHints":{"allow":["GET"]}}],"collection":[{"href":"https:\/\/www.flytiersworld.it\/en\/wp-json\/wp\/v2\/product"}],"about":[{"href":"https:\/\/www.flytiersworld.it\/en\/wp-json\/wp\/v2\/types\/product"}],"replies":[{"embeddable":true,"href":"https:\/\/www.flytiersworld.it\/en\/wp-json\/wp\/v2\/comments?post=33337"}],"wp:featuredmedia":[{"embeddable":true,"href":"https:\/\/www.flytiersworld.it\/en\/wp-json\/wp\/v2\/media\/33338"}],"wp:attachment":[{"href":"https:\/\/www.flytiersworld.it\/en\/wp-json\/wp\/v2\/media?parent=33337"}],"wp:term":[{"taxonomy":"product_brand","embeddable":true,"href":"https:\/\/www.flytiersworld.it\/en\/wp-json\/wp\/v2\/product_brand?post=33337"},{"taxonomy":"product_cat","embeddable":true,"href":"https:\/\/www.flytiersworld.it\/en\/wp-json\/wp\/v2\/product_cat?post=33337"},{"taxonomy":"product_tag","embeddable":true,"href":"https:\/\/www.flytiersworld.it\/en\/wp-json\/wp\/v2\/product_tag?post=33337"}],"curies":[{"name":"wp","href":"https:\/\/api.w.org\/{rel}","templated":true}]}}