{"id":33305,"date":"2021-04-01T10:55:29","date_gmt":"2021-04-01T10:55:29","guid":{"rendered":"http:\/\/www.flytiersworld.it\/?product=vision-musta-michelin"},"modified":"2024-10-17T12:55:58","modified_gmt":"2024-10-17T12:55:58","slug":"vision-musta-michelin","status":"publish","type":"product","link":"https:\/\/www.flytiersworld.it\/en\/shop\/waders-scarponi\/scarpe-da-wading\/vision-musta-michelin\/","title":{"rendered":"VISION MUSTA MICHELIN"},"content":{"rendered":"<p>Il Vision Musta Michelin \u00e8 un scarpone moderno e leggero con tomaia in poliestere balistico rinforzato in TPU. La stampa TPU nelle aree progettate offre una buona resistenza all&#8217;usura senza rendere la calzatura troppo ingombrante e pesante.La scarpa \u00e8 facile da indossare e calza bene. Per una maggiore resistenza, le linee dei punti hanno le proprie scanalature e l&#8217;intersuola in EVA e il paraurti anteriore della suola Michelin \u00e8 cucito sulla tomaia della scarpa. La suola in gomma Michelin, che abbiamo progettato insieme al famoso produttore di pneumatici Michelin offre numerosi vantaggi in confronto ad altre suole in gomma. Il paraurti anteriore \u00e8 incorporato nella suola, quindi \u00e8 impossibile che si separa. Il profilo della suola \u00e8 ispirato allo pneumatico Michelin LTX A \/ S con modifiche mirate al guado.<\/p>\n<p>Le alette hanno scanalature a onda per aderenza e adattabilit\u00e0 su superfici irregolari delle rocce. Le sculture anteriori e del tallone sono progettate per sopportare l&#8217;usura durante le passeggiate pi\u00f9 lunghe con la trazione giusta. Per condizioni estremamente scivolose e viscide abbiamo realizzato posizioni di rientranza per posizionare i nostri chiodi che possono essere aggiunti se necessario.<\/p>\n<ul>\n<li>-Michelin rubber sole for maximum grip<\/li>\n<li>-Very light<\/li>\n<li>-High level of comfort<\/li>\n<li>-Very resistant<\/li>\n<\/ul>\n<p>Nails not included<\/p>\n<h4><span style=\"color: #ff0000;\"><strong>PRODUCT ON ORDER DELIVERY IN 10\/15 DAYS<\/strong><\/span><\/h4>\n<h4><span style=\"color: #ff0000;\"><strong>N.B. SOME SIZES MAY BE IN STOCK, YOU WILL FIND THE QUANTITY AVAILABLE WHEN YOU MAKE YOUR CHOICE.<\/strong><\/span><\/h4>","protected":false},"excerpt":{"rendered":"<h6><span style=\"color: #ff0000;\"><strong>PRODUCT ON ORDER DELIVERY IN 10\/15 DAYS<\/strong><\/span><\/h6>\n<h6><span style=\"color: #ff0000;\"><strong>N.B. SOME SIZES MAY BE IN STOCK, YOU WILL FIND THE QUANTITY AVAILABLE WHEN YOU MAKE YOUR CHOICE.<\/strong><\/span><\/h6>","protected":false},"featured_media":33306,"comment_status":"open","ping_status":"closed","template":"","meta":[],"product_brand":[],"product_cat":[3776,3774],"product_tag":[6909],"class_list":{"0":"post-33305","1":"product","2":"type-product","3":"status-publish","4":"has-post-thumbnail","6":"product_cat-scarpe-da-wading","7":"product_cat-waders-scarponi","8":"product_tag-vision-musta-michelin","9":"product_shipping_class-voluminoso-solo-con-corriere","10":"pa_brand-vision","11":"pa_misure-waders-e-scarpe-407-rubber","12":"pa_misure-waders-e-scarpe-418-rubber","13":"pa_misure-waders-e-scarpe-429-rubber","14":"pa_misure-waders-e-scarpe-4310-rubber","15":"pa_misure-waders-e-scarpe-4411-rubber","16":"pa_misure-waders-e-scarpe-4512-rubber","17":"pa_misure-waders-e-scarpe-4613-rubber","18":"pa_misure-waders-e-scarpe-4714-rubber","20":"first","21":"outofstock","22":"shipping-taxable","23":"purchasable","24":"product-type-variable"},"_links":{"self":[{"href":"https:\/\/www.flytiersworld.it\/en\/wp-json\/wp\/v2\/product\/33305","targetHints":{"allow":["GET"]}}],"collection":[{"href":"https:\/\/www.flytiersworld.it\/en\/wp-json\/wp\/v2\/product"}],"about":[{"href":"https:\/\/www.flytiersworld.it\/en\/wp-json\/wp\/v2\/types\/product"}],"replies":[{"embeddable":true,"href":"https:\/\/www.flytiersworld.it\/en\/wp-json\/wp\/v2\/comments?post=33305"}],"wp:featuredmedia":[{"embeddable":true,"href":"https:\/\/www.flytiersworld.it\/en\/wp-json\/wp\/v2\/media\/33306"}],"wp:attachment":[{"href":"https:\/\/www.flytiersworld.it\/en\/wp-json\/wp\/v2\/media?parent=33305"}],"wp:term":[{"taxonomy":"product_brand","embeddable":true,"href":"https:\/\/www.flytiersworld.it\/en\/wp-json\/wp\/v2\/product_brand?post=33305"},{"taxonomy":"product_cat","embeddable":true,"href":"https:\/\/www.flytiersworld.it\/en\/wp-json\/wp\/v2\/product_cat?post=33305"},{"taxonomy":"product_tag","embeddable":true,"href":"https:\/\/www.flytiersworld.it\/en\/wp-json\/wp\/v2\/product_tag?post=33305"}],"curies":[{"name":"wp","href":"https:\/\/api.w.org\/{rel}","templated":true}]}}