{"id":33242,"date":"2021-03-04T09:52:49","date_gmt":"2021-03-04T09:52:49","guid":{"rendered":"http:\/\/www.flytiersworld.it\/?product=hardy-zane-carbon"},"modified":"2026-01-14T16:48:43","modified_gmt":"2026-01-14T16:48:43","slug":"hardy-zane-carbon","status":"publish","type":"product","link":"https:\/\/www.flytiersworld.it\/en\/shop\/canne-mulinelli\/mulinelli\/hardy-mulinelli\/hardy-zane-carbon\/","title":{"rendered":"ZANE CARBON"},"content":{"rendered":"<p>Mulinello HARDY &#8220;ZANE CARBON&#8221;<\/p>\n<p>I mulinelli da mosca per la pesca in mare devono essere semplici e funzionare bene. Il mulinello da mosca in carbonio Hardy Zane \u00e8 ricavato da una barra 6061 \/ carbonio con una finitura anodizzata anti-infiammabilit\u00e0 salina. \u00c8 un mulinello da mosca per acqua salata finemente lavorato. Si abbina perfettamente alla canna Hardy Zane Pro 8wt. Ha un controllo di trascinamento regolato a 340 gradi con rientranze rigide per regolazioni rapide e accurate. Ha una frizione del disco multi-pad completamente sigillata con 10 libbre + potenza di arresto. Questo mulinello \u00e8 una bellissima opera d&#8217;arte lavorata a macchina adatta per la pesca nelle flats e per la pesca sulla spiaggia. Pu\u00f2 essere smontato rapidamente con una manopola a vite ed \u00e8 completamente sigillato all&#8217;interno rendendolo impermeabile alla corrosione dell&#8217;acqua salata. Il modello 6\/7\/8 \u00e8 leggero e pesa 8,3 once. e ha un sistema di trascinamento del disco sigillato. Sono rimasto particolarmente impressionato quando ho abbassato la frizione, puntato la canna e tirato fuori la linea dolcemente dalla bobina sotto la massima pressione. Avvolto con una coda WF 8 la sua capacit\u00e0 sarebbe bilanciata usando 200 yard di supporto in Dacron da 20 libbre. Avere un sistema di trascinamento liscio e sigillato rende questo mulinello una scelta eccellente per qualsiasi pescatore con la mosca di acqua salata stagionato e una testimonianza della lunga e raffinata reputazione di Hardy nella produzione di prodotti per la pesca a mosca di qualit\u00e0.<\/p>\n<p><span style=\"color: #ff0000;\"><strong><span class=\"cf0\">\ud83d\udce6 VERIFICA LA <\/span>DISPONIBILILITA&#8217;, nel caso \u00e8 DISPONIBILE SU ORDINAZIONE IN 5-15 Giorni <\/strong><\/span><\/p>\n<p>\ud83d\udcdeChiamami prima dell\u2019acquisto<\/p>","protected":false},"excerpt":{"rendered":"<h6>\u26a0\ufe0f <span style=\"color: #ff0000;\"><strong data-start=\"643\" data-end=\"658\">Attenzione:<\/strong><\/span> non tutte le misure sono sempre a stock.<br data-start=\"699\" data-end=\"702\" \/>Seleziona la misura desiderata per verificare la disponibilit\u00e0 in tempo reale.<\/h6>","protected":false},"featured_media":33243,"comment_status":"open","ping_status":"closed","template":"","meta":[],"product_brand":[],"product_cat":[3829,3833,3831],"product_tag":[6883],"class_list":{"0":"post-33242","1":"product","2":"type-product","3":"status-publish","4":"has-post-thumbnail","6":"product_cat-canne-mulinelli","7":"product_cat-hardy-mulinelli","8":"product_cat-mulinelli","9":"product_tag-hardy-zane-carbon","10":"product_shipping_class-voluminoso-solo-con-corriere","11":"pa_brand-hardy","12":"pa_versioni-mulinelli-6882","13":"pa_versioni-mulinelli-6737","14":"pa_versioni-mulinelli-6736","15":"pa_versioni-mulinelli-6827","17":"first","18":"onbackorder","19":"shipping-taxable","20":"purchasable","21":"product-type-variable"},"_links":{"self":[{"href":"https:\/\/www.flytiersworld.it\/en\/wp-json\/wp\/v2\/product\/33242","targetHints":{"allow":["GET"]}}],"collection":[{"href":"https:\/\/www.flytiersworld.it\/en\/wp-json\/wp\/v2\/product"}],"about":[{"href":"https:\/\/www.flytiersworld.it\/en\/wp-json\/wp\/v2\/types\/product"}],"replies":[{"embeddable":true,"href":"https:\/\/www.flytiersworld.it\/en\/wp-json\/wp\/v2\/comments?post=33242"}],"wp:featuredmedia":[{"embeddable":true,"href":"https:\/\/www.flytiersworld.it\/en\/wp-json\/wp\/v2\/media\/33243"}],"wp:attachment":[{"href":"https:\/\/www.flytiersworld.it\/en\/wp-json\/wp\/v2\/media?parent=33242"}],"wp:term":[{"taxonomy":"product_brand","embeddable":true,"href":"https:\/\/www.flytiersworld.it\/en\/wp-json\/wp\/v2\/product_brand?post=33242"},{"taxonomy":"product_cat","embeddable":true,"href":"https:\/\/www.flytiersworld.it\/en\/wp-json\/wp\/v2\/product_cat?post=33242"},{"taxonomy":"product_tag","embeddable":true,"href":"https:\/\/www.flytiersworld.it\/en\/wp-json\/wp\/v2\/product_tag?post=33242"}],"curies":[{"name":"wp","href":"https:\/\/api.w.org\/{rel}","templated":true}]}}