{"id":33225,"date":"2021-02-19T10:19:23","date_gmt":"2021-02-19T10:19:23","guid":{"rendered":"http:\/\/www.flytiersworld.it\/?product=nissin-tenkara-level-line"},"modified":"2025-06-08T08:31:25","modified_gmt":"2025-06-08T08:31:25","slug":"nissin-tenkara-level-line","status":"publish","type":"product","link":"https:\/\/www.flytiersworld.it\/en\/shop\/tenkara\/canne-tenkara\/nissin-tenkara-level-line\/","title":{"rendered":"NISSIN TENKARA LEVEL LINE"},"content":{"rendered":"<p>Nissin's Tenkara rod specially designed for level line fishing. With its progressive action and fast tip, this rod will surprise you with the easy casting and control of the level lines. The 360 is fast and can be classified as a 7:3 while the 390 has a softer action similar to a 6:4.<\/p>\n<p>Extended Eva handle for improved comfort.<\/p>\n<p>Top of the range finishing and laser engravings on the cap.<\/p>\n<p>Fishing pleasure is assured.<\/p>\n<p>Open length 360cm<\/p>\n<p>Length closed 57cm<\/p>\n<p>Number of Sections 8<\/p>\n<p>Weight 80g<\/p>","protected":false},"excerpt":{"rendered":"<p>Canna da Tenkara della Nissin appositamente studiata per la pesca con le Level Line. Grazie alla sua azione progressiva e dal vettino rapido questa canna vi sorprender\u00e0 dalla facilit\u00e0 di lancio e controllo delle level line. La 360 \u00e8 rapida e pu\u00f2 essere classificata come una 7:3 mentre la 390 ha una azione pi\u00f9 morbida [&hellip;]<\/p>\n","protected":false},"featured_media":33226,"comment_status":"open","ping_status":"closed","template":"","meta":[],"product_brand":[],"product_cat":[3855,3740],"product_tag":[6875],"class_list":{"0":"post-33225","1":"product","2":"type-product","3":"status-publish","4":"has-post-thumbnail","6":"product_cat-canne-tenkara","7":"product_cat-tenkara","8":"product_tag-nissin-tenkara-level-line","9":"product_shipping_class-voluminoso-solo-con-corriere","10":"pa_brand-nissin","11":"pa_versioni-canne-360-cm-azione-73","12":"pa_versioni-canne-390-cm-azione-64","14":"first","15":"instock","16":"shipping-taxable","17":"purchasable","18":"product-type-variable"},"_links":{"self":[{"href":"https:\/\/www.flytiersworld.it\/en\/wp-json\/wp\/v2\/product\/33225","targetHints":{"allow":["GET"]}}],"collection":[{"href":"https:\/\/www.flytiersworld.it\/en\/wp-json\/wp\/v2\/product"}],"about":[{"href":"https:\/\/www.flytiersworld.it\/en\/wp-json\/wp\/v2\/types\/product"}],"replies":[{"embeddable":true,"href":"https:\/\/www.flytiersworld.it\/en\/wp-json\/wp\/v2\/comments?post=33225"}],"wp:featuredmedia":[{"embeddable":true,"href":"https:\/\/www.flytiersworld.it\/en\/wp-json\/wp\/v2\/media\/33226"}],"wp:attachment":[{"href":"https:\/\/www.flytiersworld.it\/en\/wp-json\/wp\/v2\/media?parent=33225"}],"wp:term":[{"taxonomy":"product_brand","embeddable":true,"href":"https:\/\/www.flytiersworld.it\/en\/wp-json\/wp\/v2\/product_brand?post=33225"},{"taxonomy":"product_cat","embeddable":true,"href":"https:\/\/www.flytiersworld.it\/en\/wp-json\/wp\/v2\/product_cat?post=33225"},{"taxonomy":"product_tag","embeddable":true,"href":"https:\/\/www.flytiersworld.it\/en\/wp-json\/wp\/v2\/product_tag?post=33225"}],"curies":[{"name":"wp","href":"https:\/\/api.w.org\/{rel}","templated":true}]}}