{"id":33215,"date":"2021-02-15T16:24:09","date_gmt":"2021-02-15T16:24:09","guid":{"rendered":"http:\/\/www.flytiersworld.it\/?product=ftw-dry-fly-reel"},"modified":"2024-10-17T12:43:03","modified_gmt":"2024-10-17T12:43:03","slug":"ftw-dry-fly-reel","status":"publish","type":"product","link":"https:\/\/www.flytiersworld.it\/en\/shop\/canne-mulinelli\/mulinelli\/flytiersworld-mulinelli\/ftw-dry-fly-reel\/","title":{"rendered":"FTW DRY FLY REEL"},"content":{"rendered":"<p>Leggero large arbour per coda 2 e 3 \u00e8 adatto per canne corte e per la pesca a secca. Questo mulinello \u00e8 tornito da un pezzo pieno di alluminio 6061.Cuscinetti di precisione su un albero in lega di cromo permette un recupero molto fluido e preciso. La frizione Delrin fornisce il controllo per l&#8217;utilizzo anche dei tippet pi\u00f9 sottili dando la massima sicurezza quando ne avete bisogno durante il combattimento con una grossa preda! Il design molto accattivante non vi far\u00e0 catturare pi\u00f9 pesci per\u00f2 dar\u00e0 un tocco di classe alla vostra attrezzatura.<\/p>\n<div>RR # 2\/3 \u00a0: Peso 102 gr, Diametro 65 mm, larghezza bobina interna 20 mm.<\/div>","protected":false},"excerpt":{"rendered":"<p>Leggero large arbour per coda 2 e 3 \u00e8 adatto per canne corte e per la pesca a secca. Questo mulinello \u00e8 tornito da un pezzo pieno di alluminio 6061.Cuscinetti di precisione su un albero in lega di cromo permette un recupero molto fluido e preciso. La frizione Delrin fornisce il controllo per l&#8217;utilizzo anche [&hellip;]<\/p>\n","protected":false},"featured_media":33216,"comment_status":"open","ping_status":"closed","template":"","meta":[],"product_brand":[],"product_cat":[3829,3835,3831],"product_tag":[6872],"class_list":{"0":"post-33215","1":"product","2":"type-product","3":"status-publish","4":"has-post-thumbnail","6":"product_cat-canne-mulinelli","7":"product_cat-flytiersworld-mulinelli","8":"product_cat-mulinelli","9":"product_tag-ftw-dry-fly-reel","10":"product_shipping_class-voluminoso-solo-con-corriere","11":"pa_brand-flytiersworld","12":"pa_versioni-mulinelli-6407","13":"pa_versioni-mulinelli-fvb-bobina","15":"first","16":"instock","17":"shipping-taxable","18":"purchasable","19":"product-type-variable"},"_links":{"self":[{"href":"https:\/\/www.flytiersworld.it\/en\/wp-json\/wp\/v2\/product\/33215","targetHints":{"allow":["GET"]}}],"collection":[{"href":"https:\/\/www.flytiersworld.it\/en\/wp-json\/wp\/v2\/product"}],"about":[{"href":"https:\/\/www.flytiersworld.it\/en\/wp-json\/wp\/v2\/types\/product"}],"replies":[{"embeddable":true,"href":"https:\/\/www.flytiersworld.it\/en\/wp-json\/wp\/v2\/comments?post=33215"}],"wp:featuredmedia":[{"embeddable":true,"href":"https:\/\/www.flytiersworld.it\/en\/wp-json\/wp\/v2\/media\/33216"}],"wp:attachment":[{"href":"https:\/\/www.flytiersworld.it\/en\/wp-json\/wp\/v2\/media?parent=33215"}],"wp:term":[{"taxonomy":"product_brand","embeddable":true,"href":"https:\/\/www.flytiersworld.it\/en\/wp-json\/wp\/v2\/product_brand?post=33215"},{"taxonomy":"product_cat","embeddable":true,"href":"https:\/\/www.flytiersworld.it\/en\/wp-json\/wp\/v2\/product_cat?post=33215"},{"taxonomy":"product_tag","embeddable":true,"href":"https:\/\/www.flytiersworld.it\/en\/wp-json\/wp\/v2\/product_tag?post=33215"}],"curies":[{"name":"wp","href":"https:\/\/api.w.org\/{rel}","templated":true}]}}