{"id":33087,"date":"2020-12-14T12:18:04","date_gmt":"2020-12-14T12:18:04","guid":{"rendered":"http:\/\/www.flytiersworld.it\/?product=hardy-ultradisc"},"modified":"2026-02-28T08:07:24","modified_gmt":"2026-02-28T08:07:24","slug":"hardy-ultradisc","status":"publish","type":"product","link":"https:\/\/www.flytiersworld.it\/en\/shop\/canne-mulinelli\/mulinelli\/hardy-mulinelli\/hardy-ultradisc\/","title":{"rendered":"ULTRADISC"},"content":{"rendered":"<p>Mulinello HARDY &#8220;ULTRADISC&#8221; Fly Reel L\u2019ultimo mulinello della casa inglese, molto piccolo e versatile rispetto ai mulinelli precedenti. La misura di questo mulinello varia dalla coda 3 fino alla coda 12\u2026quindi, grazie a questo dettaglio non \u00e8 solo un mulinello da acqua dolce! Inoltre, grazie all\u2019innovativa cassa chiusa, risulta molto comodo per far si che i fili sottili non si rovinino; dotato di ultra-large arbor, permette di recuperare pi\u00f9 velocemente, agevolando l\u2019azione di pesca. Costruito con ottimi materiali \u00e8 pensato per durare nel tempo. Versatile e leggero \u2013 Hardy ULTRADISC fly reel \u00e8 progettato per essere leggero e versatile sia con una coda 3 che con una coda 12. Hardy ha realizzato ULTRADISC con alcune importanti caratteristiche che ne migliorano l\u2019usabilit\u00e0. \u00a0 Cassa chiusa e ultra-large arbor fanno si che questo mulinello sia l\u2019ideale per la pesca a ninfa col filo (Euro Nymphing). Inoltre possiede una ottima frizione nonostante la leggerezza del mulinello. Alluminio 6061 Bar Stock \u2013 Hardy ULTRADISC Fly Reel \u00e8 forgiato con alluminio aeronautico, risulta quindi molto robusto nonostante l\u2019incredibile leggerezza. Tutto in questo mulinello \u00e8 studiato per ridurre al massimo il peso senza per\u00f2 compromettere la struttura e la robustezza del mulinello. Bobina Ultra Large \u2013 La bobina ulta grande col quale \u00e8 costituito l\u2019ULTRADISC permette un recupero veloce ed efficiente del pesce. Infatti combattere il pesce in maniera efficiente \u00a0e rapida \u00e8 molto importante sia nella pesca in acqua dolce che in quella in acqua salata. Finiture Anodizzate \u2013 Anodizzazione dell\u2019ULTRADISC risulta rigida per preservare la struttura della bobina e aumentarne la durata nel tempo. Inoltre grazie al procedimento di anodizzazione di tipo 2 il mulinello \u00e8 molto resistente alle ammaccature e ai graffi provocati da cadute o urti accidentali. Infine lo stesso procedimento rende pi\u00f9 resistente il mulinello in ogni condizione climatica. Tipo di Frizione \u2013 La frizione dell\u2019 Hardy ULTRADISC Fly Reel \u00e8 costituita da un sistema di dischi multipli molto forti, che permettono di frenare molto la fuga del pesce. Inoltre \u00e8 molto facile da regolare. Questa particole frizione \u00e8 perfettamente tarata per i pesci di acqua dolce ma trova molti utilizzi anche per quello che riguarda la pesca in mare, il tutto senza essere pesante. Materiali \u2013 \u00a0Il sistema di frizione a dischi multipli di Hardy ULTRADISC \u00e8 costruito in carbonio composito. Hardy utilizza carbonio composito per mantenere la frizione leggera senza sacrificare la durata e la potenza frenante. I mulinelli Hardy sono coperti da garanzia fino a 5 anni per difetti di fabbricazione; il periodo di garanzia inizia al momento dell\u2019acquisto con regolare scontrino fiscale. E\u2019 importante registrare il prodotto acquistato (entro 60 giorni dall\u2019acquisto) sul sito Hardy al seguente indirizzo (<a href=\"http:\/\/www.hardyfishing.com\/productregistration\" target=\"_blank\" rel=\"noopener noreferrer\">\u00a0registering a Hardy product<\/a>\u00a0)<\/p>\n<ul>\n<li>la garanzia viene applicata esclusivamente al\u00a0primo proprietario<\/li>\n<\/ul>\n<ul>\n<li>this guarantee does not cover damage caused by negligence and lack of maintenance<\/li>\n<\/ul>\n<ul>\n<li>i danni causati al mulinello e non dovuti a difetti di fabbricazione sono soggetti a costi; a seconda del problema riscontrato verranno indicati i costi di riparazione e spedizione. Se il mulinello non pu\u00f2 essere riparato, Hardy offrir\u00e0 un nuovo mulinello in sostituzione.<\/li>\n<\/ul>\n<p>infatti l\u2019alluminio 6061 \u00e8 molto famoso nella pesca a mosca per via della sua resistenza. Colori disponibili: canna di fucile e nero.<\/p>\n<p><span style=\"background-color: #ffffff;\"><span class=\"JLqJ4b ChMk0b\" style=\"-webkit-tap-highlight-color: transparent; cursor: pointer; font-family: Roboto, RobotoDraft, Helvetica, Arial, sans-serif; font-size: 18px; white-space: pre-wrap;\" data-language-for-alternatives=\"it\" data-language-to-translate-into=\"en\" data-phrase-index=\"21\"><span style=\"-webkit-tap-highlight-color: transparent; font-size: 14px;\">\u00a0<\/span><\/span><\/span><\/p>","protected":false},"excerpt":{"rendered":"<p>Mulinello HARDY &#8220;ULTRADISC&#8221; Fly Reel L\u2019ultimo mulinello della casa inglese, molto piccolo e versatile rispetto ai mulinelli precedenti. La misura di questo mulinello varia dalla coda 3 fino alla coda 12\u2026quindi, grazie a questo dettaglio non \u00e8 solo un mulinello da acqua dolce! Inoltre, grazie all\u2019innovativa cassa chiusa, risulta molto comodo per far si che [&hellip;]<\/p>\n","protected":false},"featured_media":33088,"comment_status":"open","ping_status":"closed","template":"","meta":[],"product_brand":[],"product_cat":[3829,3833,3831],"product_tag":[6829],"class_list":{"0":"post-33087","1":"product","2":"type-product","3":"status-publish","4":"has-post-thumbnail","6":"product_cat-canne-mulinelli","7":"product_cat-hardy-mulinelli","8":"product_cat-mulinelli","9":"product_tag-hardy-ultradisc","10":"product_shipping_class-voluminoso-solo-con-corriere","11":"pa_brand-hardy","12":"pa_versioni-mulinelli-6734","13":"pa_versioni-mulinelli-6731","14":"pa_versioni-mulinelli-345-nero","15":"pa_versioni-mulinelli-6735","16":"pa_versioni-mulinelli-456-nero","17":"pa_versioni-mulinelli-6741","18":"pa_versioni-mulinelli-567-nero","19":"pa_versioni-mulinelli-6736","20":"pa_versioni-mulinelli-678-nero","21":"pa_versioni-mulinelli-6738","22":"pa_versioni-mulinelli-6827","23":"pa_versioni-mulinelli-6733","24":"pa_versioni-mulinelli-234-black","26":"first","27":"instock","28":"sale","29":"featured","30":"shipping-taxable","31":"purchasable","32":"product-type-variable"},"_links":{"self":[{"href":"https:\/\/www.flytiersworld.it\/en\/wp-json\/wp\/v2\/product\/33087","targetHints":{"allow":["GET"]}}],"collection":[{"href":"https:\/\/www.flytiersworld.it\/en\/wp-json\/wp\/v2\/product"}],"about":[{"href":"https:\/\/www.flytiersworld.it\/en\/wp-json\/wp\/v2\/types\/product"}],"replies":[{"embeddable":true,"href":"https:\/\/www.flytiersworld.it\/en\/wp-json\/wp\/v2\/comments?post=33087"}],"wp:featuredmedia":[{"embeddable":true,"href":"https:\/\/www.flytiersworld.it\/en\/wp-json\/wp\/v2\/media\/33088"}],"wp:attachment":[{"href":"https:\/\/www.flytiersworld.it\/en\/wp-json\/wp\/v2\/media?parent=33087"}],"wp:term":[{"taxonomy":"product_brand","embeddable":true,"href":"https:\/\/www.flytiersworld.it\/en\/wp-json\/wp\/v2\/product_brand?post=33087"},{"taxonomy":"product_cat","embeddable":true,"href":"https:\/\/www.flytiersworld.it\/en\/wp-json\/wp\/v2\/product_cat?post=33087"},{"taxonomy":"product_tag","embeddable":true,"href":"https:\/\/www.flytiersworld.it\/en\/wp-json\/wp\/v2\/product_tag?post=33087"}],"curies":[{"name":"wp","href":"https:\/\/api.w.org\/{rel}","templated":true}]}}