{"id":33068,"date":"2020-11-11T14:11:40","date_gmt":"2020-11-11T14:11:40","guid":{"rendered":"http:\/\/www.flytiersworld.it\/?product=alpine-fur"},"modified":"2026-03-02T09:49:11","modified_gmt":"2026-03-02T09:49:11","slug":"alpine-fur","status":"publish","type":"product","link":"https:\/\/www.flytiersworld.it\/en\/shop\/costruzione\/prodotti-per-la-costruzione\/dubbing\/naturale\/alpine-fur\/","title":{"rendered":"ALPINE FUR"},"content":{"rendered":"<p>Alpine Fur \u00e8 un mix di peli naturali provenienti da animali adulti dall&#8217;Arco Alpino : il pelo \u00e8 pi\u00f9 rigido e molto pi\u00f9 lucido.<\/p>\n<p>Il pelo viene lavato e disinfettato e lasciato nel suo colore naturale : \u00e8 particolarmente indicato per la costruzione di ninfe, corpi di grosse mosche secche e zampette di terrestrials. Questo dubbing \u00e8 fantastico per le ninfe e per realizzare grossi corpi si secche, sedge e zampe di terrestrial. Potrete aggiungere alcuni peli nelle ali delle vostre emergenti cos\u00ec da renderle pi\u00f9 reali.<\/p>\n<p>Packaged in a handy little box.<\/p>\n<p style=\"margin-bottom: 0px; font-size: 1.35rem; padding: 0px; -webkit-font-smoothing: antialiased; line-height: 1.5; color: rgba(30, 30, 30, 0.7); font-family: 'Open Sans', Helvetica, Arial, sans-serif;\"><span style=\"color: #000000; font-size: medium;\">\u00a0<\/span><\/p>","protected":false},"excerpt":{"rendered":"<p>Alpine Fur \u00e8 un mix di peli naturali provenienti da animali adulti dall&#8217;Arco Alpino : il pelo \u00e8 pi\u00f9 rigido e molto pi\u00f9 lucido. Il pelo viene lavato e disinfettato e lasciato nel suo colore naturale : \u00e8 particolarmente indicato per la costruzione di ninfe, corpi di grosse mosche secche e zampette di terrestrials. Questo [&hellip;]<\/p>\n","protected":false},"featured_media":33069,"comment_status":"open","ping_status":"closed","template":"","meta":[],"product_brand":[],"product_cat":[3725,3715,3748],"product_tag":[6821],"class_list":{"0":"post-33068","1":"product","2":"type-product","3":"status-publish","4":"has-post-thumbnail","6":"product_cat-dubbing","7":"product_cat-prodotti-per-la-costruzione","8":"product_cat-naturale","9":"product_tag-alpine-fur","10":"pa_brand-soldarini","11":"pa_colori-peli-e-dubbing-alpin-dark-brown","12":"pa_colori-peli-e-dubbing-alpin-dun","13":"pa_colori-peli-e-dubbing-alpin-natural","14":"pa_colori-peli-e-dubbing-alpin-olive","15":"pa_colori-peli-e-dubbing-alpin-rusty-brown","17":"first","18":"instock","19":"shipping-taxable","20":"purchasable","21":"product-type-variable"},"_links":{"self":[{"href":"https:\/\/www.flytiersworld.it\/en\/wp-json\/wp\/v2\/product\/33068","targetHints":{"allow":["GET"]}}],"collection":[{"href":"https:\/\/www.flytiersworld.it\/en\/wp-json\/wp\/v2\/product"}],"about":[{"href":"https:\/\/www.flytiersworld.it\/en\/wp-json\/wp\/v2\/types\/product"}],"replies":[{"embeddable":true,"href":"https:\/\/www.flytiersworld.it\/en\/wp-json\/wp\/v2\/comments?post=33068"}],"wp:featuredmedia":[{"embeddable":true,"href":"https:\/\/www.flytiersworld.it\/en\/wp-json\/wp\/v2\/media\/33069"}],"wp:attachment":[{"href":"https:\/\/www.flytiersworld.it\/en\/wp-json\/wp\/v2\/media?parent=33068"}],"wp:term":[{"taxonomy":"product_brand","embeddable":true,"href":"https:\/\/www.flytiersworld.it\/en\/wp-json\/wp\/v2\/product_brand?post=33068"},{"taxonomy":"product_cat","embeddable":true,"href":"https:\/\/www.flytiersworld.it\/en\/wp-json\/wp\/v2\/product_cat?post=33068"},{"taxonomy":"product_tag","embeddable":true,"href":"https:\/\/www.flytiersworld.it\/en\/wp-json\/wp\/v2\/product_tag?post=33068"}],"curies":[{"name":"wp","href":"https:\/\/api.w.org\/{rel}","templated":true}]}}