{"id":32981,"date":"2020-10-16T14:46:36","date_gmt":"2020-10-16T14:46:36","guid":{"rendered":"http:\/\/www.flytiersworld.it\/?product=snowbee-onyx-fly-reel-57-79-cassette"},"modified":"2024-10-17T12:43:56","modified_gmt":"2024-10-17T12:43:56","slug":"snowbee-onyx-fly-reel-5-7-7-9-cassette","status":"publish","type":"product","link":"https:\/\/www.flytiersworld.it\/en\/shop\/canne-mulinelli\/mulinelli\/altre-marche-mulinelli\/snowbee-onyx-fly-reel-5-7-7-9-cassette\/","title":{"rendered":"SNOWBEE ONYX FLY REEL # 5\/7 &amp; 7\/9 CASSETTE"},"content":{"rendered":"<p>SNOWBEE ONYX # 5\/7 Il mulinello da mosca a cassetta \u00e8 disponibile in una forma di bobina di cassetta, che offre la comodit\u00e0 di un sistema di cassette a &#8220;cambio rapido&#8221;, insieme al risparmio sui costi di pi\u00f9 bobine di ricambio. Le bobine delle cassette dei mulinelli da mosca sono stampate in un policarbonato flessibile, che consente loro di &#8220;flettersi&#8221; anzich\u00e9 rompersi sotto sforzo estremo. La generosa capacit\u00e0 di appoggio rende questi mulinelli ideali sia per la pesca fluviale che per piccole acque ferme. Il mulinello da mosca Snowbee Onyx # 5\/7 Cassette \u00e8 ha il kit composto da un mulinello pi\u00f9<b><u> 3 spare coils<\/u><\/b>all in a neat reel\/reel bag.<\/p>\n<p>Mulinello da mosca Snowbee Onyx n. 5\/7 Cassette Specifiche: Diametro: 3,5 &#8220;\/ 88 mm Peso: 159 g. Capacit\u00e0 supporto WF6F + 75 yds 22 libbre PES<\/p>\n<p>Features of the Snowbee Onyx fly reels:<\/p>\n<p>\u00bbTelaio e bobina in alluminio pressofuso rifiniti a macchina CNC<\/p>\n<p>\u00bbAmpio design pergolato<\/p>\n<p>\u00bbFinitura con vernice extra dura per acqua salata e resistenza ai trucioli<\/p>\n<p>\u00bbSistema di trascinamento centrale in sughero multidisco e acciaio inossidabile<\/p>\n<p>\u00bbFacile conversione da sinistra a destra<\/p>\n<p>\u00bbCuscinetto frizione a rulli unidirezionale<\/p>\n<p>\u00bbMandrino principale in acciaio inossidabile<\/p>\n<p>\u00bbBobina a sgancio rapido.<\/p>\n<p>Mulinelli Snowbee Onyx Fly &#8211; Il telaio e la bobina principali del mulinello sono realizzati in alluminio pressofuso leggero e resistente e rifiniti su una macchina CNC di precisione, in modo da ottenere il meglio da entrambi i mondi: la finitura, la sensazione e la precisione di un mulinello lavorato a CNC, ma a un prezzo &#8220;pressofuso&#8221;. Il design con pergolato di grandi dimensioni offre un recupero pi\u00f9 rapido della linea, prestazioni di trascinamento pi\u00f9 coerenti e una memoria della linea minima.<\/p>\n<p>Aggiungi a questo un sistema di trascinamento centrale multi-disco e hai un mulinello da mosca che funziona molto al di sopra delle sue aspettative a questo livello di prezzo. I dischi di trascinamento in sughero e acciaio inossidabile forniscono prestazioni di trascinamento fluide e potenti, con un&#8217;inerzia di avvio minima, per evitare quelle &#8220;smash-take&#8221;.<\/p>\n<h6><span style=\"color: #ff0000;\"><strong>PRODUCT ON ORDER DELIVERY IN 10\/15 DAYS<\/strong><\/span><\/h6>\n<h6><span style=\"color: #ff0000;\"><strong>N.B. SOME SIZES MAY BE IN STOCK, YOU WILL FIND THE QUANTITY AVAILABLE WHEN YOU MAKE YOUR CHOICE.<\/strong><\/span><\/h6>","protected":false},"excerpt":{"rendered":"<h6><span style=\"color: #ff0000;\"><strong>PRODUCT ON ORDER DELIVERY IN 10\/15 DAYS<\/strong><\/span><\/h6>\n<h6><span style=\"color: #ff0000;\"><strong>N.B. SOME SIZES MAY BE IN STOCK, YOU WILL FIND THE QUANTITY AVAILABLE WHEN YOU MAKE YOUR CHOICE.<\/strong><\/span><\/h6>\n<p>&nbsp;<\/p>","protected":false},"featured_media":32982,"comment_status":"open","ping_status":"closed","template":"","meta":[],"product_brand":[],"product_cat":[3838,3829,3831],"product_tag":[6782],"class_list":{"0":"post-32981","1":"product","2":"type-product","3":"status-publish","4":"has-post-thumbnail","6":"product_cat-altre-marche-mulinelli","7":"product_cat-canne-mulinelli","8":"product_cat-mulinelli","9":"product_tag-snowbee-onyx-fly-reel-57-amp-79-cassette","10":"product_shipping_class-voluminoso-solo-con-corriere","11":"pa_brand-snowbee","12":"pa_versioni-mulinelli-6741","13":"pa_versioni-mulinelli-6738","15":"first","16":"instock","17":"shipping-taxable","18":"purchasable","19":"product-type-variable"},"_links":{"self":[{"href":"https:\/\/www.flytiersworld.it\/en\/wp-json\/wp\/v2\/product\/32981","targetHints":{"allow":["GET"]}}],"collection":[{"href":"https:\/\/www.flytiersworld.it\/en\/wp-json\/wp\/v2\/product"}],"about":[{"href":"https:\/\/www.flytiersworld.it\/en\/wp-json\/wp\/v2\/types\/product"}],"replies":[{"embeddable":true,"href":"https:\/\/www.flytiersworld.it\/en\/wp-json\/wp\/v2\/comments?post=32981"}],"wp:featuredmedia":[{"embeddable":true,"href":"https:\/\/www.flytiersworld.it\/en\/wp-json\/wp\/v2\/media\/32982"}],"wp:attachment":[{"href":"https:\/\/www.flytiersworld.it\/en\/wp-json\/wp\/v2\/media?parent=32981"}],"wp:term":[{"taxonomy":"product_brand","embeddable":true,"href":"https:\/\/www.flytiersworld.it\/en\/wp-json\/wp\/v2\/product_brand?post=32981"},{"taxonomy":"product_cat","embeddable":true,"href":"https:\/\/www.flytiersworld.it\/en\/wp-json\/wp\/v2\/product_cat?post=32981"},{"taxonomy":"product_tag","embeddable":true,"href":"https:\/\/www.flytiersworld.it\/en\/wp-json\/wp\/v2\/product_tag?post=32981"}],"curies":[{"name":"wp","href":"https:\/\/api.w.org\/{rel}","templated":true}]}}