{"id":32775,"date":"2019-11-18T14:34:10","date_gmt":"2019-11-18T14:34:10","guid":{"rendered":"http:\/\/www.flytiersworld.it\/?product=swiss-cdc-multiclamp"},"modified":"2025-06-01T15:14:27","modified_gmt":"2025-06-01T15:14:27","slug":"swiss-cdc-multiclamp","status":"publish","type":"product","link":"https:\/\/www.flytiersworld.it\/en\/shop\/costruzione\/attrezzi-costruzione\/pinze-piume\/swiss-cdc-multiclamp\/","title":{"rendered":"SWISS CDC MULTICLAMP"},"content":{"rendered":"<div>SWISS CDC MULTICLAMP Dopo aver allestito un vasto assortimento specifico di materiali per la costruzione, il nostro obiettivo \u00e8 stato quello di creare uno strumento di supporto che riflettesse la qualit\u00e0 dei nostri materiali. Christian Kuchelmeister, dopo uno studio approfondita, ha sviluppato uno strumento con qualit\u00e0 e funzionalit\u00e0 senza precedenti. Ora possiamo presentarvi il risultato del nostro \u201cmulticlamp\u201c. Questo pinza moderna \u00e8 realizzata interamente in acciaio inossidabile ad alta resistenza. La superficie \u00e8 satinata ed il suo design risulta essere moderno, dinamico e rifinito nei dettagli sia per funzionalit\u00e0 che per ergonomicit\u00e0. L&#8217;area interna progettata aperta, serve per raggruppare o spostare il materiale premendo il pollice con l\u2019indice senza l\u2019aggiunta di altri tools. La forma appuntita fa s\u00ec che la pinza scivoli letteralmente nelle varie pelli, che siano esse sintetiche o naturali. Questa versatilit\u00e0 fa s\u00ec che la pinza non venga usata prevalentemente per il cdc oppure le hackles di gallo ma che possa venir utilizzata per tutti i materiali che vogliamo inserire nell\u2019asola per i nostri artificiali. Un\u2019ulteriore aiuto, sono i righelli ogni 5 mm che permettono al costruttore di dosare esattamente e costantemente con la stessa quantit\u00e0 di materiale i suoi artificiali. Un altro vantaggio del nostro multiclamp \u00e8 l\u2019aiuto alla lavorazione dei vari dubbing presenti sul mercato. La forma appuntita dello strumento, permette di raccogliere il dubbing direttamente dal tavolo oppure dalla superficie d\u2019appoggio, particolare che supera la qualit\u00e0 degli strumenti presenti sul mercato.<\/div>\n<div>Riassunto dei vantaggi: &#8211; Design dinamico, ad alta resistenza e satinato &#8211; Multiclamp completo ad alta qualit\u00e0 e in acciaio inossidabile. &#8211; Tiene estremamente bene il dubbing che si vuole lavorare &#8211; Grande apertura per raccogliere il dubbing &#8211; Il materiale da utilizzare pu\u00f2 essere prelevato direttamente dalla pelliccia. &#8211; Il materiale pu\u00f2 essere distribuito o regolato dall\u2019area aperta. &#8211; Righello sulle ganasce per mantenere sempre uguale la quantit\u00e0 di materiale. &#8211; i dubbing sciolti possono essere raccolti direttamente dal tavolo di lavoro.<\/div>","protected":false},"excerpt":{"rendered":"<p>SWISS CDC MULTICLAMP Dopo aver allestito un vasto assortimento specifico di materiali per la costruzione, il nostro obiettivo \u00e8 stato quello di creare uno strumento di supporto che riflettesse la qualit\u00e0 dei nostri materiali. Christian Kuchelmeister, dopo uno studio approfondita, ha sviluppato uno strumento con qualit\u00e0 e funzionalit\u00e0 senza precedenti. Ora possiamo presentarvi il risultato [&hellip;]<\/p>\n","protected":false},"featured_media":32776,"comment_status":"open","ping_status":"closed","template":"","meta":[],"product_brand":[],"product_cat":[3732,3771],"product_tag":[],"class_list":{"0":"post-32775","1":"product","2":"type-product","3":"status-publish","4":"has-post-thumbnail","6":"product_cat-attrezzi-costruzione","7":"product_cat-pinze-piume","8":"pa_brand-swiss","10":"first","11":"outofstock","12":"shipping-taxable","13":"purchasable","14":"product-type-simple"},"_links":{"self":[{"href":"https:\/\/www.flytiersworld.it\/en\/wp-json\/wp\/v2\/product\/32775","targetHints":{"allow":["GET"]}}],"collection":[{"href":"https:\/\/www.flytiersworld.it\/en\/wp-json\/wp\/v2\/product"}],"about":[{"href":"https:\/\/www.flytiersworld.it\/en\/wp-json\/wp\/v2\/types\/product"}],"replies":[{"embeddable":true,"href":"https:\/\/www.flytiersworld.it\/en\/wp-json\/wp\/v2\/comments?post=32775"}],"wp:featuredmedia":[{"embeddable":true,"href":"https:\/\/www.flytiersworld.it\/en\/wp-json\/wp\/v2\/media\/32776"}],"wp:attachment":[{"href":"https:\/\/www.flytiersworld.it\/en\/wp-json\/wp\/v2\/media?parent=32775"}],"wp:term":[{"taxonomy":"product_brand","embeddable":true,"href":"https:\/\/www.flytiersworld.it\/en\/wp-json\/wp\/v2\/product_brand?post=32775"},{"taxonomy":"product_cat","embeddable":true,"href":"https:\/\/www.flytiersworld.it\/en\/wp-json\/wp\/v2\/product_cat?post=32775"},{"taxonomy":"product_tag","embeddable":true,"href":"https:\/\/www.flytiersworld.it\/en\/wp-json\/wp\/v2\/product_tag?post=32775"}],"curies":[{"name":"wp","href":"https:\/\/api.w.org\/{rel}","templated":true}]}}