{"id":32759,"date":"2019-11-15T10:19:02","date_gmt":"2019-11-15T10:19:02","guid":{"rendered":"http:\/\/www.flytiersworld.it\/?product=eggstacy-5-mm-ftw"},"modified":"2026-04-02T15:16:20","modified_gmt":"2026-04-02T15:16:20","slug":"eggstacy-5-mm-ftw","status":"publish","type":"product","link":"https:\/\/www.flytiersworld.it\/en\/shop\/costruzione\/prodotti-per-la-costruzione\/ciniglie\/eggstacy-5-mm-ftw\/","title":{"rendered":"EGGSTACY 5 mm FTW"},"content":{"rendered":"<p>Eggstasy 5 mm FTW \u00e8 un prodotto rivoluzionario per la costruzione delle uova e worm. A differenza del filato standard, Eggstasy \u00e8 costruito su un nucleo, il che significa che puoi semplicemente legarlo come una ciniglia. L&#8217;altra grande differenza che distingue Eggstasy dagli altri filati \u00e8 la fibra stessa. \u00c8 il primo materiale prodotto da &#8220;Next Generation&#8221; (fibra NX-Gen). Questo \u00e8 un sintetico rivoluzionario. Le fibre NX-Gen sono micro sottili e sono progettate per intrappolare l&#8217;acqua formando una trama quasi fangosa quando bagnata. Quasi come una spugna. Le fibre sono inoltre traslucide, il che consente alla luce di spostarsi attraverso l&#8217;uovo \/ la chiazza, a differenza del filato d&#8217;uovo standard. La fibra NX-Gen ha un ottimo movimento, a differenza del filato normale che rimane statico. Nell&#8217;acqua l&#8217;uovo sembra quasi realistico. Nota: abbiamo fotografato ogni colore in condizioni di bagnato, granulosit\u00e0, poich\u00e9 il bagnato presenta un cambiamento di colore del 30%. Sostituisce lo squirmy worm dove non \u00e8 possibile utilizzarlo micidiale per la pesca in lago con tappo.<\/p>\n<p>&nbsp;<\/p>\n<p>Quindi per favore ignora il colore nel pacchetto !!! Mettilo nell&#8217;acqua e il colore si anima<\/p>","protected":false},"excerpt":{"rendered":"<p>Eggstasy 5 mm FTW \u00e8 un prodotto rivoluzionario per la costruzione delle uova e worm. A differenza del filato standard, Eggstasy \u00e8 costruito su un nucleo, il che significa che puoi semplicemente legarlo come una ciniglia. L&#8217;altra grande differenza che distingue Eggstasy dagli altri filati \u00e8 la fibra stessa. \u00c8 il primo materiale prodotto da [&hellip;]<\/p>\n","protected":false},"featured_media":32760,"comment_status":"open","ping_status":"closed","template":"","meta":[],"product_brand":[],"product_cat":[3738,3715,3730],"product_tag":[6721],"class_list":{"0":"post-32759","1":"product","2":"type-product","3":"status-publish","4":"has-post-thumbnail","6":"product_cat-ciniglie","7":"product_cat-prodotti-per-la-costruzione","8":"product_cat-materiale-per-corpi","9":"product_tag-eggstacy-5-mm-ftw","10":"pa_brand-flytiersworld","11":"pa_colore-cordoncini-e-chenille-eggs-orange","12":"pa_colore-cordoncini-e-chenille-eggstacy-peach","13":"pa_colore-cordoncini-e-chenille-eggstacy-bisquit","14":"pa_colore-cordoncini-e-chenille-eggstacy-black","15":"pa_colore-cordoncini-e-chenille-eggstacy-chartreuse","16":"pa_colore-cordoncini-e-chenille-eggstacy-eggs-orange","17":"pa_colore-cordoncini-e-chenille-eggstacy-fire-pink","18":"pa_colore-cordoncini-e-chenille-eggstacy-fluo-fire-orange","19":"pa_colore-cordoncini-e-chenille-eggstacy-fluo-yellow","20":"pa_colore-cordoncini-e-chenille-eggstacy-marshmellow","21":"pa_colore-cordoncini-e-chenille-eggstacy-mushmellow","22":"pa_colore-cordoncini-e-chenille-eggstacy-orange","23":"pa_colore-cordoncini-e-chenille-eggstacy-sockaye","24":"pa_colore-cordoncini-e-chenille-eggstacy-sunburst-orange","25":"pa_colore-cordoncini-e-chenille-eggstacy-sunburst-yellow","26":"pa_colore-cordoncini-e-chenille-eggstacy-uv-white","28":"first","29":"instock","30":"shipping-taxable","31":"purchasable","32":"product-type-variable"},"_links":{"self":[{"href":"https:\/\/www.flytiersworld.it\/en\/wp-json\/wp\/v2\/product\/32759","targetHints":{"allow":["GET"]}}],"collection":[{"href":"https:\/\/www.flytiersworld.it\/en\/wp-json\/wp\/v2\/product"}],"about":[{"href":"https:\/\/www.flytiersworld.it\/en\/wp-json\/wp\/v2\/types\/product"}],"replies":[{"embeddable":true,"href":"https:\/\/www.flytiersworld.it\/en\/wp-json\/wp\/v2\/comments?post=32759"}],"wp:featuredmedia":[{"embeddable":true,"href":"https:\/\/www.flytiersworld.it\/en\/wp-json\/wp\/v2\/media\/32760"}],"wp:attachment":[{"href":"https:\/\/www.flytiersworld.it\/en\/wp-json\/wp\/v2\/media?parent=32759"}],"wp:term":[{"taxonomy":"product_brand","embeddable":true,"href":"https:\/\/www.flytiersworld.it\/en\/wp-json\/wp\/v2\/product_brand?post=32759"},{"taxonomy":"product_cat","embeddable":true,"href":"https:\/\/www.flytiersworld.it\/en\/wp-json\/wp\/v2\/product_cat?post=32759"},{"taxonomy":"product_tag","embeddable":true,"href":"https:\/\/www.flytiersworld.it\/en\/wp-json\/wp\/v2\/product_tag?post=32759"}],"curies":[{"name":"wp","href":"https:\/\/api.w.org\/{rel}","templated":true}]}}