{"id":32665,"date":"2019-05-27T14:15:29","date_gmt":"2019-05-27T14:15:29","guid":{"rendered":"http:\/\/www.flytiersworld.it\/?product=fnf-chewing-gum-3mm"},"modified":"2025-01-03T21:49:14","modified_gmt":"2025-01-03T21:49:14","slug":"fnf-chewing-gum-3mm-1","status":"publish","type":"product","link":"https:\/\/www.flytiersworld.it\/en\/shop\/costruzione\/prodotti-per-la-costruzione\/ciniglie\/fnf-chewing-gum-3mm-1\/","title":{"rendered":"CHEWING GUM 3MM"},"content":{"rendered":"<p>Questo materiale \u00e8 una ciniglia gommosa morbida ideale per corpi e vermi tipo squirmy. Il materiale morbido \u00e8 montato su un nano core in modo che possa essere facilmente montato sull&#8217;amo. La gomma \u00e8 galleggiante, quindi quando legata alle mosche rallenter\u00e0 il loro tasso di caduta, ci\u00f2 si \u00e8 rivelato mortale durante la creazione di imitazioni di vermi. La mosca affonda molto lentamente, ottima imitazione da usare con il tappo. Il materiale ha un morbido ricciolo in modo che qualsiasi movimento dia vita al verme quando il ricciolo si apre e poi ritorna. Il materiale chewing gum \u00e8 molto grumoso dandogli un aspetto pi\u00f9 simile alla vita.<\/p>","protected":false},"excerpt":{"rendered":"<p>Questo materiale \u00e8 una ciniglia gommosa morbida ideale per corpi e vermi tipo squirmy. Il materiale morbido \u00e8 montato su un nano core in modo che possa essere facilmente montato sull&#8217;amo. La gomma \u00e8 galleggiante, quindi quando legata alle mosche rallenter\u00e0 il loro tasso di caduta, ci\u00f2 si \u00e8 rivelato mortale durante la creazione di [&hellip;]<\/p>\n","protected":false},"featured_media":32666,"comment_status":"open","ping_status":"closed","template":"","meta":[],"product_brand":[],"product_cat":[3738,3715,3730],"product_tag":[6695],"class_list":{"0":"post-32665","1":"product","2":"type-product","3":"status-publish","4":"has-post-thumbnail","6":"product_cat-ciniglie","7":"product_cat-prodotti-per-la-costruzione","8":"product_cat-materiale-per-corpi","9":"product_tag-fnf-chewing-gum-3mm","10":"pa_colore-cordoncini-e-chenille-chewing-gum-biscuit","11":"pa_colore-cordoncini-e-chenille-chewing-gum-black","12":"pa_colore-cordoncini-e-chenille-chewing-gum-brillant-white","13":"pa_colore-cordoncini-e-chenille-chewing-gum-fluo-candy","14":"pa_colore-cordoncini-e-chenille-chewing-gum-hulk","15":"pa_colore-cordoncini-e-chenille-chewing-gum-marshmallow-pink","16":"pa_colore-cordoncini-e-chenille-chewing-gum-orange","17":"pa_colore-cordoncini-e-chenille-chewing-gum-red-worm","18":"pa_colore-cordoncini-e-chenille-chewing-gum-sweetcorn","20":"first","21":"instock","22":"shipping-taxable","23":"purchasable","24":"product-type-variable"},"_links":{"self":[{"href":"https:\/\/www.flytiersworld.it\/en\/wp-json\/wp\/v2\/product\/32665","targetHints":{"allow":["GET"]}}],"collection":[{"href":"https:\/\/www.flytiersworld.it\/en\/wp-json\/wp\/v2\/product"}],"about":[{"href":"https:\/\/www.flytiersworld.it\/en\/wp-json\/wp\/v2\/types\/product"}],"replies":[{"embeddable":true,"href":"https:\/\/www.flytiersworld.it\/en\/wp-json\/wp\/v2\/comments?post=32665"}],"wp:featuredmedia":[{"embeddable":true,"href":"https:\/\/www.flytiersworld.it\/en\/wp-json\/wp\/v2\/media\/32666"}],"wp:attachment":[{"href":"https:\/\/www.flytiersworld.it\/en\/wp-json\/wp\/v2\/media?parent=32665"}],"wp:term":[{"taxonomy":"product_brand","embeddable":true,"href":"https:\/\/www.flytiersworld.it\/en\/wp-json\/wp\/v2\/product_brand?post=32665"},{"taxonomy":"product_cat","embeddable":true,"href":"https:\/\/www.flytiersworld.it\/en\/wp-json\/wp\/v2\/product_cat?post=32665"},{"taxonomy":"product_tag","embeddable":true,"href":"https:\/\/www.flytiersworld.it\/en\/wp-json\/wp\/v2\/product_tag?post=32665"}],"curies":[{"name":"wp","href":"https:\/\/api.w.org\/{rel}","templated":true}]}}