{"id":32654,"date":"2019-03-28T13:26:55","date_gmt":"2019-03-28T13:26:55","guid":{"rendered":"http:\/\/www.flytiersworld.it\/?product=ftw-102-23-evolution-plus"},"modified":"2026-04-15T07:59:08","modified_gmt":"2026-04-15T07:59:08","slug":"ftw-10-2-2-3-evolution-plus","status":"publish","type":"product","link":"https:\/\/www.flytiersworld.it\/en\/shop\/canne-mulinelli\/canne\/flytiersworld-canne\/ftw-10-2-2-3-evolution-plus\/","title":{"rendered":"FTW 10'2\u2033 # 2\/3 EVOLUTION PLUS"},"content":{"rendered":"<p>E&#8217; nata la nuova FTW Evolution Plus 10&#8217;2&#8243; # 2\/3 . Il blank \u00e8 in carbonio di ultima generazione che grazie alla nano tecnologia applicata e alla fusione di pi\u00f9 strati di resine polimere la rendono estremamente leggera e robusta. Il blank \u00e8 ultra slim non verniciato per evitare riflessi in acqua, primo anello in pietra Sic Fuji posto a 45 centimetri dal porta mulinello studiato per la pesca a filo che favorisce lo scorrimento del filo nella canna. But in sughero e porta mulinello con inserto in carbonio blu. Il peso della canna \u00e8 86 grammi che la pone tra le canne da ninfa pi\u00f9 leggere sul mercato! Azione progressiva studiata per la pesca a filo e ninfa classica, risulta comunque avere una buona rapidit\u00e0 e potenza anche nei primi due elementi che permette di combattere agilmente anche prede pi\u00f9 importanti. Gradevole anche a secca.<\/p>\n<p><u><b>La canna \u00e8 corredata da un comodo tubo in cordura con porta mulinello Wychwood<\/b><\/u><\/p>\n<p>Long and severe tests led me to produce the rod of my dreams, you will not regret it!<\/p>\n<p>&#8211; Pero 86 grammi<\/p>\n<p>&#8211; Blank carbonio grezzo non verniciato<\/p>\n<p>&#8211; But in sughero<\/p>\n<p>&#8211; Porta mulinello in alluminio anodizzato con inserto in carbonio blu<\/p>\n<p>&#8211; Sughero qualit\u00e0 AAAA<\/p>\n<p>&#8211; 4 pezzi<\/p>\n<p>&#8211; tubo in cordura con porta mulinello Wychwood<\/p>\n<p>&#8211; Anello Sic basso per favorire la pesca a filo<\/p>\n<p>&nbsp;<\/p>","protected":false},"excerpt":{"rendered":"<p>E&#8217; nata la nuova FTW Evolution Plus 10&#8217;2&#8243; # 2\/3 . Il blank \u00e8 in carbonio di ultima generazione che grazie alla nano tecnologia applicata e alla fusione di pi\u00f9 strati di resine polimere la rendono estremamente leggera e robusta. Il blank \u00e8 ultra slim non verniciato per evitare riflessi in acqua, primo anello in [&hellip;]<\/p>\n","protected":false},"featured_media":32655,"comment_status":"open","ping_status":"closed","template":"","meta":[],"product_brand":[],"product_cat":[3830,3829,3839],"product_tag":[6684],"class_list":{"0":"post-32654","1":"product","2":"type-product","3":"status-publish","4":"has-post-thumbnail","6":"product_cat-canne","7":"product_cat-canne-mulinelli","8":"product_cat-flytiersworld-canne","9":"product_tag-ftw-102-23-evolution-plus","10":"product_shipping_class-voluminoso-solo-con-corriere","11":"pa_brand-flytiersworld","13":"first","14":"instock","15":"shipping-taxable","16":"purchasable","17":"product-type-simple"},"_links":{"self":[{"href":"https:\/\/www.flytiersworld.it\/en\/wp-json\/wp\/v2\/product\/32654","targetHints":{"allow":["GET"]}}],"collection":[{"href":"https:\/\/www.flytiersworld.it\/en\/wp-json\/wp\/v2\/product"}],"about":[{"href":"https:\/\/www.flytiersworld.it\/en\/wp-json\/wp\/v2\/types\/product"}],"replies":[{"embeddable":true,"href":"https:\/\/www.flytiersworld.it\/en\/wp-json\/wp\/v2\/comments?post=32654"}],"wp:featuredmedia":[{"embeddable":true,"href":"https:\/\/www.flytiersworld.it\/en\/wp-json\/wp\/v2\/media\/32655"}],"wp:attachment":[{"href":"https:\/\/www.flytiersworld.it\/en\/wp-json\/wp\/v2\/media?parent=32654"}],"wp:term":[{"taxonomy":"product_brand","embeddable":true,"href":"https:\/\/www.flytiersworld.it\/en\/wp-json\/wp\/v2\/product_brand?post=32654"},{"taxonomy":"product_cat","embeddable":true,"href":"https:\/\/www.flytiersworld.it\/en\/wp-json\/wp\/v2\/product_cat?post=32654"},{"taxonomy":"product_tag","embeddable":true,"href":"https:\/\/www.flytiersworld.it\/en\/wp-json\/wp\/v2\/product_tag?post=32654"}],"curies":[{"name":"wp","href":"https:\/\/api.w.org\/{rel}","templated":true}]}}