{"id":32583,"date":"2019-01-04T15:21:48","date_gmt":"2019-01-04T15:21:48","guid":{"rendered":"http:\/\/www.flytiersworld.it\/?product=airflo-40-expert-booby-basher"},"modified":"2026-03-06T16:10:38","modified_gmt":"2026-03-06T16:10:38","slug":"airflo-40-expert-booby-line","status":"publish","type":"product","link":"https:\/\/www.flytiersworld.it\/en\/shop\/code-monofili-backing\/code-di-topo\/code-canna-una-mano\/code-lago\/airflo-40-expert-booby-line\/","title":{"rendered":"AIRFLO 40+ EXPERT BOOBY BASHER"},"content":{"rendered":"<p>Per i pescatori a mosca esperti che vogliono lanciare pi\u00f9 lontano, con canne con azione di punta ultra veloce, che hanno la capacit\u00e0 di lancio di mantenere un loop stabile, Airflo ha creato l&#8217;esperto Forty plus in modo che questi ragazzi possano lanciare distanze ancora maggiori.<\/p>\n<p>L&#8217;ultima aggiunta alla gamma \u00e8 la Forty plus &#8216;Booby line&#8217;. Originariamente progettato per la pesca da sponda a lungo raggio su bacini di cemento nel Regno Unito; questa linea ottiene la distanza e fa cadere rapidamente le mosche a profondit\u00e0 di 30 piedi o pi\u00f9. La testa \u00e8 lunga 55 piedi ed \u00e8 progettata per essere tagliata per adattarsi alla tua canna, ha un tasso di caduta Di8 e dovrebbe essere tagliata a 40 piedi circa per lavorare su una canna da 7\/8 #. Una linea ultra sottile \u00e8 increspata per ridurre i grovigli e il suo colore arancione ad alta visibilit\u00e0 \u00e8 ottimo per le riprese di avvistamento. La lunghezza totale della linea \u00e8 55yds.<\/p>\n<p>An essential tail for any competitive fly fisherman who wants to stay ahead of the pack!<\/p>\n<p>400 grains<\/p>","protected":false},"excerpt":{"rendered":"<p>Per i pescatori a mosca esperti che vogliono lanciare pi\u00f9 lontano, con canne con azione di punta ultra veloce, che hanno la capacit\u00e0 di lancio di mantenere un loop stabile, Airflo ha creato l&#8217;esperto Forty plus in modo che questi ragazzi possano lanciare distanze ancora maggiori. L&#8217;ultima aggiunta alla gamma \u00e8 la Forty plus &#8216;Booby [&hellip;]<\/p>\n","protected":false},"featured_media":50103,"comment_status":"open","ping_status":"closed","template":"","meta":[],"product_brand":[],"product_cat":[3870,3869,3848,3884],"product_tag":[6667],"class_list":{"0":"post-32583","1":"product","2":"type-product","3":"status-publish","4":"has-post-thumbnail","6":"product_cat-code-canna-una-mano","7":"product_cat-code-di-topo","8":"product_cat-code-monofili-backing","9":"product_cat-code-lago","10":"product_tag-airflo-40-expert-booby-line","11":"pa_brand-air-flo","12":"pa_versioni-code-booby-basher-di8","14":"first","15":"instock","16":"shipping-taxable","17":"purchasable","18":"product-type-variable"},"_links":{"self":[{"href":"https:\/\/www.flytiersworld.it\/en\/wp-json\/wp\/v2\/product\/32583","targetHints":{"allow":["GET"]}}],"collection":[{"href":"https:\/\/www.flytiersworld.it\/en\/wp-json\/wp\/v2\/product"}],"about":[{"href":"https:\/\/www.flytiersworld.it\/en\/wp-json\/wp\/v2\/types\/product"}],"replies":[{"embeddable":true,"href":"https:\/\/www.flytiersworld.it\/en\/wp-json\/wp\/v2\/comments?post=32583"}],"wp:featuredmedia":[{"embeddable":true,"href":"https:\/\/www.flytiersworld.it\/en\/wp-json\/wp\/v2\/media\/50103"}],"wp:attachment":[{"href":"https:\/\/www.flytiersworld.it\/en\/wp-json\/wp\/v2\/media?parent=32583"}],"wp:term":[{"taxonomy":"product_brand","embeddable":true,"href":"https:\/\/www.flytiersworld.it\/en\/wp-json\/wp\/v2\/product_brand?post=32583"},{"taxonomy":"product_cat","embeddable":true,"href":"https:\/\/www.flytiersworld.it\/en\/wp-json\/wp\/v2\/product_cat?post=32583"},{"taxonomy":"product_tag","embeddable":true,"href":"https:\/\/www.flytiersworld.it\/en\/wp-json\/wp\/v2\/product_tag?post=32583"}],"curies":[{"name":"wp","href":"https:\/\/api.w.org\/{rel}","templated":true}]}}