{"id":32547,"date":"2018-12-04T15:19:33","date_gmt":"2018-12-04T15:19:33","guid":{"rendered":"http:\/\/www.flytiersworld.it\/?product=micro-cellular-plastazote"},"modified":"2025-11-07T12:02:24","modified_gmt":"2025-11-07T12:02:24","slug":"micro-cellular-plastazote","status":"publish","type":"product","link":"https:\/\/www.flytiersworld.it\/en\/shop\/costruzione\/prodotti-per-la-costruzione\/foams-gummy\/micro-cellular-plastazote\/","title":{"rendered":"MICRO-CELLULAR PLASTAZOTE"},"content":{"rendered":"<p>Blocco di foam ad alta densit\u00e0 per la costruzione di occhi per boobies e terrestrial, l&#8217;alta densit\u00e0 delle cellule favorisce la massima galleggiabilit\u00e0 delle vostre imitazioni. Il blocco misura 15&#215;7,5&#215;2,8<\/p>","protected":false},"excerpt":{"rendered":"<p>Blocco di foam ad alta densit\u00e0 per la costruzione di occhi per boobies e terrestrial, l&#8217;alta densit\u00e0 delle cellule favorisce la massima galleggiabilit\u00e0 delle vostre imitazioni. Il blocco misura 15&#215;7,5&#215;2,8<\/p>","protected":false},"featured_media":32548,"comment_status":"open","ping_status":"closed","template":"","meta":[],"product_brand":[],"product_cat":[3736,3715],"product_tag":[6659],"class_list":{"0":"post-32547","1":"product","2":"type-product","3":"status-publish","4":"has-post-thumbnail","6":"product_cat-foams-gummy","7":"product_cat-prodotti-per-la-costruzione","8":"product_tag-micro-cellular-plastazote","9":"pa_brand-veniard","10":"pa_colori-gummy-e-foam-black","11":"pa_colori-gummy-e-foam-chartreuse","12":"pa_colori-gummy-e-foam-foam-blue","13":"pa_colori-gummy-e-foam-green","14":"pa_colori-gummy-e-foam-hot-pink","15":"pa_colori-gummy-e-foam-orange","16":"pa_colori-gummy-e-foam-red","17":"pa_colori-gummy-e-foam-white","18":"pa_colori-gummy-e-foam-yellow","20":"first","21":"instock","22":"shipping-taxable","23":"purchasable","24":"product-type-variable"},"_links":{"self":[{"href":"https:\/\/www.flytiersworld.it\/en\/wp-json\/wp\/v2\/product\/32547","targetHints":{"allow":["GET"]}}],"collection":[{"href":"https:\/\/www.flytiersworld.it\/en\/wp-json\/wp\/v2\/product"}],"about":[{"href":"https:\/\/www.flytiersworld.it\/en\/wp-json\/wp\/v2\/types\/product"}],"replies":[{"embeddable":true,"href":"https:\/\/www.flytiersworld.it\/en\/wp-json\/wp\/v2\/comments?post=32547"}],"wp:featuredmedia":[{"embeddable":true,"href":"https:\/\/www.flytiersworld.it\/en\/wp-json\/wp\/v2\/media\/32548"}],"wp:attachment":[{"href":"https:\/\/www.flytiersworld.it\/en\/wp-json\/wp\/v2\/media?parent=32547"}],"wp:term":[{"taxonomy":"product_brand","embeddable":true,"href":"https:\/\/www.flytiersworld.it\/en\/wp-json\/wp\/v2\/product_brand?post=32547"},{"taxonomy":"product_cat","embeddable":true,"href":"https:\/\/www.flytiersworld.it\/en\/wp-json\/wp\/v2\/product_cat?post=32547"},{"taxonomy":"product_tag","embeddable":true,"href":"https:\/\/www.flytiersworld.it\/en\/wp-json\/wp\/v2\/product_tag?post=32547"}],"curies":[{"name":"wp","href":"https:\/\/api.w.org\/{rel}","templated":true}]}}