{"id":32530,"date":"2018-11-27T11:55:35","date_gmt":"2018-11-27T11:55:35","guid":{"rendered":"http:\/\/www.flytiersworld.it\/?product=s-power-elite-comp-fluorcarbon"},"modified":"2026-04-10T15:28:11","modified_gmt":"2026-04-10T15:28:11","slug":"s-power-elite-comp-fluorcarbon","status":"publish","type":"product","link":"https:\/\/www.flytiersworld.it\/en\/shop\/code-monofili-backing\/monofili\/fluorocarbon\/s-power-elite-comp-fluorcarbon\/","title":{"rendered":"S-POWER ELITE COMP FLUORCARBON"},"content":{"rendered":"<p>The polymer chains of the Fluorocarbon s-power elite competition are oriented in all directions, which makes it unique in structure with the advantage of greater knot strength.<br \/>\nIl Fluorocarbon s-power elite competition \u00e8 invisibile in acqua, \u00e8 il pi\u00f9 resistente Fluorocarbon per ogni diametro e ha ottima resistenza all&#8217;abrasione ed agli effetti dei raggi UV. Eccezionalmente morbido e pi\u00f9 resistente al nodo del 38%<\/p>\n<p>Japan Technology<br \/>\n50m reels with elastic to prevent the thread from escaping and can be interlocked.<\/p>\n<p>7x\u00a0\u00a0\u00a0 0,104mm\u00a0\u00a0 1,630kg\u00a0\u00a0\u00a0 3,52lb<br \/>\n6x\u00a0\u00a0\u00a0 0,125mm\u00a0\u00a0 2,340kg\u00a0\u00a0\u00a0 5,07lb<br \/>\n5x\u00a0\u00a0\u00a0 0,145mm\u00a0\u00a0 2,970kg\u00a0\u00a0\u00a0 6,50lb<br \/>\n4x\u00a0\u00a0\u00a0 0,164mm\u00a0\u00a0 3,990kg\u00a0\u00a0\u00a0 8,77lb<span style=\"font-family: Verdana;\"><br \/>\n<\/span><\/p>","protected":false},"excerpt":{"rendered":"<p>Le catene di polimeri del Fluorocarbon s-power elite competition sono orientate in tutte le direzione, questo lo rende unico nella struttura con il vantaggio di garantire una maggiore resistenza al nodo. Il Fluorocarbon s-power elite competition \u00e8 invisibile in acqua, \u00e8 il pi\u00f9 resistente Fluorocarbon per ogni diametro e ha ottima resistenza all&#8217;abrasione ed agli [&hellip;]<\/p>\n","protected":false},"featured_media":49594,"comment_status":"open","ping_status":"closed","template":"","meta":[],"product_brand":[],"product_cat":[3848,3877,3875],"product_tag":[6653],"class_list":{"0":"post-32530","1":"product","2":"type-product","3":"status-publish","4":"has-post-thumbnail","6":"product_cat-code-monofili-backing","7":"product_cat-fluorocarbon","8":"product_cat-monofili","9":"product_tag-s-power-elite-comp-fluorcarbon","10":"pa_brand-soldarini","11":"pa_versioni-monofili-0092-mm","12":"pa_versioni-monofili-0104-mm","13":"pa_versioni-monofili-0125-mm","14":"pa_versioni-monofili-0145-mm","15":"pa_versioni-monofili-0164-mm","16":"pa_versioni-monofili-0185-mm","17":"pa_versioni-monofili-020-mm","19":"first","20":"instock","21":"shipping-taxable","22":"purchasable","23":"product-type-variable"},"_links":{"self":[{"href":"https:\/\/www.flytiersworld.it\/en\/wp-json\/wp\/v2\/product\/32530","targetHints":{"allow":["GET"]}}],"collection":[{"href":"https:\/\/www.flytiersworld.it\/en\/wp-json\/wp\/v2\/product"}],"about":[{"href":"https:\/\/www.flytiersworld.it\/en\/wp-json\/wp\/v2\/types\/product"}],"replies":[{"embeddable":true,"href":"https:\/\/www.flytiersworld.it\/en\/wp-json\/wp\/v2\/comments?post=32530"}],"wp:featuredmedia":[{"embeddable":true,"href":"https:\/\/www.flytiersworld.it\/en\/wp-json\/wp\/v2\/media\/49594"}],"wp:attachment":[{"href":"https:\/\/www.flytiersworld.it\/en\/wp-json\/wp\/v2\/media?parent=32530"}],"wp:term":[{"taxonomy":"product_brand","embeddable":true,"href":"https:\/\/www.flytiersworld.it\/en\/wp-json\/wp\/v2\/product_brand?post=32530"},{"taxonomy":"product_cat","embeddable":true,"href":"https:\/\/www.flytiersworld.it\/en\/wp-json\/wp\/v2\/product_cat?post=32530"},{"taxonomy":"product_tag","embeddable":true,"href":"https:\/\/www.flytiersworld.it\/en\/wp-json\/wp\/v2\/product_tag?post=32530"}],"curies":[{"name":"wp","href":"https:\/\/api.w.org\/{rel}","templated":true}]}}