{"id":32489,"date":"2018-10-24T16:12:38","date_gmt":"2018-10-24T16:12:38","guid":{"rendered":"http:\/\/www.flytiersworld.it\/?product=airflo-sixth-sense-sweep-fly-line"},"modified":"2026-03-10T12:26:32","modified_gmt":"2026-03-10T12:26:32","slug":"airflo-sixth-sense-sweep-fly-line","status":"publish","type":"product","link":"https:\/\/www.flytiersworld.it\/en\/shop\/code-monofili-backing\/code-di-topo\/code-canna-una-mano\/code-lago\/airflo-sixth-sense-sweep-fly-line\/","title":{"rendered":"AIRFLO SIXTH SENSE SWEEP FLY LINE"},"content":{"rendered":"<p>Con una pancia che affonda pi\u00f9 velocemente e una punta che affonda pi\u00f9 lentamente e una linea di corsa, questa gamma di code affondanti segue un percorso a forma di U attraverso la colonna d&#8217;acqua.<\/p>\n<p>L&#8217;azione di immersione delle mosche che vengono tirate verso il basso dalla pancia crea un movimento attraente e l&#8217;angolo pi\u00f9 ripido alla fine del recupero d\u00e0 una quasi verticale quando si utilizzano modelli che affondano pi\u00f9 velocemente, rendendoli assolutamente perfetti per la pesca con le tecniche &#8220;Strip &amp; hang&#8221;.<\/p>\n<p>&nbsp;<\/p>","protected":false},"excerpt":{"rendered":"<p>Con una pancia che affonda pi\u00f9 velocemente e una punta che affonda pi\u00f9 lentamente e una linea di corsa, questa gamma di code affondanti segue un percorso a forma di U attraverso la colonna d&#8217;acqua. L&#8217;azione di immersione delle mosche che vengono tirate verso il basso dalla pancia crea un movimento attraente e l&#8217;angolo pi\u00f9 [&hellip;]<\/p>\n","protected":false},"featured_media":32490,"comment_status":"open","ping_status":"closed","template":"","meta":[],"product_brand":[],"product_cat":[3870,3869,3848,3884],"product_tag":[6640],"class_list":{"0":"post-32489","1":"product","2":"type-product","3":"status-publish","4":"has-post-thumbnail","6":"product_cat-code-canna-una-mano","7":"product_cat-code-di-topo","8":"product_cat-code-monofili-backing","9":"product_cat-code-lago","10":"product_tag-airflo-sixth-sense-sweep-fly-line","11":"pa_brand-air-flo","12":"pa_versioni-code-sweep-aff-3-wf-7","13":"pa_versioni-code-sweep-aff-3-wf-8","14":"pa_versioni-code-sweep-aff-5-wf-7","15":"pa_versioni-code-sweep-aff-5-wf-8","17":"first","18":"instock","19":"shipping-taxable","20":"purchasable","21":"product-type-variable"},"_links":{"self":[{"href":"https:\/\/www.flytiersworld.it\/en\/wp-json\/wp\/v2\/product\/32489","targetHints":{"allow":["GET"]}}],"collection":[{"href":"https:\/\/www.flytiersworld.it\/en\/wp-json\/wp\/v2\/product"}],"about":[{"href":"https:\/\/www.flytiersworld.it\/en\/wp-json\/wp\/v2\/types\/product"}],"replies":[{"embeddable":true,"href":"https:\/\/www.flytiersworld.it\/en\/wp-json\/wp\/v2\/comments?post=32489"}],"wp:featuredmedia":[{"embeddable":true,"href":"https:\/\/www.flytiersworld.it\/en\/wp-json\/wp\/v2\/media\/32490"}],"wp:attachment":[{"href":"https:\/\/www.flytiersworld.it\/en\/wp-json\/wp\/v2\/media?parent=32489"}],"wp:term":[{"taxonomy":"product_brand","embeddable":true,"href":"https:\/\/www.flytiersworld.it\/en\/wp-json\/wp\/v2\/product_brand?post=32489"},{"taxonomy":"product_cat","embeddable":true,"href":"https:\/\/www.flytiersworld.it\/en\/wp-json\/wp\/v2\/product_cat?post=32489"},{"taxonomy":"product_tag","embeddable":true,"href":"https:\/\/www.flytiersworld.it\/en\/wp-json\/wp\/v2\/product_tag?post=32489"}],"curies":[{"name":"wp","href":"https:\/\/api.w.org\/{rel}","templated":true}]}}