{"id":32419,"date":"2018-05-24T14:02:11","date_gmt":"2018-05-24T14:02:11","guid":{"rendered":"http:\/\/www.flytiersworld.it\/?product=loop-serie-q-double-hand"},"modified":"2024-10-17T12:47:05","modified_gmt":"2024-10-17T12:47:05","slug":"loop-serie-q-double-hand","status":"publish","type":"product","link":"https:\/\/www.flytiersworld.it\/en\/shop\/canne-mulinelli\/canne\/loop-canne\/loop-serie-q-double-hand\/","title":{"rendered":"LOOP SERIES Q DOUBLE HAND"},"content":{"rendered":"<p>Il nostro obiettivo principale con la serie Q era progettare una gamma di canne da mosca ad alte prestazioni adatte a diverse abilit\u00e0 di pesca. Disponibile a un prezzo altamente competitivo, la serie \u00e8 rifinita in un elegante colore grigio freddo ed \u00e8 disponibile in sette modelli a una mano e due modelli a due mani. Q ha superato persino le nostre aspettative molto elevate, con l&#8217;azione di ogni modello specificamente ottimizzata per la sua particolare classificazione di lenza.<\/p>\n<p>La serie \u00e8 stata sviluppata per offrire prestazioni di lancio facili da usare. Sia nelle mani di un lanciatore principiante che inizia il suo viaggio nella pesca a mosca, sia di un pescatore esperto alla ricerca di una canna da mosca con un rapporto qualit\u00e0-prezzo superiore, Q semplicemente funzioner\u00e0. Ogni canna ecceller\u00e0 in tutte le forme di moderne tecniche di lancio a mosca e risulta leggera ed estremamente reattiva nella mano. Se stai cercando di acquistare la tua prima canna da mosca LOOP o di integrare la tua collezione esistente, Q \u00e8 costruita sulla solida base di eccezionali prestazioni facili da usare.<\/p>\n<p>Progettata per tutte le forme di moderne tecniche di lancio a due mani, questa canna offre prestazioni ben al di sopra della sua fascia di prezzo per le discipline overhead e speycasting alla ricerca di pesci migratori. Ideale per ambienti fluviali di medie dimensioni, il grezzo della canna \u00e8 ottimizzato per una sezione trasversale di profili di lenza da mosca tra cui teste di lancio, sistemi Skagit e linee Spey a testa lunga.15\u2032 #10 MEDIUM FAST +<\/p>\n<p>Quando \u00e8 richiesta una copertura d&#8217;acqua a lunga distanza su fiumi di medie e grandi dimensioni, questa canna Q \u00e8 perfettamente adatta allo scopo. Sviluppata per lanciare tutte le forme di moderni profili di lenza a due mani, questa canna offre una presentazione della mosca costante lancio dopo lancio. Il design del blank consente a tutti i pescatori a mosca l&#8217;opportunit\u00e0 di ottimizzare la loro copertura d&#8217;acqua trasferendo efficacemente l&#8217;energia di lancio dal pescatore attraverso la canna da mosca e nella lenza.<\/p>\n<p align=\"center\">","protected":false},"excerpt":{"rendered":"<p>Il nostro obiettivo principale con la serie Q era progettare una gamma di canne da mosca ad alte prestazioni adatte a diverse abilit\u00e0 di pesca. Disponibile a un prezzo altamente competitivo, la serie \u00e8 rifinita in un elegante colore grigio freddo ed \u00e8 disponibile in sette modelli a una mano e due modelli a due [&hellip;]<\/p>\n","protected":false},"featured_media":32420,"comment_status":"open","ping_status":"closed","template":"","meta":[],"product_brand":[],"product_cat":[3830,3829,3844],"product_tag":[6602],"class_list":{"0":"post-32419","1":"product","2":"type-product","3":"status-publish","4":"has-post-thumbnail","6":"product_cat-canne","7":"product_cat-canne-mulinelli","8":"product_cat-loop-canne","9":"product_tag-loop-serie-q-double-hand","10":"product_shipping_class-voluminoso-solo-con-corriere","11":"pa_brand-loop","12":"pa_versioni-canne-15-10-4pcs","14":"first","15":"instock","16":"sale","17":"shipping-taxable","18":"purchasable","19":"product-type-variable"},"_links":{"self":[{"href":"https:\/\/www.flytiersworld.it\/en\/wp-json\/wp\/v2\/product\/32419","targetHints":{"allow":["GET"]}}],"collection":[{"href":"https:\/\/www.flytiersworld.it\/en\/wp-json\/wp\/v2\/product"}],"about":[{"href":"https:\/\/www.flytiersworld.it\/en\/wp-json\/wp\/v2\/types\/product"}],"replies":[{"embeddable":true,"href":"https:\/\/www.flytiersworld.it\/en\/wp-json\/wp\/v2\/comments?post=32419"}],"wp:featuredmedia":[{"embeddable":true,"href":"https:\/\/www.flytiersworld.it\/en\/wp-json\/wp\/v2\/media\/32420"}],"wp:attachment":[{"href":"https:\/\/www.flytiersworld.it\/en\/wp-json\/wp\/v2\/media?parent=32419"}],"wp:term":[{"taxonomy":"product_brand","embeddable":true,"href":"https:\/\/www.flytiersworld.it\/en\/wp-json\/wp\/v2\/product_brand?post=32419"},{"taxonomy":"product_cat","embeddable":true,"href":"https:\/\/www.flytiersworld.it\/en\/wp-json\/wp\/v2\/product_cat?post=32419"},{"taxonomy":"product_tag","embeddable":true,"href":"https:\/\/www.flytiersworld.it\/en\/wp-json\/wp\/v2\/product_tag?post=32419"}],"curies":[{"name":"wp","href":"https:\/\/api.w.org\/{rel}","templated":true}]}}