{"id":32242,"date":"2017-12-07T15:10:15","date_gmt":"2017-12-07T15:10:15","guid":{"rendered":"http:\/\/www.flytiersworld.it\/?product=claw-c-240"},"modified":"2026-02-16T22:29:19","modified_gmt":"2026-02-16T22:29:19","slug":"claw-c-240","status":"publish","type":"product","link":"https:\/\/www.flytiersworld.it\/en\/shop\/costruzione\/prodotti-per-la-costruzione\/ami\/ami-trota-temolo\/claw-c-240\/","title":{"rendered":"CLAW C 240"},"content":{"rendered":"<p>Un jig con un ampio gap e un gambo pi\u00f9 corto che consente di costruire mosche pi\u00f9 piccole e consente di montare anche beads in tungsteno pi\u00f9 pesanti del classico amo jig<br \/>\nFinish: Black Nickel.<br \/>\nBarbless. 1 pack &#8211; 25 pcs.<\/p>","protected":false},"excerpt":{"rendered":"<p>Un jig con un ampio gap e un gambo pi\u00f9 corto che consente di costruire mosche pi\u00f9 piccole e consente di montare anche beads in tungsteno pi\u00f9 pesanti del classico amo jig Finish: Black Nickel. Barbless. 1 pack &#8211; 25 pcs.<\/p>","protected":false},"featured_media":32243,"comment_status":"open","ping_status":"closed","template":"","meta":[],"product_brand":[],"product_cat":[3724,3715,3741],"product_tag":[6514],"class_list":{"0":"post-32242","1":"product","2":"type-product","3":"status-publish","4":"has-post-thumbnail","6":"product_cat-ami","7":"product_cat-prodotti-per-la-costruzione","8":"product_cat-ami-trota-temolo","9":"product_tag-claw-c-240","10":"pa_brand-dohiku","11":"pa_misure-ami-4996","12":"pa_misure-ami-4988","13":"pa_misure-ami-4989","14":"pa_misure-ami-4994","15":"pa_misure-ami-4993","16":"pa_misure-ami-4992","18":"first","19":"instock","20":"shipping-taxable","21":"purchasable","22":"product-type-variable"},"_links":{"self":[{"href":"https:\/\/www.flytiersworld.it\/en\/wp-json\/wp\/v2\/product\/32242","targetHints":{"allow":["GET"]}}],"collection":[{"href":"https:\/\/www.flytiersworld.it\/en\/wp-json\/wp\/v2\/product"}],"about":[{"href":"https:\/\/www.flytiersworld.it\/en\/wp-json\/wp\/v2\/types\/product"}],"replies":[{"embeddable":true,"href":"https:\/\/www.flytiersworld.it\/en\/wp-json\/wp\/v2\/comments?post=32242"}],"wp:featuredmedia":[{"embeddable":true,"href":"https:\/\/www.flytiersworld.it\/en\/wp-json\/wp\/v2\/media\/32243"}],"wp:attachment":[{"href":"https:\/\/www.flytiersworld.it\/en\/wp-json\/wp\/v2\/media?parent=32242"}],"wp:term":[{"taxonomy":"product_brand","embeddable":true,"href":"https:\/\/www.flytiersworld.it\/en\/wp-json\/wp\/v2\/product_brand?post=32242"},{"taxonomy":"product_cat","embeddable":true,"href":"https:\/\/www.flytiersworld.it\/en\/wp-json\/wp\/v2\/product_cat?post=32242"},{"taxonomy":"product_tag","embeddable":true,"href":"https:\/\/www.flytiersworld.it\/en\/wp-json\/wp\/v2\/product_tag?post=32242"}],"curies":[{"name":"wp","href":"https:\/\/api.w.org\/{rel}","templated":true}]}}