{"id":32179,"date":"2017-07-05T16:10:41","date_gmt":"2017-07-05T16:10:41","guid":{"rendered":"http:\/\/www.flytiersworld.it\/?product=t-shirt-spirit-of-chatch-release"},"modified":"2024-10-17T12:53:39","modified_gmt":"2024-10-17T12:53:39","slug":"t-shirt-spirit-of-chatch-release","status":"publish","type":"product","link":"https:\/\/www.flytiersworld.it\/en\/shop\/abbigliamento-tecnico\/t-shirt\/t-shirt-spirit-of-chatch-release\/","title":{"rendered":"SPIRIT OF CHATCH &amp; RELEASE T-SHIRT"},"content":{"rendered":"<p>Marbler's new Spirit of Catch &amp; Release T-shirt.<\/p>\n<p>An eye-catching 'street art' style graphic on a warm background. It is informal, relaxed and fun: the perfect T-shirt for a day on the river or an evening drink with friends.<\/p>\n<p>The logo is screen-printed on a high-quality cotton T-shirt.<\/p>\n<p>Regular fit. Check the size chart to find the right size for you.<\/p>","protected":false},"excerpt":{"rendered":"<p>La nuova maglietta Spirit of Catch &amp; Release di Marbler. Una grafica accattivante in stile \u201cstreet art\u201d su uno sfondo caldo. \u00c8 informale, rilassata e divertente: la maglietta perfetta per una giornata sul fiume o un aperitivo serale con gli amici. Il logo \u00e8 serigrafato su una maglietta in cotone di alta qualit\u00e0. Vestibilit\u00e0 regolare. [&hellip;]<\/p>\n","protected":false},"featured_media":32180,"comment_status":"open","ping_status":"closed","template":"","meta":[],"product_brand":[],"product_cat":[3723,3780],"product_tag":[5156,6487,6488],"class_list":{"0":"post-32179","1":"product","2":"type-product","3":"status-publish","4":"has-post-thumbnail","6":"product_cat-abbigliamento-tecnico","7":"product_cat-t-shirt","8":"product_tag-camicie","9":"product_tag-t-shirt-spirit-of-chatch-release","10":"product_tag-tsscr","11":"pa_misure-abbigliamento-l","12":"pa_misure-abbigliamento-m","13":"pa_misure-abbigliamento-xl","15":"first","16":"instock","17":"shipping-taxable","18":"purchasable","19":"product-type-variable"},"_links":{"self":[{"href":"https:\/\/www.flytiersworld.it\/en\/wp-json\/wp\/v2\/product\/32179","targetHints":{"allow":["GET"]}}],"collection":[{"href":"https:\/\/www.flytiersworld.it\/en\/wp-json\/wp\/v2\/product"}],"about":[{"href":"https:\/\/www.flytiersworld.it\/en\/wp-json\/wp\/v2\/types\/product"}],"replies":[{"embeddable":true,"href":"https:\/\/www.flytiersworld.it\/en\/wp-json\/wp\/v2\/comments?post=32179"}],"wp:featuredmedia":[{"embeddable":true,"href":"https:\/\/www.flytiersworld.it\/en\/wp-json\/wp\/v2\/media\/32180"}],"wp:attachment":[{"href":"https:\/\/www.flytiersworld.it\/en\/wp-json\/wp\/v2\/media?parent=32179"}],"wp:term":[{"taxonomy":"product_brand","embeddable":true,"href":"https:\/\/www.flytiersworld.it\/en\/wp-json\/wp\/v2\/product_brand?post=32179"},{"taxonomy":"product_cat","embeddable":true,"href":"https:\/\/www.flytiersworld.it\/en\/wp-json\/wp\/v2\/product_cat?post=32179"},{"taxonomy":"product_tag","embeddable":true,"href":"https:\/\/www.flytiersworld.it\/en\/wp-json\/wp\/v2\/product_tag?post=32179"}],"curies":[{"name":"wp","href":"https:\/\/api.w.org\/{rel}","templated":true}]}}