{"id":32163,"date":"2017-05-23T10:03:10","date_gmt":"2017-05-23T10:03:10","guid":{"rendered":"http:\/\/www.flytiersworld.it\/?product=rubba-landing-net"},"modified":"2025-12-01T13:41:19","modified_gmt":"2025-12-01T13:41:19","slug":"rubba-landing-net","status":"publish","type":"product","link":"https:\/\/www.flytiersworld.it\/en\/shop\/coregone\/guadini-coregone\/rubba-landing-net\/","title":{"rendered":"RUBBA LANDING NET"},"content":{"rendered":"<p>Il manico in alluminio \u00e8 completamente staccabile per un pi\u00f9 facile trasporto. La morbidissima rete gommata \u00e8 di altissima qualit\u00e0 e realizzata con uno stampo esclusivo. Indispensabile per quanti hanno davvero a cuore la salute delle loro prede e vogliono rilasciarle senza danni. Il manico chiuso \u00e8 74 cm e in totale estensione 140 cm ottimo per la pesca dalla barca, trout area e laghetto.<\/p>","protected":false},"excerpt":{"rendered":"<p>Il manico in alluminio \u00e8 completamente staccabile per un pi\u00f9 facile trasporto. La morbidissima rete gommata \u00e8 di altissima qualit\u00e0 e realizzata con uno stampo esclusivo. Indispensabile per quanti hanno davvero a cuore la salute delle loro prede e vogliono rilasciarle senza danni. Il manico chiuso \u00e8 74 cm e in totale estensione 140 cm [&hellip;]<\/p>\n","protected":false},"featured_media":32164,"comment_status":"open","ping_status":"closed","template":"","meta":[],"product_brand":[],"product_cat":[3849,3721,3862],"product_tag":[6040,6475,6474],"class_list":{"0":"post-32163","1":"product","2":"type-product","3":"status-publish","4":"has-post-thumbnail","6":"product_cat-coregone","7":"product_cat-guadini","8":"product_cat-guadini-coregone","9":"product_tag-guadini","10":"product_tag-rnet","11":"product_tag-rubba-landing-net","12":"product_shipping_class-voluminoso-solo-con-corriere","13":"pa_brand-trabucco","15":"first","16":"outofstock","17":"shipping-taxable","18":"purchasable","19":"product-type-simple"},"_links":{"self":[{"href":"https:\/\/www.flytiersworld.it\/en\/wp-json\/wp\/v2\/product\/32163","targetHints":{"allow":["GET"]}}],"collection":[{"href":"https:\/\/www.flytiersworld.it\/en\/wp-json\/wp\/v2\/product"}],"about":[{"href":"https:\/\/www.flytiersworld.it\/en\/wp-json\/wp\/v2\/types\/product"}],"replies":[{"embeddable":true,"href":"https:\/\/www.flytiersworld.it\/en\/wp-json\/wp\/v2\/comments?post=32163"}],"wp:featuredmedia":[{"embeddable":true,"href":"https:\/\/www.flytiersworld.it\/en\/wp-json\/wp\/v2\/media\/32164"}],"wp:attachment":[{"href":"https:\/\/www.flytiersworld.it\/en\/wp-json\/wp\/v2\/media?parent=32163"}],"wp:term":[{"taxonomy":"product_brand","embeddable":true,"href":"https:\/\/www.flytiersworld.it\/en\/wp-json\/wp\/v2\/product_brand?post=32163"},{"taxonomy":"product_cat","embeddable":true,"href":"https:\/\/www.flytiersworld.it\/en\/wp-json\/wp\/v2\/product_cat?post=32163"},{"taxonomy":"product_tag","embeddable":true,"href":"https:\/\/www.flytiersworld.it\/en\/wp-json\/wp\/v2\/product_tag?post=32163"}],"curies":[{"name":"wp","href":"https:\/\/api.w.org\/{rel}","templated":true}]}}