{"id":32067,"date":"2017-02-09T14:10:46","date_gmt":"2017-02-09T14:10:46","guid":{"rendered":"http:\/\/www.flytiersworld.it\/?product=asso-flyfishing-fluorcarbon-soft"},"modified":"2024-10-17T12:30:53","modified_gmt":"2024-10-17T12:30:53","slug":"asso-flyfishing-fluorcarbon-soft","status":"publish","type":"product","link":"https:\/\/www.flytiersworld.it\/en\/shop\/code-monofili-backing\/monofili\/fluorocarbon\/asso-flyfishing-fluorcarbon-soft\/","title":{"rendered":"ACE FLYFISHING FLUORCARBON SOFT"},"content":{"rendered":"<p>Asso Fly Fishing Fluorocarbon Soft riunisce in s\u00e9 le due caratteristiche fondamentali per il suo impiego: il massimo della morbidezza unito al massimo della tenacit\u00e0, comportamenti pi\u00f9 simili al nylon che al fluorocarbon.<\/p>\n<div>\n<p>\u00c8 il risultato delle ultime evoluzioni tecnologiche nel campo del Fluorocarbon, particolarmente indicato per la pesca a mosca, ideale per la trota.<br \/>\nPermette di fare nodi perfetti ed \u00e8 praticamente invisibile al pesce.<\/p>\n<p>The spools are equipped with a practical elastic thread stopper in a different colour depending on the size of the thread. 50 m spool.<\/p>\n<\/div>","protected":false},"excerpt":{"rendered":"<p>Asso Fly Fishing Fluorocarbon Soft riunisce in s\u00e9 le due caratteristiche fondamentali per il suo impiego: il massimo della morbidezza unito al massimo della tenacit\u00e0, comportamenti pi\u00f9 simili al nylon che al fluorocarbon. \u00c8 il risultato delle ultime evoluzioni tecnologiche nel campo del Fluorocarbon, particolarmente indicato per la pesca a mosca, ideale per la trota. [&hellip;]<\/p>\n","protected":false},"featured_media":32068,"comment_status":"open","ping_status":"closed","template":"","meta":[],"product_brand":[],"product_cat":[3848,3857,3877,3875,3740],"product_tag":[6426,6425,6423],"class_list":{"0":"post-32067","1":"product","2":"type-product","3":"status-publish","4":"has-post-thumbnail","6":"product_cat-code-monofili-backing","7":"product_cat-finali-e-level-line-tenkara","8":"product_cat-fluorocarbon","9":"product_cat-monofili","10":"product_cat-tenkara","11":"product_tag-affs","12":"product_tag-asso-flyfishing-fluorcarbon-soft","13":"product_tag-fluor-carbon","14":"pa_brand-asso","15":"pa_versioni-monofili-2x-0-22-mm","17":"first","18":"instock","19":"sale","20":"shipping-taxable","21":"purchasable","22":"product-type-variable"},"_links":{"self":[{"href":"https:\/\/www.flytiersworld.it\/en\/wp-json\/wp\/v2\/product\/32067","targetHints":{"allow":["GET"]}}],"collection":[{"href":"https:\/\/www.flytiersworld.it\/en\/wp-json\/wp\/v2\/product"}],"about":[{"href":"https:\/\/www.flytiersworld.it\/en\/wp-json\/wp\/v2\/types\/product"}],"replies":[{"embeddable":true,"href":"https:\/\/www.flytiersworld.it\/en\/wp-json\/wp\/v2\/comments?post=32067"}],"wp:featuredmedia":[{"embeddable":true,"href":"https:\/\/www.flytiersworld.it\/en\/wp-json\/wp\/v2\/media\/32068"}],"wp:attachment":[{"href":"https:\/\/www.flytiersworld.it\/en\/wp-json\/wp\/v2\/media?parent=32067"}],"wp:term":[{"taxonomy":"product_brand","embeddable":true,"href":"https:\/\/www.flytiersworld.it\/en\/wp-json\/wp\/v2\/product_brand?post=32067"},{"taxonomy":"product_cat","embeddable":true,"href":"https:\/\/www.flytiersworld.it\/en\/wp-json\/wp\/v2\/product_cat?post=32067"},{"taxonomy":"product_tag","embeddable":true,"href":"https:\/\/www.flytiersworld.it\/en\/wp-json\/wp\/v2\/product_tag?post=32067"}],"curies":[{"name":"wp","href":"https:\/\/api.w.org\/{rel}","templated":true}]}}