{"id":31787,"date":"2016-03-10T17:19:36","date_gmt":"2016-03-10T17:19:36","guid":{"rendered":"http:\/\/www.flytiersworld.it\/?product=mastery-double-taper"},"modified":"2026-01-18T10:36:56","modified_gmt":"2026-01-18T10:36:56","slug":"mastery-double-taper-dual","status":"publish","type":"product","link":"https:\/\/www.flytiersworld.it\/en\/shop\/code-monofili-backing\/code-di-topo\/code-canna-una-mano\/code-fiume\/mastery-double-taper-dual\/","title":{"rendered":"MASTERY DOUBLE TAPER"},"content":{"rendered":"<p style=\"margin: 0px; padding: 0px; color: #535353; font-size: 11px; background-color: #ffffff;\"><span style=\"font-family: Verdana;\"><span style=\"font-size: 14px;\">La serie Mastery DTD \u00e8 da anni il punto di riferimento nel panorama delle code di topo ad alta performance. Con i sistemi brevettati AST per la scorrevolezza e Dry-Tip per la massima galleggiabilit\u00e0 dei tip questa coda Mastery risulta essere la migliore nel rapporto qualit\u00e0 prezzo.<\/span><\/span><\/p>\n<p style=\"margin: 0px; padding: 0px; color: #535353; font-size: 11px; background-color: #ffffff;\"><span style=\"font-family: Verdana;\"><span style=\"font-size: 14px;\">la DTD presenta un profilo del tutto innovativo, infatti non si tratta di una normale DT ma \u00e8 una coda con due diversi profili dei tapar ai due estremi. Questa caratteristica permetter\u00e0 di poterla utilizzare dal lato della punta ultra sottile e selettiva per le presentazioni pi\u00f9 delicata per la secca, oppure dal lato con il taper leggermente pi\u00f9 potente e accorciato per la pesca a ninfa.<\/span><\/span><\/p>\n<p style=\"margin: 0px; padding: 0px; color: #535353; font-size: 11px; background-color: #ffffff;\"><span style=\"font-family: Verdana;\"><span style=\"font-size: 14px;\">Colour fire gold\/millow<\/span><\/span><\/p>\n<p>DT <span lang=\"it\">Padronanza doppio cono Per anni, le linee SA Mastery Series sono state tra le nostre linee pi\u00f9 popolari e con le migliori prestazioni. Mentre alcune cose sono cambiate, una cosa non \u00e8 cambiata: le linee della serie Mastery continuano a fornire e, se non meglio, di quanto non siano mai state prima. Con il nostro additivo per lucentezza AST, la tecnologia Dry-Tip, il cambio colore nella parte posteriore della testa e il sistema di identificazione SA \u2022 ID, le linee Mastery sono ancora le migliori linee morbide al loro prezzo sul mercato. Dai puristi della mosca secca ai cani da caccia dei tarpon, la serie Mastery di SA offre a tutti i pescatori le linee di cui hanno bisogno per catturare i pesci che bramano.<\/span><\/p>","protected":false},"excerpt":{"rendered":"<p>La serie Mastery DTD \u00e8 da anni il punto di riferimento nel panorama delle code di topo ad alta performance. Con i sistemi brevettati AST per la scorrevolezza e Dry-Tip per la massima galleggiabilit\u00e0 dei tip questa coda Mastery risulta essere la migliore nel rapporto qualit\u00e0 prezzo. la DTD presenta un profilo del tutto innovativo, [&hellip;]<\/p>\n","protected":false},"featured_media":31788,"comment_status":"open","ping_status":"closed","template":"","meta":[],"product_brand":[],"product_cat":[3870,3869,3848,3885,3884],"product_tag":[6262,5154,6263,6264,6261,6259,6260],"class_list":{"0":"post-31787","1":"product","2":"type-product","3":"status-publish","4":"has-post-thumbnail","6":"product_cat-code-canna-una-mano","7":"product_cat-code-di-topo","8":"product_cat-code-monofili-backing","9":"product_cat-code-fiume","10":"product_cat-code-lago","11":"product_tag-airflo","12":"product_tag-code-di-topo-varivas","13":"product_tag-mastery-double-taper-dual","14":"product_tag-mdt","15":"product_tag-rio","16":"product_tag-scientific-anglers","17":"product_tag-vision","18":"pa_brand-scientific-anglers","19":"pa_versioni-code-dt-2-floating-mastery","20":"pa_versioni-code-dt-3-floating-mastery","21":"pa_versioni-code-dt-4-floating-mastery","22":"pa_versioni-code-dt-5-floating-mastery","23":"pa_versioni-code-dtd-3-floating-mastery","24":"pa_versioni-code-dtd-5-floating-mastery","25":"pa_versioni-code-dtd-6-floating-mastery","27":"first","28":"instock","29":"shipping-taxable","30":"purchasable","31":"product-type-variable"},"_links":{"self":[{"href":"https:\/\/www.flytiersworld.it\/en\/wp-json\/wp\/v2\/product\/31787","targetHints":{"allow":["GET"]}}],"collection":[{"href":"https:\/\/www.flytiersworld.it\/en\/wp-json\/wp\/v2\/product"}],"about":[{"href":"https:\/\/www.flytiersworld.it\/en\/wp-json\/wp\/v2\/types\/product"}],"replies":[{"embeddable":true,"href":"https:\/\/www.flytiersworld.it\/en\/wp-json\/wp\/v2\/comments?post=31787"}],"wp:featuredmedia":[{"embeddable":true,"href":"https:\/\/www.flytiersworld.it\/en\/wp-json\/wp\/v2\/media\/31788"}],"wp:attachment":[{"href":"https:\/\/www.flytiersworld.it\/en\/wp-json\/wp\/v2\/media?parent=31787"}],"wp:term":[{"taxonomy":"product_brand","embeddable":true,"href":"https:\/\/www.flytiersworld.it\/en\/wp-json\/wp\/v2\/product_brand?post=31787"},{"taxonomy":"product_cat","embeddable":true,"href":"https:\/\/www.flytiersworld.it\/en\/wp-json\/wp\/v2\/product_cat?post=31787"},{"taxonomy":"product_tag","embeddable":true,"href":"https:\/\/www.flytiersworld.it\/en\/wp-json\/wp\/v2\/product_tag?post=31787"}],"curies":[{"name":"wp","href":"https:\/\/api.w.org\/{rel}","templated":true}]}}