{"id":31533,"date":"2015-10-06T15:47:57","date_gmt":"2015-10-06T15:47:57","guid":{"rendered":"http:\/\/www.flytiersworld.it\/?product=tube-fly-box"},"modified":"2026-01-10T15:58:56","modified_gmt":"2026-01-10T15:58:56","slug":"tube-fly-box","status":"publish","type":"product","link":"https:\/\/www.flytiersworld.it\/en\/shop\/scatole-porta-mosche\/tube-fly-box\/","title":{"rendered":"TUBE FLY BOX"},"content":{"rendered":"<p>La scatola porta mosche TUBES \u00e8 stata progettata specificamente per soddisfare le esigenze dei pescatori di salmone e trota di mare del Regno Unito. Dotata di scomparti di diverse dimensioni, offre opzioni di stoccaggio che proteggono anche le mosche pi\u00f9 lunghe. La parte inferiore della scatola presenta scomparti che aiutano nello stoccaggio e nel trasporto di ami, pesi, coni, fornendo anche due scomparti super lunghi per mosche fino a 5,5 pollici di lunghezza. La parte superiore della scatola presenta 5 scomparti uguali, tutti lunghi 3 pollici. Qui \u00e8 possibile riporre facilmente le lunghezze pi\u00f9 popolari di mosche tubolari, doppie e ami tripli. Tutte le pareti in plastica resistenti e alte creano profonde cavit\u00e0 per le mosche, impedendo che le selezioni si spostino da uno scomparto all&#8217;altro durante il trasporto. Come aggiunta alla gamma Vuefinder, questo articolo presenta anche i nostri coperchi trasparenti in policarbonato altamente resistenti insieme alle nostre guarnizioni in gomma impermeabili. Progettato specificamente per mosche di salmone\/trota di mare<\/p>\n<p>Various compartment sizes<\/p>\n<p>High walls to prevent cross-contamination<\/p>\n<p>Profonde cavit\u00e0 per proteggere grandi hackles<\/p>","protected":false},"excerpt":{"rendered":"<p>La scatola porta mosche TUBES \u00e8 stata progettata specificamente per soddisfare le esigenze dei pescatori di salmone e trota di mare del Regno Unito. Dotata di scomparti di diverse dimensioni, offre opzioni di stoccaggio che proteggono anche le mosche pi\u00f9 lunghe. La parte inferiore della scatola presenta scomparti che aiutano nello stoccaggio e nel trasporto [&hellip;]<\/p>\n","protected":false},"featured_media":31534,"comment_status":"open","ping_status":"closed","template":"","meta":[],"product_brand":[],"product_cat":[3720],"product_tag":[5129,6108,6107],"class_list":{"0":"post-31533","1":"product","2":"type-product","3":"status-publish","4":"has-post-thumbnail","6":"product_cat-scatole-porta-mosche","7":"product_tag-scatole-porta-mosche","8":"product_tag-tbfb","9":"product_tag-tube-fly-box","10":"pa_brand-wychwood","12":"first","13":"instock","14":"shipping-taxable","15":"purchasable","16":"product-type-simple"},"_links":{"self":[{"href":"https:\/\/www.flytiersworld.it\/en\/wp-json\/wp\/v2\/product\/31533","targetHints":{"allow":["GET"]}}],"collection":[{"href":"https:\/\/www.flytiersworld.it\/en\/wp-json\/wp\/v2\/product"}],"about":[{"href":"https:\/\/www.flytiersworld.it\/en\/wp-json\/wp\/v2\/types\/product"}],"replies":[{"embeddable":true,"href":"https:\/\/www.flytiersworld.it\/en\/wp-json\/wp\/v2\/comments?post=31533"}],"wp:featuredmedia":[{"embeddable":true,"href":"https:\/\/www.flytiersworld.it\/en\/wp-json\/wp\/v2\/media\/31534"}],"wp:attachment":[{"href":"https:\/\/www.flytiersworld.it\/en\/wp-json\/wp\/v2\/media?parent=31533"}],"wp:term":[{"taxonomy":"product_brand","embeddable":true,"href":"https:\/\/www.flytiersworld.it\/en\/wp-json\/wp\/v2\/product_brand?post=31533"},{"taxonomy":"product_cat","embeddable":true,"href":"https:\/\/www.flytiersworld.it\/en\/wp-json\/wp\/v2\/product_cat?post=31533"},{"taxonomy":"product_tag","embeddable":true,"href":"https:\/\/www.flytiersworld.it\/en\/wp-json\/wp\/v2\/product_tag?post=31533"}],"curies":[{"name":"wp","href":"https:\/\/api.w.org\/{rel}","templated":true}]}}