{"id":31447,"date":"2015-03-30T11:05:37","date_gmt":"2015-03-30T11:05:37","guid":{"rendered":"http:\/\/www.flytiersworld.it\/?product=loomis-franklin-im-7"},"modified":"2025-12-11T13:39:16","modified_gmt":"2025-12-11T13:39:16","slug":"loomis-franklin-im-7","status":"publish","type":"product","link":"https:\/\/www.flytiersworld.it\/en\/shop\/canne-mulinelli\/canne\/loomis-franklin-canne\/loomis-franklin-im-7\/","title":{"rendered":"LOOMIS &amp; FRANKLIN IM 7"},"content":{"rendered":"<p lang=\"it-IT\">Le Loomis&amp;Franklin nascono dall&#8217;evoluzione delle precedenti.<\/p>\n<p lang=\"it-IT\">Grazie ai risultati in fatto di qualit\u00e0 prezzo queste canne sono state riproposte con una nuova veste estetica e tante altre cose&#8230;.<\/p>\n<p lang=\"it-IT\">Il carbonio utilizzato \u00e8 migliore, il Modulo usato \u00e8 IM7, un carbonio dalle pi\u00f9 alte prestazioni in termini di sollecitazione e risposta sotto sforzo. Tutte le canne sono in 4 pezzi e la finitura del grezzo \u00e8 di colore Gloss Gunmetal (Grigio Lucido).<\/p>\n<p lang=\"it-IT\">E&#8217; stato introdotto un cimino non rettificato per una maggiore resistenza alle sollecitazioni, inoltre i passanti sono pi\u00f9 fini dei precedenti, sia nel diametro che nello spessore. Anche i manici sono stati rifiniti rendendoli pi\u00f9 ergonomici, il porta mulinello \u00e8 in alluminio ultraleggero.<\/p>\n<p lang=\"it-IT\">Anche il tubo \u00e8 migliorato, sempre in cordura, ma pi\u00f9 largo del precedente ed all&#8217;interno \u00e8 diviso in 4, per ritirare la canna velocemente dopo aver slamato il pesce della vita&#8230;<\/p>\n<p lang=\"it-IT\">All this at a super-aggressive price!<\/p>\n<p lang=\"it-IT\">CHARACTERISTICS:<\/p>\n<p lang=\"it-IT\">Tutte in 4 Pezzi tranne la 7&#8217;6&#8243; che comprende anche una versione a 3 pezzi<\/p>\n<p lang=\"it-IT\">Carbon IM7<\/p>\n<p lang=\"it-IT\">Reduced blank diameter compared to previous version<\/p>\n<p lang=\"it-IT\">Unrectified Cimino<\/p>\n<p lang=\"it-IT\">Finish Gloss Gunmetal (glossy grey)<\/p>\n<p lang=\"it-IT\">Sugheri pi\u00f9 fini ed ergonomici<\/p>\n<p lang=\"it-IT\">Cordura tube, with internal divider.<\/p>\n<p>&nbsp;<\/p>","protected":false},"excerpt":{"rendered":"<p>Le Loomis&amp;Franklin nascono dall&#8217;evoluzione delle precedenti. Grazie ai risultati in fatto di qualit\u00e0 prezzo queste canne sono state riproposte con una nuova veste estetica e tante altre cose&#8230;. Il carbonio utilizzato \u00e8 migliore, il Modulo usato \u00e8 IM7, un carbonio dalle pi\u00f9 alte prestazioni in termini di sollecitazione e risposta sotto sforzo. Tutte le canne [&hellip;]<\/p>\n","protected":false},"featured_media":31448,"comment_status":"open","ping_status":"closed","template":"","meta":[],"product_brand":[],"product_cat":[3830,3829,3840],"product_tag":[6054],"class_list":{"0":"post-31447","1":"product","2":"type-product","3":"status-publish","4":"has-post-thumbnail","6":"product_cat-canne","7":"product_cat-canne-mulinelli","8":"product_cat-loomis-franklin-canne","9":"product_tag-loomis-amp-franklyn-nymph-10","10":"product_shipping_class-voluminoso-solo-con-corriere","11":"pa_versioni-canne-10-3-4pcs","12":"pa_versioni-canne-96-23-4pcs","14":"first","15":"instock","16":"sale","17":"shipping-taxable","18":"purchasable","19":"product-type-variable"},"_links":{"self":[{"href":"https:\/\/www.flytiersworld.it\/en\/wp-json\/wp\/v2\/product\/31447","targetHints":{"allow":["GET"]}}],"collection":[{"href":"https:\/\/www.flytiersworld.it\/en\/wp-json\/wp\/v2\/product"}],"about":[{"href":"https:\/\/www.flytiersworld.it\/en\/wp-json\/wp\/v2\/types\/product"}],"replies":[{"embeddable":true,"href":"https:\/\/www.flytiersworld.it\/en\/wp-json\/wp\/v2\/comments?post=31447"}],"wp:featuredmedia":[{"embeddable":true,"href":"https:\/\/www.flytiersworld.it\/en\/wp-json\/wp\/v2\/media\/31448"}],"wp:attachment":[{"href":"https:\/\/www.flytiersworld.it\/en\/wp-json\/wp\/v2\/media?parent=31447"}],"wp:term":[{"taxonomy":"product_brand","embeddable":true,"href":"https:\/\/www.flytiersworld.it\/en\/wp-json\/wp\/v2\/product_brand?post=31447"},{"taxonomy":"product_cat","embeddable":true,"href":"https:\/\/www.flytiersworld.it\/en\/wp-json\/wp\/v2\/product_cat?post=31447"},{"taxonomy":"product_tag","embeddable":true,"href":"https:\/\/www.flytiersworld.it\/en\/wp-json\/wp\/v2\/product_tag?post=31447"}],"curies":[{"name":"wp","href":"https:\/\/api.w.org\/{rel}","templated":true}]}}