{"id":30885,"date":"2013-10-08T15:11:25","date_gmt":"2013-10-08T15:11:25","guid":{"rendered":"http:\/\/www.flytiersworld.it\/?product=ftw-syntetic-peacock-quill"},"modified":"2026-03-17T10:12:06","modified_gmt":"2026-03-17T10:12:06","slug":"ftw-syntetic-peacock-quill","status":"publish","type":"product","link":"https:\/\/www.flytiersworld.it\/en\/shop\/costruzione\/prodotti-per-la-costruzione\/filati-tinsel\/filati\/ftw-syntetic-peacock-quill\/","title":{"rendered":"FTW SYNTETIC PEACOCK QUILL"},"content":{"rendered":"<p>Brand new synthetic quill for the construction of Chironomi bodies, dries, emergers and nymphs. Very light, water-resistant, I recommend painting, it is indestructible. It can be stretched without breaking to give the body of the artificials a realistic effect. Available in 10 colours and two different sizes as you can see from the photo. I particularly recommend it for constructing CHIRONOMI for COREGONE fishing, it is a product I personally use with excellent results!<\/p>","protected":false},"excerpt":{"rendered":"<p>Nuovissimo quill sintetico per la costruzione di corpi di Chironomi, secche, emergenti e ninfe. Leggerissimo, resistente all&#8217;acqua, consiglio la verniciatura, \u00e8 indistruttibile. Pu\u00f2 essere tirato senza che si rompa per dare la conicit\u00e0 al corpo degli artificiali dando cos\u00ec un effetto realistico. Disponibile in 10 colori e due dimensioni differenti come \u00e8 possibile notare dalla [&hellip;]<\/p>\n","protected":false},"featured_media":30886,"comment_status":"open","ping_status":"closed","template":"","meta":[],"product_brand":[],"product_cat":[3727,3849,3866,3725,3751,3715,3730,3749,3752],"product_tag":[5847,3924],"class_list":{"0":"post-30885","1":"product","2":"type-product","3":"status-publish","4":"has-post-thumbnail","6":"product_cat-filati-tinsel","7":"product_cat-coregone","8":"product_cat-costruzione-mosche-coregone","9":"product_cat-dubbing","10":"product_cat-filati","11":"product_cat-prodotti-per-la-costruzione","12":"product_cat-materiale-per-corpi","13":"product_cat-sintetico","14":"product_cat-tinsel","15":"product_tag-ftw-syntetic-peacock-quill","16":"product_tag-pesca-a-mosca","17":"pa_brand-flytiersworld","18":"pa_colore-tinsel-e-filamenti-syp-blackred","19":"pa_colore-tinsel-e-filamenti-syp-creambrown","20":"pa_colore-tinsel-e-filamenti-syp-golden-yellowdark-olive","21":"pa_colore-tinsel-e-filamenti-syp-greyiron-dun","22":"pa_colore-tinsel-e-filamenti-syp-insect-greendark-olive","23":"pa_colore-tinsel-e-filamenti-syp-olivedark-olive","24":"pa_colore-tinsel-e-filamenti-syp-purpleblack","25":"pa_colore-tinsel-e-filamenti-syp-redyellow","26":"pa_colore-tinsel-e-filamenti-syp-whiteblack","27":"pa_colore-tinsel-e-filamenti-syp-yellowolive","29":"first","30":"instock","31":"shipping-taxable","32":"purchasable","33":"product-type-variable"},"_links":{"self":[{"href":"https:\/\/www.flytiersworld.it\/en\/wp-json\/wp\/v2\/product\/30885","targetHints":{"allow":["GET"]}}],"collection":[{"href":"https:\/\/www.flytiersworld.it\/en\/wp-json\/wp\/v2\/product"}],"about":[{"href":"https:\/\/www.flytiersworld.it\/en\/wp-json\/wp\/v2\/types\/product"}],"replies":[{"embeddable":true,"href":"https:\/\/www.flytiersworld.it\/en\/wp-json\/wp\/v2\/comments?post=30885"}],"wp:featuredmedia":[{"embeddable":true,"href":"https:\/\/www.flytiersworld.it\/en\/wp-json\/wp\/v2\/media\/30886"}],"wp:attachment":[{"href":"https:\/\/www.flytiersworld.it\/en\/wp-json\/wp\/v2\/media?parent=30885"}],"wp:term":[{"taxonomy":"product_brand","embeddable":true,"href":"https:\/\/www.flytiersworld.it\/en\/wp-json\/wp\/v2\/product_brand?post=30885"},{"taxonomy":"product_cat","embeddable":true,"href":"https:\/\/www.flytiersworld.it\/en\/wp-json\/wp\/v2\/product_cat?post=30885"},{"taxonomy":"product_tag","embeddable":true,"href":"https:\/\/www.flytiersworld.it\/en\/wp-json\/wp\/v2\/product_tag?post=30885"}],"curies":[{"name":"wp","href":"https:\/\/api.w.org\/{rel}","templated":true}]}}