{"id":30875,"date":"2013-09-13T16:32:26","date_gmt":"2013-09-13T16:32:26","guid":{"rendered":"http:\/\/www.flytiersworld.it\/?product=t-force-fluorcarbon"},"modified":"2026-05-12T07:55:24","modified_gmt":"2026-05-12T07:55:24","slug":"t-force-fluorcarbon","status":"publish","type":"product","link":"https:\/\/www.flytiersworld.it\/en\/shop\/code-monofili-backing\/monofili\/fluorocarbon\/t-force-fluorcarbon\/","title":{"rendered":"T-FORCE FLUORCARBON"},"content":{"rendered":"<p>Monofilament consisting of 100% fluorocarbon, extremely soft, abrasion-resistant and sinking.<br \/>\nBut its main characteristic lies in the very low degree of light refraction in water, which makes it completely invisible.<br \/>\nAnother peculiar feature is its complete impermeability, which allows the tensile strength, already very high for its category, to be maintained even after a long period in the water. Suitable for the construction of fins in both fresh and sea water.<br \/>\nThis brand new fluorocarbon is also completely impervious to ultraviolet rays.<\/p>","protected":false},"excerpt":{"rendered":"<p>Monofilo composto da 100% fluorocarbon, estremamente morbido, resistente all\u2019abrasione ed affondante. Ma la sua principale caratteristica risiede nel bassissimo grado di rifrazione della luce in acqua, che lo rende completamente invisibile. Altra peculiare caratteristica \u00e8 la completa impermeabilit\u00e0, che consente di mantenere inalterato il carico di rottura, gi\u00e0 altissimo per la categoria, anche dopo un [&hellip;]<\/p>\n","protected":false},"featured_media":30876,"comment_status":"open","ping_status":"closed","template":"","meta":[],"product_brand":[],"product_cat":[3848,3877,3875],"product_tag":[5835],"class_list":{"0":"post-30875","1":"product","2":"type-product","3":"status-publish","4":"has-post-thumbnail","6":"product_cat-code-monofili-backing","7":"product_cat-fluorocarbon","8":"product_cat-monofili","9":"product_tag-t-force-fluorcarbon","10":"pa_brand-trabucco","11":"pa_versioni-monofili-0104-mm","12":"pa_versioni-monofili-0125-mm","13":"pa_versioni-monofili-0145-mm","14":"pa_versioni-monofili-0164-mm","15":"pa_versioni-monofili-0185-mm","16":"pa_versioni-monofili-020-mm","18":"first","19":"instock","20":"shipping-taxable","21":"purchasable","22":"product-type-variable"},"_links":{"self":[{"href":"https:\/\/www.flytiersworld.it\/en\/wp-json\/wp\/v2\/product\/30875","targetHints":{"allow":["GET"]}}],"collection":[{"href":"https:\/\/www.flytiersworld.it\/en\/wp-json\/wp\/v2\/product"}],"about":[{"href":"https:\/\/www.flytiersworld.it\/en\/wp-json\/wp\/v2\/types\/product"}],"replies":[{"embeddable":true,"href":"https:\/\/www.flytiersworld.it\/en\/wp-json\/wp\/v2\/comments?post=30875"}],"wp:featuredmedia":[{"embeddable":true,"href":"https:\/\/www.flytiersworld.it\/en\/wp-json\/wp\/v2\/media\/30876"}],"wp:attachment":[{"href":"https:\/\/www.flytiersworld.it\/en\/wp-json\/wp\/v2\/media?parent=30875"}],"wp:term":[{"taxonomy":"product_brand","embeddable":true,"href":"https:\/\/www.flytiersworld.it\/en\/wp-json\/wp\/v2\/product_brand?post=30875"},{"taxonomy":"product_cat","embeddable":true,"href":"https:\/\/www.flytiersworld.it\/en\/wp-json\/wp\/v2\/product_cat?post=30875"},{"taxonomy":"product_tag","embeddable":true,"href":"https:\/\/www.flytiersworld.it\/en\/wp-json\/wp\/v2\/product_tag?post=30875"}],"curies":[{"name":"wp","href":"https:\/\/api.w.org\/{rel}","templated":true}]}}