{"id":30615,"date":"2013-06-13T10:58:05","date_gmt":"2013-06-13T10:58:05","guid":{"rendered":"http:\/\/www.flytiersworld.it\/?product=diamond-fluorcarbon"},"modified":"2025-07-31T00:00:01","modified_gmt":"2025-07-31T00:00:01","slug":"diamond-fluorcarbon","status":"publish","type":"product","link":"https:\/\/www.flytiersworld.it\/en\/shop\/code-monofili-backing\/monofili\/fluorocarbon\/diamond-fluorcarbon\/","title":{"rendered":"DIAMOND FLUORCARBON"},"content":{"rendered":"<p>Monofilo composto 100% di fluorcarbon con elevate caratteristiche\u00a0 di morbidezza, resistenza all&#8217;abrasione, rapida affondabilit\u00e0 e totale invisibilit\u00e0 in acqua. Con diametri assolutamente reali \u00e8 il filo ideale per la costruzione di finali. Disponibile in bobine da 50 mt.<\/p>\n<p>&nbsp;<\/p>","protected":false},"excerpt":{"rendered":"<p>Monofilo composto 100% di fluorcarbon con elevate caratteristiche\u00a0 di morbidezza, resistenza all&#8217;abrasione, rapida affondabilit\u00e0 e totale invisibilit\u00e0 in acqua. Con diametri assolutamente reali \u00e8 il filo ideale per la costruzione di finali. Disponibile in bobine da 50 mt. &nbsp;<\/p>","protected":false},"featured_media":30616,"comment_status":"open","ping_status":"closed","template":"","meta":[],"product_brand":[],"product_cat":[3848,3877,3875],"product_tag":[5768,3924],"class_list":{"0":"post-30615","1":"product","2":"type-product","3":"status-publish","4":"has-post-thumbnail","6":"product_cat-code-monofili-backing","7":"product_cat-fluorocarbon","8":"product_cat-monofili","9":"product_tag-fluorcarbon","10":"product_tag-pesca-a-mosca","11":"pa_brand-trabucco","12":"pa_versioni-monofili-0104-mm","13":"pa_versioni-monofili-0112-mm","14":"pa_versioni-monofili-0125-mm","15":"pa_versioni-monofili-020-mm","17":"first","18":"instock","19":"sale","20":"shipping-taxable","21":"purchasable","22":"product-type-variable"},"_links":{"self":[{"href":"https:\/\/www.flytiersworld.it\/en\/wp-json\/wp\/v2\/product\/30615","targetHints":{"allow":["GET"]}}],"collection":[{"href":"https:\/\/www.flytiersworld.it\/en\/wp-json\/wp\/v2\/product"}],"about":[{"href":"https:\/\/www.flytiersworld.it\/en\/wp-json\/wp\/v2\/types\/product"}],"replies":[{"embeddable":true,"href":"https:\/\/www.flytiersworld.it\/en\/wp-json\/wp\/v2\/comments?post=30615"}],"wp:featuredmedia":[{"embeddable":true,"href":"https:\/\/www.flytiersworld.it\/en\/wp-json\/wp\/v2\/media\/30616"}],"wp:attachment":[{"href":"https:\/\/www.flytiersworld.it\/en\/wp-json\/wp\/v2\/media?parent=30615"}],"wp:term":[{"taxonomy":"product_brand","embeddable":true,"href":"https:\/\/www.flytiersworld.it\/en\/wp-json\/wp\/v2\/product_brand?post=30615"},{"taxonomy":"product_cat","embeddable":true,"href":"https:\/\/www.flytiersworld.it\/en\/wp-json\/wp\/v2\/product_cat?post=30615"},{"taxonomy":"product_tag","embeddable":true,"href":"https:\/\/www.flytiersworld.it\/en\/wp-json\/wp\/v2\/product_tag?post=30615"}],"curies":[{"name":"wp","href":"https:\/\/api.w.org\/{rel}","templated":true}]}}