{"id":30611,"date":"2013-06-13T08:55:38","date_gmt":"2013-06-13T08:55:38","guid":{"rendered":"http:\/\/www.flytiersworld.it\/?product=ftw-calamita-aggiuntiva"},"modified":"2025-07-13T20:27:32","modified_gmt":"2025-07-13T20:27:32","slug":"ftw-calamita-aggiuntiva","status":"publish","type":"product","link":"https:\/\/www.flytiersworld.it\/en\/shop\/guadini\/ftw-calamita-aggiuntiva\/","title":{"rendered":"FTW ADDITIONAL MAGNET"},"content":{"rendered":"<p>Potente calamita aggiuntiva per guadino, assicura saldamente il vostro guadino alla calamita gi\u00e0 esistente evitando che si stacchi continuamente ad ogni movimento, consigliata soprattutto per i guadini pi\u00f9 pesanti. La dimensione del dischetto \u00e8 15 mm x 8 mm di altezza con una forza attrattiva pari a 6,7 kg, rivestimento in nickel.<\/p>","protected":false},"excerpt":{"rendered":"<p>Potente calamita aggiuntiva per guadino, assicura saldamente il vostro guadino alla calamita gi\u00e0 esistente evitando che si stacchi continuamente ad ogni movimento, consigliata soprattutto per i guadini pi\u00f9 pesanti. La dimensione del dischetto \u00e8 15 mm x 8 mm di altezza con una forza attrattiva pari a 6,7 kg, rivestimento in nickel.<\/p>","protected":false},"featured_media":30612,"comment_status":"open","ping_status":"closed","template":"","meta":[],"product_brand":[],"product_cat":[3721],"product_tag":[5048],"class_list":{"0":"post-30611","1":"product","2":"type-product","3":"status-publish","4":"has-post-thumbnail","6":"product_cat-guadini","7":"product_tag-accessori","8":"pa_brand-flytiersworld","10":"first","11":"instock","12":"shipping-taxable","13":"purchasable","14":"product-type-simple"},"_links":{"self":[{"href":"https:\/\/www.flytiersworld.it\/en\/wp-json\/wp\/v2\/product\/30611","targetHints":{"allow":["GET"]}}],"collection":[{"href":"https:\/\/www.flytiersworld.it\/en\/wp-json\/wp\/v2\/product"}],"about":[{"href":"https:\/\/www.flytiersworld.it\/en\/wp-json\/wp\/v2\/types\/product"}],"replies":[{"embeddable":true,"href":"https:\/\/www.flytiersworld.it\/en\/wp-json\/wp\/v2\/comments?post=30611"}],"wp:featuredmedia":[{"embeddable":true,"href":"https:\/\/www.flytiersworld.it\/en\/wp-json\/wp\/v2\/media\/30612"}],"wp:attachment":[{"href":"https:\/\/www.flytiersworld.it\/en\/wp-json\/wp\/v2\/media?parent=30611"}],"wp:term":[{"taxonomy":"product_brand","embeddable":true,"href":"https:\/\/www.flytiersworld.it\/en\/wp-json\/wp\/v2\/product_brand?post=30611"},{"taxonomy":"product_cat","embeddable":true,"href":"https:\/\/www.flytiersworld.it\/en\/wp-json\/wp\/v2\/product_cat?post=30611"},{"taxonomy":"product_tag","embeddable":true,"href":"https:\/\/www.flytiersworld.it\/en\/wp-json\/wp\/v2\/product_tag?post=30611"}],"curies":[{"name":"wp","href":"https:\/\/api.w.org\/{rel}","templated":true}]}}