{"id":30553,"date":"2013-05-15T14:08:48","date_gmt":"2013-05-15T14:08:48","guid":{"rendered":"http:\/\/www.flytiersworld.it\/?product=sanyos-wacko-hackle"},"modified":"2024-10-17T13:50:29","modified_gmt":"2024-10-17T13:50:29","slug":"sanyo-s-wacko-hackle","status":"publish","type":"product","link":"https:\/\/www.flytiersworld.it\/en\/shop\/costruzione\/prodotti-per-la-costruzione\/ciniglie\/sanyo-s-wacko-hackle\/","title":{"rendered":"SANYO'S WACKO HACKLE"},"content":{"rendered":"<p>Legare una sezione sulla parte superiore e inferiore dell&#8217;amo, pettinare e fibre e il gioco \u00e8 fatto, formare una asola doppia ed inserite il prodotto otterrete cos\u00ec una volta montate le hacles un perfetto effetto imitativo delle zampe. E&#8217; materiale flash multi strand che doner\u00e0 una ottima conicit\u00e0 all&#8217;intruder o a qualsiasi altra mosca. Ottimo usato come tinsel anche per ninfe e chironomi<\/p>\n<div><\/div>","protected":false},"excerpt":{"rendered":"<p>Legare una sezione sulla parte superiore e inferiore dell&#8217;amo, pettinare e fibre e il gioco \u00e8 fatto, formare una asola doppia ed inserite il prodotto otterrete cos\u00ec una volta montate le hacles un perfetto effetto imitativo delle zampe. E&#8217; materiale flash multi strand che doner\u00e0 una ottima conicit\u00e0 all&#8217;intruder o a qualsiasi altra mosca. Ottimo [&hellip;]<\/p>\n","protected":false},"featured_media":30554,"comment_status":"open","ping_status":"closed","template":"","meta":[],"product_brand":[],"product_cat":[3738,3849,3866,3715,3730],"product_tag":[5746],"class_list":{"0":"post-30553","1":"product","2":"type-product","3":"status-publish","4":"has-post-thumbnail","6":"product_cat-ciniglie","7":"product_cat-coregone","8":"product_cat-costruzione-mosche-coregone","9":"product_cat-prodotti-per-la-costruzione","10":"product_cat-materiale-per-corpi","11":"product_tag-sanyos-wacko-hackle","12":"pa_brand-hareline","13":"pa_colore-cordoncini-e-chenille-sanyos-wacko-black","14":"pa_colore-cordoncini-e-chenille-sanyos-wacko-blue","15":"pa_colore-cordoncini-e-chenille-sanyos-wacko-chartreause","16":"pa_colore-cordoncini-e-chenille-sanyos-wacko-fuxia","17":"pa_colore-cordoncini-e-chenille-sanyos-wacko-pink","18":"pa_colore-cordoncini-e-chenille-sanyos-wacko-purple","19":"pa_colore-cordoncini-e-chenille-sanyos-wacko-silver","21":"first","22":"instock","23":"shipping-taxable","24":"purchasable","25":"product-type-variable"},"_links":{"self":[{"href":"https:\/\/www.flytiersworld.it\/en\/wp-json\/wp\/v2\/product\/30553","targetHints":{"allow":["GET"]}}],"collection":[{"href":"https:\/\/www.flytiersworld.it\/en\/wp-json\/wp\/v2\/product"}],"about":[{"href":"https:\/\/www.flytiersworld.it\/en\/wp-json\/wp\/v2\/types\/product"}],"replies":[{"embeddable":true,"href":"https:\/\/www.flytiersworld.it\/en\/wp-json\/wp\/v2\/comments?post=30553"}],"wp:featuredmedia":[{"embeddable":true,"href":"https:\/\/www.flytiersworld.it\/en\/wp-json\/wp\/v2\/media\/30554"}],"wp:attachment":[{"href":"https:\/\/www.flytiersworld.it\/en\/wp-json\/wp\/v2\/media?parent=30553"}],"wp:term":[{"taxonomy":"product_brand","embeddable":true,"href":"https:\/\/www.flytiersworld.it\/en\/wp-json\/wp\/v2\/product_brand?post=30553"},{"taxonomy":"product_cat","embeddable":true,"href":"https:\/\/www.flytiersworld.it\/en\/wp-json\/wp\/v2\/product_cat?post=30553"},{"taxonomy":"product_tag","embeddable":true,"href":"https:\/\/www.flytiersworld.it\/en\/wp-json\/wp\/v2\/product_tag?post=30553"}],"curies":[{"name":"wp","href":"https:\/\/api.w.org\/{rel}","templated":true}]}}