{"id":30242,"date":"2013-04-26T20:35:57","date_gmt":"2013-04-26T20:35:57","guid":{"rendered":"http:\/\/www.flytiersworld.it\/?product=ftw-special-one-reel"},"modified":"2025-12-14T14:00:58","modified_gmt":"2025-12-14T14:00:58","slug":"ftw-special-one-reel","status":"publish","type":"product","link":"https:\/\/www.flytiersworld.it\/en\/shop\/canne-mulinelli\/mulinelli\/flytiersworld-mulinelli\/ftw-special-one-reel\/","title":{"rendered":"FTW SPECIAL ONE REEL"},"content":{"rendered":"<p>l&#8217;FTW Special One Reel \u00e8 il fiore all&#8217;occhiello dei mulinelli large arbour in commercio ed \u00e8 l&#8217;utlimo design prodotto. Questo mulinello \u00e8 tornito da un pezzo pieno di alluminio 6061.Cuscinetti di precisione su un albero in lega di cromo permette un recupero molto fluido e preciso.La frizione in sughero Delrin fornisce il controllo per l&#8217;utilizzo anche dei tippet pi\u00f9 sottili dando la massima sicurezza quando ne avete bisogno durante il combattimento con una grossa preda!Il colore rosso della frizione conferisce al mulinello un aspetto molto accattivante che, anche se non vi far\u00e0 catturare pi\u00f9 pesci, dar\u00e0 un tocco di classe alla vostra attrezzatura.<\/p>\n<div>\n<p>RR # 2\/3 \u00a0: Peso 125 gr, Diametro 74 mm, diametro interno 43 mm, larghezza bobina 27 mm.<\/p>\n<\/div>","protected":false},"excerpt":{"rendered":"<p>l&#8217;FTW Special One Reel \u00e8 il fiore all&#8217;occhiello dei mulinelli large arbour in commercio ed \u00e8 l&#8217;utlimo design prodotto. Questo mulinello \u00e8 tornito da un pezzo pieno di alluminio 6061.Cuscinetti di precisione su un albero in lega di cromo permette un recupero molto fluido e preciso.La frizione in sughero Delrin fornisce il controllo per l&#8217;utilizzo [&hellip;]<\/p>\n","protected":false},"featured_media":30243,"comment_status":"open","ping_status":"closed","template":"","meta":[],"product_brand":[],"product_cat":[3829,3835,3831],"product_tag":[5605],"class_list":{"0":"post-30242","1":"product","2":"type-product","3":"status-publish","4":"has-post-thumbnail","6":"product_cat-canne-mulinelli","7":"product_cat-flytiersworld-mulinelli","8":"product_cat-mulinelli","9":"product_tag-ftw-special-one-reel","10":"pa_brand-flytiersworld","11":"pa_versioni-mulinelli-rr-23","12":"pa_versioni-mulinelli-rr-spool-23","14":"first","15":"instock","16":"shipping-taxable","17":"purchasable","18":"product-type-variable"},"_links":{"self":[{"href":"https:\/\/www.flytiersworld.it\/en\/wp-json\/wp\/v2\/product\/30242","targetHints":{"allow":["GET"]}}],"collection":[{"href":"https:\/\/www.flytiersworld.it\/en\/wp-json\/wp\/v2\/product"}],"about":[{"href":"https:\/\/www.flytiersworld.it\/en\/wp-json\/wp\/v2\/types\/product"}],"replies":[{"embeddable":true,"href":"https:\/\/www.flytiersworld.it\/en\/wp-json\/wp\/v2\/comments?post=30242"}],"wp:featuredmedia":[{"embeddable":true,"href":"https:\/\/www.flytiersworld.it\/en\/wp-json\/wp\/v2\/media\/30243"}],"wp:attachment":[{"href":"https:\/\/www.flytiersworld.it\/en\/wp-json\/wp\/v2\/media?parent=30242"}],"wp:term":[{"taxonomy":"product_brand","embeddable":true,"href":"https:\/\/www.flytiersworld.it\/en\/wp-json\/wp\/v2\/product_brand?post=30242"},{"taxonomy":"product_cat","embeddable":true,"href":"https:\/\/www.flytiersworld.it\/en\/wp-json\/wp\/v2\/product_cat?post=30242"},{"taxonomy":"product_tag","embeddable":true,"href":"https:\/\/www.flytiersworld.it\/en\/wp-json\/wp\/v2\/product_tag?post=30242"}],"curies":[{"name":"wp","href":"https:\/\/api.w.org\/{rel}","templated":true}]}}