{"id":30160,"date":"2013-03-04T15:12:35","date_gmt":"2013-03-04T15:12:35","guid":{"rendered":"http:\/\/www.flytiersworld.it\/?product=ftw-river-reel"},"modified":"2026-01-19T10:01:32","modified_gmt":"2026-01-19T10:01:32","slug":"ftw-river-reel","status":"publish","type":"product","link":"https:\/\/www.flytiersworld.it\/en\/shop\/canne-mulinelli\/mulinelli\/flytiersworld-mulinelli\/ftw-river-reel\/","title":{"rendered":"FTW RIVER REEL"},"content":{"rendered":"<div>l&#8217;FTW River Reel \u00e8 il fiore all&#8217;occhiello dei mulinelli large arbour in commercio ed \u00e8 l&#8217;ultimo design prodotto. Questo mulinello \u00e8 tornito da un pezzo pieno di alluminio 6061.<\/div>\n<div>Precision bearings on a chrome alloy shaft allow very smooth and precise recovery.<\/div>\n<div>La frizione in sughero Delrin fornisce il controllo per l&#8217;utilizzo anche dei tippet pi\u00f9 sottili dando la massima sicurezza quando ne avete bisogno durante il combattimento con una grossa preda!<\/div>\n<div>Il colore rosso della frizione conferisce al mulinello un aspetto molto accattivante che, anche se non vi far\u00e0 catturare pi\u00f9 pesci, dar\u00e0 un tocco di classe alla vostra attrezzatura.<\/div>\n<div><\/div>\n<div>RR # 3\/5 \u00a0: Peso 135 gr, Diametro 83 mm, diametro interno 62 mm, larghezza bobina 27 mm.<\/div>\n<div><\/div>\n<div><\/div>","protected":false},"excerpt":{"rendered":"<p>l&#8217;FTW River Reel \u00e8 il fiore all&#8217;occhiello dei mulinelli large arbour in commercio ed \u00e8 l&#8217;ultimo design prodotto. Questo mulinello \u00e8 tornito da un pezzo pieno di alluminio 6061. Cuscinetti di precisione su un albero in lega di cromo permette un recupero molto fluido e preciso. La frizione in sughero Delrin fornisce il controllo per [&hellip;]<\/p>\n","protected":false},"featured_media":30161,"comment_status":"open","ping_status":"closed","template":"","meta":[],"product_brand":[],"product_cat":[3829,3835,3831],"product_tag":[5563],"class_list":{"0":"post-30160","1":"product","2":"type-product","3":"status-publish","4":"has-post-thumbnail","6":"product_cat-canne-mulinelli","7":"product_cat-flytiersworld-mulinelli","8":"product_cat-mulinelli","9":"product_tag-ftw-river-reel-pesca-a-mosca","10":"pa_brand-flytiersworld","11":"pa_versioni-mulinelli-rr-35","12":"pa_versioni-mulinelli-rr-spool-35","14":"first","15":"outofstock","16":"shipping-taxable","17":"purchasable","18":"product-type-variable"},"_links":{"self":[{"href":"https:\/\/www.flytiersworld.it\/en\/wp-json\/wp\/v2\/product\/30160","targetHints":{"allow":["GET"]}}],"collection":[{"href":"https:\/\/www.flytiersworld.it\/en\/wp-json\/wp\/v2\/product"}],"about":[{"href":"https:\/\/www.flytiersworld.it\/en\/wp-json\/wp\/v2\/types\/product"}],"replies":[{"embeddable":true,"href":"https:\/\/www.flytiersworld.it\/en\/wp-json\/wp\/v2\/comments?post=30160"}],"wp:featuredmedia":[{"embeddable":true,"href":"https:\/\/www.flytiersworld.it\/en\/wp-json\/wp\/v2\/media\/30161"}],"wp:attachment":[{"href":"https:\/\/www.flytiersworld.it\/en\/wp-json\/wp\/v2\/media?parent=30160"}],"wp:term":[{"taxonomy":"product_brand","embeddable":true,"href":"https:\/\/www.flytiersworld.it\/en\/wp-json\/wp\/v2\/product_brand?post=30160"},{"taxonomy":"product_cat","embeddable":true,"href":"https:\/\/www.flytiersworld.it\/en\/wp-json\/wp\/v2\/product_cat?post=30160"},{"taxonomy":"product_tag","embeddable":true,"href":"https:\/\/www.flytiersworld.it\/en\/wp-json\/wp\/v2\/product_tag?post=30160"}],"curies":[{"name":"wp","href":"https:\/\/api.w.org\/{rel}","templated":true}]}}