{"id":30020,"date":"2012-12-21T17:09:33","date_gmt":"2012-12-21T17:09:33","guid":{"rendered":"http:\/\/www.flytiersworld.it\/?product=dohiku-hooks-hdg-611"},"modified":"2026-04-07T16:34:50","modified_gmt":"2026-04-07T16:34:50","slug":"dohiku-hooks-hdg-611","status":"publish","type":"product","link":"https:\/\/www.flytiersworld.it\/en\/shop\/costruzione\/prodotti-per-la-costruzione\/ami\/ami-trota-temolo\/dohiku-hooks-hdg-611\/","title":{"rendered":"DOHIKU HOOKS HDG 611"},"content":{"rendered":"<p>Uno dei migliori ami barb less attualmente in commercio scelti e disegnati dal campione del mondo individuale Iain Barr per i suoi successi a livello internazionale e per i vostri. La massima resistenza anche per grosse prede garantisce il massimo della sicurezza in fase di combattimento. Questa \u00e8 una nuovissima serie voluta per completare la gamma di questi stupendi ami. La punta dell&#8217;amo \u00e8 leggermente ricurva per ottenere il massimo della penetrabilit\u00e0 nell&#8217;apparato boccale del pesce.<\/p>","protected":false},"excerpt":{"rendered":"<p>Uno dei migliori ami barb less attualmente in commercio scelti e disegnati dal campione del mondo individuale Iain Barr per i suoi successi a livello internazionale e per i vostri. La massima resistenza anche per grosse prede garantisce il massimo della sicurezza in fase di combattimento. Questa \u00e8 una nuovissima serie voluta per completare la [&hellip;]<\/p>\n","protected":false},"featured_media":30021,"comment_status":"open","ping_status":"closed","template":"","meta":[],"product_brand":[],"product_cat":[3724,3715,3741],"product_tag":[5515,3924],"class_list":{"0":"post-30020","1":"product","2":"type-product","3":"status-publish","4":"has-post-thumbnail","6":"product_cat-ami","7":"product_cat-prodotti-per-la-costruzione","8":"product_cat-ami-trota-temolo","9":"product_tag-dohiku-hooks-hdg-611","10":"product_tag-pesca-a-mosca","11":"pa_brand-dohiku","12":"pa_misure-ami-4996","13":"pa_misure-ami-4988","14":"pa_misure-ami-4989","15":"pa_misure-ami-4994","16":"pa_misure-ami-4993","18":"first","19":"instock","20":"shipping-taxable","21":"purchasable","22":"product-type-variable"},"_links":{"self":[{"href":"https:\/\/www.flytiersworld.it\/en\/wp-json\/wp\/v2\/product\/30020","targetHints":{"allow":["GET"]}}],"collection":[{"href":"https:\/\/www.flytiersworld.it\/en\/wp-json\/wp\/v2\/product"}],"about":[{"href":"https:\/\/www.flytiersworld.it\/en\/wp-json\/wp\/v2\/types\/product"}],"replies":[{"embeddable":true,"href":"https:\/\/www.flytiersworld.it\/en\/wp-json\/wp\/v2\/comments?post=30020"}],"wp:featuredmedia":[{"embeddable":true,"href":"https:\/\/www.flytiersworld.it\/en\/wp-json\/wp\/v2\/media\/30021"}],"wp:attachment":[{"href":"https:\/\/www.flytiersworld.it\/en\/wp-json\/wp\/v2\/media?parent=30020"}],"wp:term":[{"taxonomy":"product_brand","embeddable":true,"href":"https:\/\/www.flytiersworld.it\/en\/wp-json\/wp\/v2\/product_brand?post=30020"},{"taxonomy":"product_cat","embeddable":true,"href":"https:\/\/www.flytiersworld.it\/en\/wp-json\/wp\/v2\/product_cat?post=30020"},{"taxonomy":"product_tag","embeddable":true,"href":"https:\/\/www.flytiersworld.it\/en\/wp-json\/wp\/v2\/product_tag?post=30020"}],"curies":[{"name":"wp","href":"https:\/\/api.w.org\/{rel}","templated":true}]}}